{"id":14753,"date":"2025-01-06T10:45:55","date_gmt":"2025-01-06T08:45:55","guid":{"rendered":"https:\/\/helensjoholm.nu\/_eng\/?page_id=14753"},"modified":"2025-01-06T10:48:44","modified_gmt":"2025-01-06T08:48:44","slug":"rim-i-juli-lyrics","status":"publish","type":"page","link":"https:\/\/helensjoholm.nu\/_eng\/albums-2021-and-forward\/vals-i-april-sanger-av-olle-adolphson-album\/rim-i-juli-lyrics\/","title":{"rendered":"Rim i juli"},"content":{"rendered":"<p><strong>Music &amp; lyrics:<\/strong>&nbsp;Olle Adolphson<\/p>\n<p>Solen lyser och molnen g\u00e5r<br \/>\nVinden tar i tr\u00e4den<br \/>\nTr\u00e4den bugar, grinden sl\u00e5r<br \/>\nSkuggor far p\u00e5 heden<br \/>\nTiden rusar, livet flyr<br \/>\nLivet i sin sommar<br \/>\nDet st\u00e5r en man i skogens bryn<br \/>\nOch v\u00e4ntar att jag kommer<\/p>\n<p>Sol och bl\u00e5st och snabba moln<br \/>\nLjus som j\u00e4mt f\u00f6rvandlas<br \/>\nN\u00e5gon ropar l\u00e5ngt ifr\u00e5n<br \/>\nSommarns dagar samlas<br \/>\nRopet kv\u00e4vs i vindens brus<br \/>\nI vinden bor det vrede<br \/>\nOro vankar kring mitt hus<br \/>\nI vreden bor det gl\u00e4dje<\/p>\n<p>Vr\u00e5ken seglar kring himlens rund<br \/>\nHan skriar och han klagar<br \/>\nVila har jag varje stund<br \/>\nOro alla dagar<br \/>\nTr\u00e4den bugar och molnen far<br \/>\nOch skuggan ljuset jagar<br \/>\nOch duvan ropar och g\u00f6ken gal<br \/>\nL\u00e5ngt in i julis dagar<\/p>\n<p>Tiden rusar, livet flyr<br \/>\nLivet i sin sommar<br \/>\nDet st\u00e5r en man i skogens bryn<br \/>\nOch v\u00e4ntar att jag kommer<\/p>\n<p><a title=\"Vals i april \u2013 S\u00e5nger av Olle Adolphson\" href=\"https:\/\/helensjoholm.nu\/_eng\/albums-2021-and-forward\/vals-i-april-sanger-av-olle-adolphson-album\/\">Back<\/a><\/p>\n","protected":false},"excerpt":{"rendered":"<p>Music &amp; lyrics:&nbsp;Olle Adolphson Solen lyser och molnen g\u00e5r Vinden tar i tr\u00e4den Tr\u00e4den bugar, grinden sl\u00e5r Skuggor far p\u00e5 heden Tiden rusar, livet flyr <a class=\"more-link\" href=\"https:\/\/helensjoholm.nu\/_eng\/albums-2021-and-forward\/vals-i-april-sanger-av-olle-adolphson-album\/rim-i-juli-lyrics\/\">Read More &#8230;<\/a><\/p>\n","protected":false},"author":1,"featured_media":0,"parent":14093,"menu_order":0,"comment_status":"closed","ping_status":"closed","template":"","meta":{"ngg_post_thumbnail":0,"footnotes":""},"class_list":["post-14753","page","type-page","status-publish","hentry"],"aioseo_notices":[],"_links":{"self":[{"href":"https:\/\/helensjoholm.nu\/_eng\/wp-json\/wp\/v2\/pages\/14753","targetHints":{"allow":["GET"]}}],"collection":[{"href":"https:\/\/helensjoholm.nu\/_eng\/wp-json\/wp\/v2\/pages"}],"about":[{"href":"https:\/\/helensjoholm.nu\/_eng\/wp-json\/wp\/v2\/types\/page"}],"author":[{"embeddable":true,"href":"https:\/\/helensjoholm.nu\/_eng\/wp-json\/wp\/v2\/users\/1"}],"replies":[{"embeddable":true,"href":"https:\/\/helensjoholm.nu\/_eng\/wp-json\/wp\/v2\/comments?post=14753"}],"version-history":[{"count":1,"href":"https:\/\/helensjoholm.nu\/_eng\/wp-json\/wp\/v2\/pages\/14753\/revisions"}],"predecessor-version":[{"id":14754,"href":"https:\/\/helensjoholm.nu\/_eng\/wp-json\/wp\/v2\/pages\/14753\/revisions\/14754"}],"up":[{"embeddable":true,"href":"https:\/\/helensjoholm.nu\/_eng\/wp-json\/wp\/v2\/pages\/14093"}],"wp:attachment":[{"href":"https:\/\/helensjoholm.nu\/_eng\/wp-json\/wp\/v2\/media?parent=14753"}],"curies":[{"name":"wp","href":"https:\/\/api.w.org\/{rel}","templated":true}]}}