{"id":14744,"date":"2025-01-06T10:11:52","date_gmt":"2025-01-06T08:11:52","guid":{"rendered":"https:\/\/helensjoholm.nu\/_eng\/?page_id=14744"},"modified":"2025-01-06T10:12:34","modified_gmt":"2025-01-06T08:12:34","slug":"siv-och-gunne-lyrics","status":"publish","type":"page","link":"https:\/\/helensjoholm.nu\/_eng\/albums-2021-and-forward\/vals-i-april-sanger-av-olle-adolphson-album\/siv-och-gunne-lyrics\/","title":{"rendered":"Siv och Gunne"},"content":{"rendered":"<p><strong>Music &amp; lyrics:<\/strong> Olle Adolphson<\/p>\n<p>Nyss s\u00e5 var det sommarkv\u00e4ll<br \/>\nSommarnatt kom sedan<br \/>\nSolen vaknar r\u00f6d och sn\u00e4ll<br \/>\nDet \u00e4r morgon redan<br \/>\nOch i tusen f\u00f6nsters rad<br \/>\nI en hyreshusfasad<br \/>\nHar just tusen eldar t\u00e4nts<br \/>\nUtom ett som st\u00e5r p\u00e5 gl\u00e4nt<br \/>\nD\u00e4r bor Siv och Gunne<br \/>\nNu g\u00f6r de en unge<\/p>\n<p>H\u00f6gt mot himlen klar och bl\u00e5<br \/>\nSl\u00e5r en trast sin lyra<br \/>\nTunnelbanan b\u00f6rjar g\u00e5<br \/>\nNu slog klockan fyra<br \/>\nIngenting d\u00e4r utanf\u00f6r<br \/>\nSiv och hennes Gunne st\u00f6r<br \/>\nSivan \u00e4lskar lugn och trygg<br \/>\nFoten \u00f6ver Gunnes rygg<br \/>\nFina Siv och Gunne<br \/>\nNu g\u00f6r de en unge<\/p>\n<p>Siv har b\u00e4ddat s\u00e4ngen fin<br \/>\nRena vita lakan<br \/>\nP\u00e5 ett bord st\u00e5r frukt och vin<br \/>\nTro om det ska smaka<br \/>\nVinden vid gardinen r\u00f6r<br \/>\nM\u00e5sar seglar utanf\u00f6r<br \/>\nDu, var vallmo g\u00e5r i dans<br \/>\nI ett land l\u00e5ngt bort n\u00e5nstans<br \/>\nDansar Siv och Gunne<br \/>\nNu g\u00f6r de en unge<\/p>\n<p><a title=\"Vals i april \u2013 S\u00e5nger av Olle Adolphson\" href=\"https:\/\/helensjoholm.nu\/_eng\/albums-2021-and-forward\/vals-i-april-sanger-av-olle-adolphson-album\/\">Back<\/a><\/p>\n","protected":false},"excerpt":{"rendered":"<p>Music &amp; lyrics: Olle Adolphson Nyss s\u00e5 var det sommarkv\u00e4ll Sommarnatt kom sedan Solen vaknar r\u00f6d och sn\u00e4ll Det \u00e4r morgon redan Och i tusen <a class=\"more-link\" href=\"https:\/\/helensjoholm.nu\/_eng\/albums-2021-and-forward\/vals-i-april-sanger-av-olle-adolphson-album\/siv-och-gunne-lyrics\/\">Read More &#8230;<\/a><\/p>\n","protected":false},"author":1,"featured_media":0,"parent":14093,"menu_order":0,"comment_status":"closed","ping_status":"closed","template":"","meta":{"ngg_post_thumbnail":0,"footnotes":""},"class_list":["post-14744","page","type-page","status-publish","hentry"],"aioseo_notices":[],"_links":{"self":[{"href":"https:\/\/helensjoholm.nu\/_eng\/wp-json\/wp\/v2\/pages\/14744","targetHints":{"allow":["GET"]}}],"collection":[{"href":"https:\/\/helensjoholm.nu\/_eng\/wp-json\/wp\/v2\/pages"}],"about":[{"href":"https:\/\/helensjoholm.nu\/_eng\/wp-json\/wp\/v2\/types\/page"}],"author":[{"embeddable":true,"href":"https:\/\/helensjoholm.nu\/_eng\/wp-json\/wp\/v2\/users\/1"}],"replies":[{"embeddable":true,"href":"https:\/\/helensjoholm.nu\/_eng\/wp-json\/wp\/v2\/comments?post=14744"}],"version-history":[{"count":2,"href":"https:\/\/helensjoholm.nu\/_eng\/wp-json\/wp\/v2\/pages\/14744\/revisions"}],"predecessor-version":[{"id":14746,"href":"https:\/\/helensjoholm.nu\/_eng\/wp-json\/wp\/v2\/pages\/14744\/revisions\/14746"}],"up":[{"embeddable":true,"href":"https:\/\/helensjoholm.nu\/_eng\/wp-json\/wp\/v2\/pages\/14093"}],"wp:attachment":[{"href":"https:\/\/helensjoholm.nu\/_eng\/wp-json\/wp\/v2\/media?parent=14744"}],"curies":[{"name":"wp","href":"https:\/\/api.w.org\/{rel}","templated":true}]}}