{"id":14729,"date":"2025-01-05T19:30:50","date_gmt":"2025-01-05T17:30:50","guid":{"rendered":"https:\/\/helensjoholm.nu\/_eng\/?page_id=14729"},"modified":"2025-01-05T19:41:03","modified_gmt":"2025-01-05T17:41:03","slug":"reviews-2024","status":"publish","type":"page","link":"https:\/\/helensjoholm.nu\/_eng\/press-clips\/reviews-2024\/","title":{"rendered":"Reviews 2024"},"content":{"rendered":"<table style=\"height: 44px;\" border=\"1\" cellspacing=\"3\" cellpadding=\"3\">\n<tbody>\n<tr>\n<td><strong>241209<\/strong><\/td>\n<td><a title=\"Helen Sj\u00f6holm and Anna Stadling delivered Christmas spirit in J\u00e4rvs\u00f6\" href=\"https:\/\/helensjoholm.nu\/_eng\/press-clips\/reviews-2024\/helen-sjoholm-and-anna-stadling-delivered-christmas-spirit-in-jarvso\/\">Ljusdals-Posten \u2013 Helen Sj\u00f6holm and Anna Stadling delivered Christmas spirit in J\u00e4rvs\u00f6<\/a><\/td>\n<\/tr>\n<\/tbody>\n<\/table>\n<hr>\n<p><a title=\"Press clips\" href=\"https:\/\/helensjoholm.nu\/_eng\/press-clips\/\">Back<\/a><\/p>\n","protected":false},"excerpt":{"rendered":"<p>241209 Ljusdals-Posten \u2013 Helen Sj\u00f6holm and Anna Stadling delivered Christmas spirit in J\u00e4rvs\u00f6 Back<\/p>\n","protected":false},"author":1,"featured_media":0,"parent":152,"menu_order":0,"comment_status":"closed","ping_status":"closed","template":"","meta":{"ngg_post_thumbnail":0,"footnotes":""},"class_list":["post-14729","page","type-page","status-publish","hentry"],"aioseo_notices":[],"_links":{"self":[{"href":"https:\/\/helensjoholm.nu\/_eng\/wp-json\/wp\/v2\/pages\/14729","targetHints":{"allow":["GET"]}}],"collection":[{"href":"https:\/\/helensjoholm.nu\/_eng\/wp-json\/wp\/v2\/pages"}],"about":[{"href":"https:\/\/helensjoholm.nu\/_eng\/wp-json\/wp\/v2\/types\/page"}],"author":[{"embeddable":true,"href":"https:\/\/helensjoholm.nu\/_eng\/wp-json\/wp\/v2\/users\/1"}],"replies":[{"embeddable":true,"href":"https:\/\/helensjoholm.nu\/_eng\/wp-json\/wp\/v2\/comments?post=14729"}],"version-history":[{"count":3,"href":"https:\/\/helensjoholm.nu\/_eng\/wp-json\/wp\/v2\/pages\/14729\/revisions"}],"predecessor-version":[{"id":14736,"href":"https:\/\/helensjoholm.nu\/_eng\/wp-json\/wp\/v2\/pages\/14729\/revisions\/14736"}],"up":[{"embeddable":true,"href":"https:\/\/helensjoholm.nu\/_eng\/wp-json\/wp\/v2\/pages\/152"}],"wp:attachment":[{"href":"https:\/\/helensjoholm.nu\/_eng\/wp-json\/wp\/v2\/media?parent=14729"}],"curies":[{"name":"wp","href":"https:\/\/api.w.org\/{rel}","templated":true}]}}