{"id":14649,"date":"2024-12-29T09:39:30","date_gmt":"2024-12-29T07:39:30","guid":{"rendered":"https:\/\/helensjoholm.nu\/_eng\/?page_id=14649"},"modified":"2024-12-29T09:41:00","modified_gmt":"2024-12-29T07:41:00","slug":"poor-little-rich-girl-lyrics","status":"publish","type":"page","link":"https:\/\/helensjoholm.nu\/_eng\/albums-2021-and-forward\/anglagard-house-of-angels-album\/poor-little-rich-girl-lyrics\/","title":{"rendered":"Poor little rich girl"},"content":{"rendered":"<p><strong>Music &amp; lyrics:<\/strong> Fredrik Kempe<\/p>\n<p><strong>Zac<\/strong><br \/>\nJag skulle ocks\u00e5 vilja sk\u00e5la, f\u00f6r en magnifik bitch. What a show. What a show. Du \u00e4r otroligt trov\u00e4rdig i den h\u00e4r nya rollen. Det \u00e4r n\u00e4stan skr\u00e4mmande.<\/p>\n<p><strong>Fanny<\/strong><br \/>\nMen f\u00f6lj efter dom d\u00e5 om det inte passar. Jag m\u00e5r b\u00e4ttre \u00e4n jag har gjort p\u00e5 l\u00e4nge.<\/p>\n<p><strong>Zac<\/strong><br \/>\nJa jag ser det. Du har ju f\u00e5tt allt. Men \u00e4nd\u00e5 inget.<\/p>\n<p><strong>Fanny<\/strong><br \/>\nJag har f\u00e5tt precis vad jag f\u00f6rtj\u00e4nar.<\/p>\n<p>My poor little rich girl, poor little rich girl<br \/>\nDrick upp ditt vin<br \/>\nMed fickorna fulla med pengar och guld<br \/>\nS\u00e5 blev du ett svin<br \/>\nNya v\u00e4gar f\u00f6rf\u00f6r<br \/>\nAutre temps, autre moeurs<br \/>\nSlicka upp och sparka ner<br \/>\nVi var lek, vi var kitsch<br \/>\nSedan blev du en perfekt bitch<\/p>\n<p><strong>Zac<\/strong><br \/>\nS\u00e5 l\u00e4nge jag kan minnas s\u00e5 har du funnits d\u00e4r vid min sida. Lyft mig och \u00e4lskat mig n\u00e4r v\u00e4rlden varit emot mig. Jag kallade dig \u201dMa petite soeur\u201d f\u00f6r du var min Edith Piaf. Den f\u00f6r\u00e4ldral\u00f6sa flickan som aldrig slutade tro att k\u00e4rleken \u00f6vervinner allt. Vad h\u00e4nde med henne? just nu \u00e4lskar du ingen annan mer \u00e4n du \u00e4lskar dig sj\u00e4lv. Och du njuter av att som alltid vara i centrum, men den h\u00e4r g\u00e5ngen till vilket pris som helst.<\/p>\n<p>My poor little rich girl, poor little rich girl<br \/>\nQui ne risque rien n\u2019a rien<br \/>\nDu riskerade allt och ditt hj\u00e4rta blev kallt<br \/>\nJe t\u2019aime de tour mon coeur<br \/>\nTu es l\u2019amour de ma vie, l\u2019amour de ma vie<br \/>\nTu es ma joie de vivre<br \/>\nVarje natt var det s\u00e5<br \/>\nDet var du, det var jag,<br \/>\nVi tv\u00e5<\/p>\n<p><strong>Zac<\/strong><br \/>\nSer du kvinnan i spegeln? Uppfylld av den makt som du tycker att du har f\u00e5tt, s\u00e5 sl\u00e5r du pl\u00f6tsligt ned\u00e5t. F\u00f6rnedrar bara f\u00f6r att du kan. Du \u00e4r omgiven av ett hov som \u00e4ter ur din hand. Och \u00e4nd\u00e5 har du aldrig k\u00e4nts mera ensam.<br \/>\nMa soeur a disparu. Min syster har f\u00f6rsvunnit.<\/p>\n<p>My poor little rich girl, poor little rich girl<br \/>\nVem \u00e4r du nu<br \/>\nDu kom och du s\u00e5g och segrade men<br \/>\nSen slets du itu<br \/>\nNu vill du ha mer<br \/>\nTu en veux encore<br \/>\nSlicka upp och sparka ner<br \/>\nVi var lek, vi var kitsch<br \/>\nSedan blev du en perfekt bitch<br \/>\nVi var lek, vi var kitsch<br \/>\nSedan blev du en perfekt bitch<\/p>\n<p><strong>Fanny<\/strong><br \/>\nVad fan Zac. Det \u00e4r inte alls s\u00e5 jag har menat det.<\/p>\n<p><strong>Zac<\/strong><br \/>\nShe seeks him here, she seeks him there. She seeks her father everywhere.<\/p>\n<p><em>\u00a9 2024 Playground Music Scandinavia AB<\/em><\/p>\n<p><a title=\"\u00c4nglag\u00e5rd (House of Angels)\" href=\"https:\/\/helensjoholm.nu\/_eng\/albums-2021-and-forward\/anglagard-house-of-angels-album\/\">Back<\/a><\/p>\n","protected":false},"excerpt":{"rendered":"<p>Music &amp; lyrics: Fredrik Kempe Zac Jag skulle ocks\u00e5 vilja sk\u00e5la, f\u00f6r en magnifik bitch. What a show. What a show. Du \u00e4r otroligt trov\u00e4rdig <a class=\"more-link\" href=\"https:\/\/helensjoholm.nu\/_eng\/albums-2021-and-forward\/anglagard-house-of-angels-album\/poor-little-rich-girl-lyrics\/\">Read More &#8230;<\/a><\/p>\n","protected":false},"author":1,"featured_media":0,"parent":14134,"menu_order":0,"comment_status":"closed","ping_status":"closed","template":"","meta":{"ngg_post_thumbnail":0,"footnotes":""},"class_list":["post-14649","page","type-page","status-publish","hentry"],"aioseo_notices":[],"_links":{"self":[{"href":"https:\/\/helensjoholm.nu\/_eng\/wp-json\/wp\/v2\/pages\/14649","targetHints":{"allow":["GET"]}}],"collection":[{"href":"https:\/\/helensjoholm.nu\/_eng\/wp-json\/wp\/v2\/pages"}],"about":[{"href":"https:\/\/helensjoholm.nu\/_eng\/wp-json\/wp\/v2\/types\/page"}],"author":[{"embeddable":true,"href":"https:\/\/helensjoholm.nu\/_eng\/wp-json\/wp\/v2\/users\/1"}],"replies":[{"embeddable":true,"href":"https:\/\/helensjoholm.nu\/_eng\/wp-json\/wp\/v2\/comments?post=14649"}],"version-history":[{"count":1,"href":"https:\/\/helensjoholm.nu\/_eng\/wp-json\/wp\/v2\/pages\/14649\/revisions"}],"predecessor-version":[{"id":14650,"href":"https:\/\/helensjoholm.nu\/_eng\/wp-json\/wp\/v2\/pages\/14649\/revisions\/14650"}],"up":[{"embeddable":true,"href":"https:\/\/helensjoholm.nu\/_eng\/wp-json\/wp\/v2\/pages\/14134"}],"wp:attachment":[{"href":"https:\/\/helensjoholm.nu\/_eng\/wp-json\/wp\/v2\/media?parent=14649"}],"curies":[{"name":"wp","href":"https:\/\/api.w.org\/{rel}","templated":true}]}}