{"id":14646,"date":"2024-12-29T09:27:29","date_gmt":"2024-12-29T07:27:29","guid":{"rendered":"https:\/\/helensjoholm.nu\/_eng\/?page_id=14646"},"modified":"2024-12-29T11:31:43","modified_gmt":"2024-12-29T09:31:43","slug":"kott-och-blod-lyrics","status":"publish","type":"page","link":"https:\/\/helensjoholm.nu\/_eng\/albums-2021-and-forward\/anglagard-house-of-angels-album\/kott-och-blod-lyrics\/","title":{"rendered":"K\u00f6tt och blod"},"content":{"rendered":"<p><strong>Music &amp; lyrics:<\/strong> Fredrik Kempe<\/p>\n<p><strong>Rut<\/strong><br \/>\nH\u00f6rru du, ska ber\u00e4tta en sak f\u00f6r dig<br \/>\nDu kommer hit fr\u00e5n storstan och tror att du \u00e4r n\u00e5gonting<br \/>\nDu har ingenting h\u00e4r att g\u00f6ra<br \/>\nIngenting \u00f6verhuvudtaget<br \/>\nMen ta bort det d\u00e4r flinet fr\u00e5n ansiket<br \/>\nDu tror att du \u00e4r n\u00e5gonting men d\u00e5 ska jag<br \/>\nber\u00e4tta en sak f\u00f6r dig att i den h\u00e4r byn h\u00e5ller vi ihop<br \/>\nF\u00f6rst\u00e5r du det?<br \/>\nVi har h\u00e5llit ihop i m\u00e5nga generationer<br \/>\noch vi kommer forts\u00e4tta att g\u00f6ra det<br \/>\nF\u00f6rst\u00e5r du det?<br \/>\nDet \u00e4r det vi g\u00f6r i den h\u00e4r byn<\/p>\n<p>Titta, h\u00e4r \u00e4r m\u00e4nskorna<br \/>\nSom smutsat ner v\u00e5r lilla by<br \/>\nMed strumpeband och string<br \/>\n\u00c4nglag\u00e5rd ska bli bordell<br \/>\nOch f\u00f6rst i k\u00f6n \u00e4r gubbarna<br \/>\nSom tagit av sin vigselring<\/p>\n<p>Allting faller om ni stannar kvar<br \/>\nH\u00e4r i byn s\u00e5 h\u00e5ller vi ihop<br \/>\nDet svenskaste av Sverige<br \/>\nMot en invandrad ormgrop<\/p>\n<p>Vi \u00e4r m\u00e4nskor av k\u00f6tt och blod<br \/>\nNi beter er som gudar<br \/>\nS\u00e4g nu varf\u00f6r har ni kommit hit<br \/>\nVem tror ni att ni lurar<br \/>\nTa ert smutsiga pick och pack<br \/>\nN\u00e4r ni reser fr\u00e5n \u00c4nglag\u00e5rd<br \/>\nVi \u00e4r m\u00e4nskor av k\u00f6tt och blod<br \/>\nEran tid \u00e4r nu \u00f6ver<\/p>\n<p><strong>Rut<\/strong><br \/>\nF\u00f6rst\u00e5r du det<br \/>\nOch ni ska ha n\u00e5n j\u00e4vla bordell<br \/>\nDe har ju korsett h\u00e4r och allting<br \/>\nOch sedan knark, det har jag nog sett p\u00e5 TV m\u00e5 du tro<br \/>\nDet \u00e4r hela det h\u00e4r g\u00e4nget, knarklangare och pedofiler<\/p>\n<p><strong>Fanny<\/strong><br \/>\nVad fan st\u00e5r du och s\u00e4ger<\/p>\n<p><strong>Rut<\/strong><br \/>\nDet \u00e4r ju bara invandrare hela bunten<\/p>\n<p><strong>Fanny<\/strong><br \/>\nDu kan h\u00e5lla k\u00e4ften nu<\/p>\n<p><strong>Rut<\/strong><br \/>\nOm du tittar<\/p>\n<p><strong>Fanny<\/strong><br \/>\nDet r\u00e4cker, h\u00e5ll k\u00e4ften sa jag<\/p>\n<p><strong>Rut<\/strong><br \/>\nJag h\u00e5ller inte k\u00e4ften f\u00f6r dig, din lilla slampa<\/p>\n<p>Om du tittar lite djupare<br \/>\nS\u00e5 ser du att vi inte \u00e4r s\u00e5 annorlunda er<br \/>\nHar det uppst\u00e5ttt syrebrist som gjort att vettet<br \/>\nHar f\u00f6rsvunnit och du ingenting kan se<\/p>\n<p>Alla m\u00e4nskor har en historik<br \/>\nStrider som har skapat \u00e4rr<br \/>\nDenna insikt verkar du sakna, tyv\u00e4rr<\/p>\n<p>Vi \u00e4r m\u00e4nskor av k\u00f6tt och blod<br \/>\nNi har inget att s\u00f6rja<br \/>\nDet var livet som f\u00f6rde oss hit<br \/>\nVi har inget att d\u00f6lja<br \/>\nOm du d\u00f6mer mig d\u00f6mer jag dig<br \/>\nVi \u00e4r inte s\u00e5 olika<br \/>\nF\u00f6r som m\u00e4nskor av k\u00f6tt och blod<br \/>\n\u00c4r vi alla unika<\/p>\n<p>K\u00f6tt och blod<br \/>\nK\u00f6tt, k\u00f6tt och blod<br \/>\nK\u00f6tt och blod<br \/>\nK\u00f6tt, k\u00f6tt och blod<br \/>\nK\u00f6tt och blod<br \/>\nK\u00f6tt, k\u00f6tt, k\u00f6tt<br \/>\nK\u00f6tt och blod<br \/>\nK\u00f6tt och blod<br \/>\nK\u00f6tt och blod<\/p>\n<p><strong>Rut<\/strong><br \/>\nM\u00e5rten?!<\/p>\n<p><strong>M\u00e5rten<\/strong><br \/>\nMamma?<\/p>\n<p><strong>Fanny<\/strong><br \/>\n\u00c4r det d\u00e4r din mamma? Ja d\u00e5 f\u00f6rst\u00e5r jag varf\u00f6r du vill fly hemifr\u00e5n.<\/p>\n<p><strong>Eva<\/strong><br \/>\nM\u00e5rten kom hit! \u00c4lskling kom?<\/p>\n<p><strong>Fanny<\/strong><br \/>\n\u00c4lskling? Intrigen t\u00e4tnar. Vem ska han v\u00e4lja? Meine Damen und Herren, ladies and gentlemen. I den ena ringh\u00f6rnan s\u00e5 har vi Fanny, exotisk nattklubbss\u00e5ngerska, nybliven miljon\u00e4r, \u00e4lskad, \u00e5tr\u00e5dd. Och i den andra ringh\u00f6rnan har vi Eva. Hon har ocks\u00e5 mycket att erbjuda. Vad s\u00e4gs om leverpastej till halva priset?<\/p>\n<p>Vi \u00e4r m\u00e4nskor av k\u00f6tt och blod<br \/>\nVarf\u00f6r \u00e4r ni s\u00e5 r\u00e4dda<br \/>\nAllting \u00e4ndrar sig fr\u00e5n och med nu<br \/>\nNi f\u00e5r vara beredda<br \/>\nOm du d\u00f6mer mig d\u00f6mer jag dig<br \/>\nVi \u00e4r inte s\u00e5 olika<br \/>\nF\u00f6r som m\u00e4nskor av k\u00f6tt och blod<br \/>\n\u00c4r vi alla unika<\/p>\n<p><strong>Rut<\/strong><br \/>\nM\u00e5 \u00c4nglag\u00e5rd brinna i helvetet!<\/p>\n<p><strong>M\u00e5rten<\/strong><br \/>\nDet d\u00e4r menar du inte mamma<\/p>\n<p><strong>Rut<\/strong><br \/>\nJo, det g\u00f6r jag<\/p>\n<p>L\u00e5t det brinna<br \/>\nBli till aska<br \/>\nAllt blir b\u00e4ttre<br \/>\nUtan \u00c4nglag\u00e5rd<\/p>\n<p><em>\u00a9 2024 Playground Music Scandinavia AB<\/em><\/p>\n<p><a title=\"\u00c4nglag\u00e5rd (House of Angels)\" href=\"https:\/\/helensjoholm.nu\/_eng\/albums-2021-and-forward\/anglagard-house-of-angels-album\/\">Back<\/a><\/p>\n","protected":false},"excerpt":{"rendered":"<p>Music &amp; lyrics: Fredrik Kempe Rut H\u00f6rru du, ska ber\u00e4tta en sak f\u00f6r dig Du kommer hit fr\u00e5n storstan och tror att du \u00e4r n\u00e5gonting <a class=\"more-link\" href=\"https:\/\/helensjoholm.nu\/_eng\/albums-2021-and-forward\/anglagard-house-of-angels-album\/kott-och-blod-lyrics\/\">Read More &#8230;<\/a><\/p>\n","protected":false},"author":1,"featured_media":0,"parent":14134,"menu_order":0,"comment_status":"closed","ping_status":"closed","template":"","meta":{"ngg_post_thumbnail":0,"footnotes":""},"class_list":["post-14646","page","type-page","status-publish","hentry"],"aioseo_notices":[],"_links":{"self":[{"href":"https:\/\/helensjoholm.nu\/_eng\/wp-json\/wp\/v2\/pages\/14646","targetHints":{"allow":["GET"]}}],"collection":[{"href":"https:\/\/helensjoholm.nu\/_eng\/wp-json\/wp\/v2\/pages"}],"about":[{"href":"https:\/\/helensjoholm.nu\/_eng\/wp-json\/wp\/v2\/types\/page"}],"author":[{"embeddable":true,"href":"https:\/\/helensjoholm.nu\/_eng\/wp-json\/wp\/v2\/users\/1"}],"replies":[{"embeddable":true,"href":"https:\/\/helensjoholm.nu\/_eng\/wp-json\/wp\/v2\/comments?post=14646"}],"version-history":[{"count":2,"href":"https:\/\/helensjoholm.nu\/_eng\/wp-json\/wp\/v2\/pages\/14646\/revisions"}],"predecessor-version":[{"id":14671,"href":"https:\/\/helensjoholm.nu\/_eng\/wp-json\/wp\/v2\/pages\/14646\/revisions\/14671"}],"up":[{"embeddable":true,"href":"https:\/\/helensjoholm.nu\/_eng\/wp-json\/wp\/v2\/pages\/14134"}],"wp:attachment":[{"href":"https:\/\/helensjoholm.nu\/_eng\/wp-json\/wp\/v2\/media?parent=14646"}],"curies":[{"name":"wp","href":"https:\/\/api.w.org\/{rel}","templated":true}]}}