{"id":14643,"date":"2024-12-29T09:16:05","date_gmt":"2024-12-29T07:16:05","guid":{"rendered":"https:\/\/helensjoholm.nu\/_eng\/?page_id=14643"},"modified":"2024-12-29T09:18:39","modified_gmt":"2024-12-29T07:18:39","slug":"min-plats-i-solen-lyrics","status":"publish","type":"page","link":"https:\/\/helensjoholm.nu\/_eng\/albums-2021-and-forward\/anglagard-house-of-angels-album\/min-plats-i-solen-lyrics\/","title":{"rendered":"Min plats i solen"},"content":{"rendered":"<p><strong>Music &amp; lyrics:<\/strong> Fredrik Kempe<\/p>\n<p><strong>Rut<br \/>\n<\/strong>Ingen luft i mina lungor<br \/>\nBlodet i min kropp \u00e4r syrefattigt bl\u00e5tt<br \/>\nVarje steg k\u00e4nns som det sista<br \/>\nKan jag n\u00e5nsin sona mina brott<\/p>\n<p>Skulden tynger mina axlar<br \/>\nN\u00e4r och hur blev jag s\u00e5 r\u00e4dd och k\u00e4nslokall<br \/>\nAllt som jag f\u00f6rnekat andra<br \/>\nSka jag ge tillbaka tusenfalt<\/p>\n<p>Enkelt vill jag leva livet<br \/>\nTacksam f\u00f6r den som jag blivit<br \/>\nV\u00e5ga st\u00e5 f\u00f6r mina misstag<br \/>\nVara sann med den jag \u00e4r<br \/>\nOm jag v\u00e5gar s\u00e4ga orden<br \/>\nHittar jag min v\u00e4g, min plats i solen<\/p>\n<p>T\u00e4njer varje m\u00f6jlig urs\u00e4kt<br \/>\nSuddar ut den gr\u00e4ns som skiljer r\u00e4tt mot fel<br \/>\nJag vill ta mig till den platsen<br \/>\nSom g\u00f6r varje liten m\u00e4nska hel<\/p>\n<p>Enkelt vill jag leva livet<br \/>\nTacksam f\u00f6r hur allting blivit<br \/>\nOm jag tar det stora klivet<br \/>\nF\u00e5r jag d\u00e5 tillbaka livet<br \/>\nOm jag v\u00e5gar s\u00e4ga orden<br \/>\nHittar jag min v\u00e4g, min plats i solen<\/p>\n<p>Jag m\u00e5ste b\u00f6rja leva<br \/>\nM\u00e5ste vara den som jag \u00e4r<br \/>\nFr\u00e5n tomrummets kval<br \/>\nS\u00e5 f\u00f6ds nu den dag<br \/>\nN\u00e4r jag f\u00e5r vara jag<\/p>\n<p>Jag ska \u00f6ppna alla d\u00f6rrar<br \/>\nSe hur ljuset str\u00f6mmar in<br \/>\nAldrig mer ska r\u00e4dslan styra<br \/>\nBort fr\u00e5n v\u00e4gen som \u00e4r min<br \/>\nJag ska v\u00e5ga s\u00e4ga orden<br \/>\nJag ska ta mig till min plats i solen<\/p>\n<p><em>\u00a9 2024 Playground Music Scandinavia AB<\/em><\/p>\n<p><a title=\"\u00c4nglag\u00e5rd (House of Angels)\" href=\"https:\/\/helensjoholm.nu\/_eng\/albums-2021-and-forward\/anglagard-house-of-angels-album\/\">Back<\/a><\/p>\n","protected":false},"excerpt":{"rendered":"<p>Music &amp; lyrics: Fredrik Kempe Rut Ingen luft i mina lungor Blodet i min kropp \u00e4r syrefattigt bl\u00e5tt Varje steg k\u00e4nns som det sista Kan <a class=\"more-link\" href=\"https:\/\/helensjoholm.nu\/_eng\/albums-2021-and-forward\/anglagard-house-of-angels-album\/min-plats-i-solen-lyrics\/\">Read More &#8230;<\/a><\/p>\n","protected":false},"author":1,"featured_media":0,"parent":14134,"menu_order":0,"comment_status":"closed","ping_status":"closed","template":"","meta":{"ngg_post_thumbnail":0,"footnotes":""},"class_list":["post-14643","page","type-page","status-publish","hentry"],"aioseo_notices":[],"_links":{"self":[{"href":"https:\/\/helensjoholm.nu\/_eng\/wp-json\/wp\/v2\/pages\/14643","targetHints":{"allow":["GET"]}}],"collection":[{"href":"https:\/\/helensjoholm.nu\/_eng\/wp-json\/wp\/v2\/pages"}],"about":[{"href":"https:\/\/helensjoholm.nu\/_eng\/wp-json\/wp\/v2\/types\/page"}],"author":[{"embeddable":true,"href":"https:\/\/helensjoholm.nu\/_eng\/wp-json\/wp\/v2\/users\/1"}],"replies":[{"embeddable":true,"href":"https:\/\/helensjoholm.nu\/_eng\/wp-json\/wp\/v2\/comments?post=14643"}],"version-history":[{"count":1,"href":"https:\/\/helensjoholm.nu\/_eng\/wp-json\/wp\/v2\/pages\/14643\/revisions"}],"predecessor-version":[{"id":14644,"href":"https:\/\/helensjoholm.nu\/_eng\/wp-json\/wp\/v2\/pages\/14643\/revisions\/14644"}],"up":[{"embeddable":true,"href":"https:\/\/helensjoholm.nu\/_eng\/wp-json\/wp\/v2\/pages\/14134"}],"wp:attachment":[{"href":"https:\/\/helensjoholm.nu\/_eng\/wp-json\/wp\/v2\/media?parent=14643"}],"curies":[{"name":"wp","href":"https:\/\/api.w.org\/{rel}","templated":true}]}}