{"id":14639,"date":"2024-12-29T09:05:57","date_gmt":"2024-12-29T07:05:57","guid":{"rendered":"https:\/\/helensjoholm.nu\/_eng\/?page_id=14639"},"modified":"2024-12-29T09:12:25","modified_gmt":"2024-12-29T07:12:25","slug":"jag-ar-jag-lyrics","status":"publish","type":"page","link":"https:\/\/helensjoholm.nu\/_eng\/albums-2021-and-forward\/anglagard-house-of-angels-album\/jag-ar-jag-lyrics\/","title":{"rendered":"Jag \u00e4r jag"},"content":{"rendered":"<p><strong>Music &amp; lyrics:<\/strong> Fredrik Kempe<\/p>\n<p>\u00d6gon som tittar fram bakom husens<br \/>\nF\u00f6rdragna persienner<br \/>\nKommer dom n\u00e5nsin se vem jag \u00e4r<br \/>\nDen som dom underk\u00e4nner<\/p>\n<p>Kvinnan i spegeln m\u00f6ter min blick<br \/>\nSe allt det som \u00e4r fel<br \/>\nHur ska jag klara kraven som st\u00e4lls och<br \/>\nUndvika deras spel<\/p>\n<p>Jag \u00e4r jag<br \/>\nJag \u00e4r jag<br \/>\nF\u00f6r jag har inget annat val<br \/>\nH\u00e4r ska jag stanna kvar<br \/>\nJag \u00e4r jag \u00e4r jag \u00e4r jag<\/p>\n<p>Kvinnan i spegeln d\u00f6mer sig sj\u00e4lv<br \/>\nKnyter sin egen snara<br \/>\nV\u00e4n och f\u00f6rsiktig<br \/>\nSmal runt sin midja<br \/>\nHon vet hur hon borde vara<\/p>\n<p>Jag t\u00e4nker p\u00e5 dem som fanns p\u00e5 v\u00e5r jord<br \/>\nSom levde f\u00f6r l\u00e4ngesen<br \/>\nT\u00e4nker p\u00e5 mor som r\u00e4ttade in sig<br \/>\nF\u00f6r alla starka m\u00e4n<\/p>\n<p>Jag \u00e4r jag<br \/>\nJag \u00e4r jag<br \/>\nF\u00f6r jag har inget annat val<br \/>\nH\u00e4r ska jag stanna kvar<br \/>\nJag \u00e4r jag \u00e4r jag \u00e4r jag<br \/>\nJag \u00e4r jag \u00e4r jag \u00e4r jag<\/p>\n<p>P\u00e5 samma g\u00e5ng s\u00e5 \u00e4r hon stark och svag<br \/>\nNu \u00e4r det bara hon och jag<br \/>\nVi m\u00f6ter h\u00e5rda ord med sanningen<br \/>\nF\u00f6r jag \u00e4r jag \u00e4r jag \u00e4r jag<\/p>\n<p>Att alltid g\u00f6ra r\u00e4tt, aldrig fel \u00e4r<br \/>\nMer \u00e4n vad jag f\u00f6rm\u00e5r<br \/>\nKvinnan i spegeln torkar en t\u00e5r<br \/>\nN\u00e4r ingen tittar p\u00e5<\/p>\n<p>Jag \u00e4r jag<br \/>\nJag \u00e4r jag<br \/>\nF\u00f6r jag har inget annat val<br \/>\nH\u00e4r ska jag stanna kvar<br \/>\nJag \u00e4r jag<br \/>\nJag \u00e4r jag<br \/>\nJag \u00e4r jag<br \/>\nF\u00f6r jag har inget annat val<br \/>\nH\u00e4r ska jag stanna kvar<br \/>\nJag \u00e4r jag \u00e4r jag \u00e4r jag<br \/>\nJag \u00e4r jag \u00e4r jag \u00e4r jag<br \/>\n\u00c4r jag<\/p>\n<p><em>\u00a9 2024 Playground Music Scandinavia AB<\/em><\/p>\n<p><a title=\"\u00c4nglag\u00e5rd (House of Angels)\" href=\"https:\/\/helensjoholm.nu\/_eng\/albums-2021-and-forward\/anglagard-house-of-angels-album\/\">Back<\/a><\/p>\n","protected":false},"excerpt":{"rendered":"<p>Music &amp; lyrics: Fredrik Kempe \u00d6gon som tittar fram bakom husens F\u00f6rdragna persienner Kommer dom n\u00e5nsin se vem jag \u00e4r Den som dom underk\u00e4nner Kvinnan <a class=\"more-link\" href=\"https:\/\/helensjoholm.nu\/_eng\/albums-2021-and-forward\/anglagard-house-of-angels-album\/jag-ar-jag-lyrics\/\">Read More &#8230;<\/a><\/p>\n","protected":false},"author":1,"featured_media":0,"parent":14134,"menu_order":0,"comment_status":"closed","ping_status":"closed","template":"","meta":{"ngg_post_thumbnail":0,"footnotes":""},"class_list":["post-14639","page","type-page","status-publish","hentry"],"aioseo_notices":[],"_links":{"self":[{"href":"https:\/\/helensjoholm.nu\/_eng\/wp-json\/wp\/v2\/pages\/14639","targetHints":{"allow":["GET"]}}],"collection":[{"href":"https:\/\/helensjoholm.nu\/_eng\/wp-json\/wp\/v2\/pages"}],"about":[{"href":"https:\/\/helensjoholm.nu\/_eng\/wp-json\/wp\/v2\/types\/page"}],"author":[{"embeddable":true,"href":"https:\/\/helensjoholm.nu\/_eng\/wp-json\/wp\/v2\/users\/1"}],"replies":[{"embeddable":true,"href":"https:\/\/helensjoholm.nu\/_eng\/wp-json\/wp\/v2\/comments?post=14639"}],"version-history":[{"count":1,"href":"https:\/\/helensjoholm.nu\/_eng\/wp-json\/wp\/v2\/pages\/14639\/revisions"}],"predecessor-version":[{"id":14640,"href":"https:\/\/helensjoholm.nu\/_eng\/wp-json\/wp\/v2\/pages\/14639\/revisions\/14640"}],"up":[{"embeddable":true,"href":"https:\/\/helensjoholm.nu\/_eng\/wp-json\/wp\/v2\/pages\/14134"}],"wp:attachment":[{"href":"https:\/\/helensjoholm.nu\/_eng\/wp-json\/wp\/v2\/media?parent=14639"}],"curies":[{"name":"wp","href":"https:\/\/api.w.org\/{rel}","templated":true}]}}