{"id":14634,"date":"2024-12-29T09:02:18","date_gmt":"2024-12-29T07:02:18","guid":{"rendered":"https:\/\/helensjoholm.nu\/_eng\/?page_id=14634"},"modified":"2024-12-29T09:02:18","modified_gmt":"2024-12-29T07:02:18","slug":"leva-min-drom-lyrics","status":"publish","type":"page","link":"https:\/\/helensjoholm.nu\/_eng\/albums-2021-and-forward\/anglagard-house-of-angels-album\/leva-min-drom-lyrics\/","title":{"rendered":"Leva min dr\u00f6m"},"content":{"rendered":"<p><strong>Music &amp; lyrics:<\/strong> Fredrik Kempe<\/p>\n<p>N\u00e4r man \u00e4r ung s\u00e5 ska man g\u00f6ra<br \/>\nSom mamma och pappa vill<br \/>\nMan f\u00e5r ett manus<br \/>\nSom man l\u00e4r sig utantill<br \/>\nTill slut f\u00e5r man sv\u00e5rt att andas<br \/>\nTill slut sl\u00e5r ditt hj\u00e4rta tungt<br \/>\nOch till slut st\u00e5r du vid en v\u00e4ndpunkt<\/p>\n<p>N\u00e4r f\u00e5r jag leva<br \/>\nN\u00e4r f\u00e5r jag dr\u00f6mma<br \/>\nOm jag ska gl\u00f6mma vem jag \u00e4r<br \/>\nVill inte f\u00f6lja n\u00e5n<br \/>\nVill va mig sj\u00e4lv n\u00e5n g\u00e5ng<br \/>\nN\u00e4r f\u00e5r jag v\u00e4lja<br \/>\nN\u00e4r f\u00e5r jag leva min dr\u00f6m<\/p>\n<p>Trodde att alla f\u00e5r en chans<br \/>\nAtt leva sitt eget liv<br \/>\nAtt man f\u00e5r skriva det egna livets ledmotiv<br \/>\nNu st\u00e5r jag vid ett v\u00e4gsk\u00e4l<br \/>\nOch jag har en liten chans<br \/>\nAtt f\u00e5 leva mitt liv n\u00e5n annanstans<\/p>\n<p>N\u00e4r f\u00e5r jag leva<br \/>\nN\u00e4r f\u00e5r jag dr\u00f6mma<br \/>\nOm jag ska gl\u00f6mma vem jag \u00e4r<br \/>\nVill inte f\u00f6lja n\u00e5n<br \/>\nVill va mig sj\u00e4lv n\u00e5n g\u00e5ng<br \/>\nN\u00e4r f\u00e5r jag v\u00e4lja<br \/>\nN\u00e4r f\u00e5r jag leva min dr\u00f6m<\/p>\n<p>Jag vill ha ett annat liv \u00e4n det jag har just nu<br \/>\nJag vill bara f\u00e5 en chans<\/p>\n<p>N\u00e4r f\u00e5r jag leva<br \/>\nN\u00e4r f\u00e5r jag dr\u00f6mma<br \/>\nOm jag ska gl\u00f6mma vem jag \u00e4r<br \/>\nVill inte f\u00f6lja n\u00e5n<br \/>\nVill va mig sj\u00e4lv n\u00e5n g\u00e5ng<br \/>\nN\u00e4r f\u00e5r jag v\u00e4lja<br \/>\nN\u00e4r f\u00e5r jag leva min dr\u00f6m<\/p>\n<p><em>\u00a9 2024 Playground Music Scandinavia AB<\/em><\/p>\n<p><a title=\"\u00c4nglag\u00e5rd (House of Angels)\" href=\"https:\/\/helensjoholm.nu\/_eng\/albums-2021-and-forward\/anglagard-house-of-angels-album\/\">Back<\/a><\/p>\n","protected":false},"excerpt":{"rendered":"<p>Music &amp; lyrics: Fredrik Kempe N\u00e4r man \u00e4r ung s\u00e5 ska man g\u00f6ra Som mamma och pappa vill Man f\u00e5r ett manus Som man l\u00e4r <a class=\"more-link\" href=\"https:\/\/helensjoholm.nu\/_eng\/albums-2021-and-forward\/anglagard-house-of-angels-album\/leva-min-drom-lyrics\/\">Read More &#8230;<\/a><\/p>\n","protected":false},"author":1,"featured_media":0,"parent":14134,"menu_order":0,"comment_status":"closed","ping_status":"closed","template":"","meta":{"ngg_post_thumbnail":0,"footnotes":""},"class_list":["post-14634","page","type-page","status-publish","hentry"],"aioseo_notices":[],"_links":{"self":[{"href":"https:\/\/helensjoholm.nu\/_eng\/wp-json\/wp\/v2\/pages\/14634","targetHints":{"allow":["GET"]}}],"collection":[{"href":"https:\/\/helensjoholm.nu\/_eng\/wp-json\/wp\/v2\/pages"}],"about":[{"href":"https:\/\/helensjoholm.nu\/_eng\/wp-json\/wp\/v2\/types\/page"}],"author":[{"embeddable":true,"href":"https:\/\/helensjoholm.nu\/_eng\/wp-json\/wp\/v2\/users\/1"}],"replies":[{"embeddable":true,"href":"https:\/\/helensjoholm.nu\/_eng\/wp-json\/wp\/v2\/comments?post=14634"}],"version-history":[{"count":1,"href":"https:\/\/helensjoholm.nu\/_eng\/wp-json\/wp\/v2\/pages\/14634\/revisions"}],"predecessor-version":[{"id":14635,"href":"https:\/\/helensjoholm.nu\/_eng\/wp-json\/wp\/v2\/pages\/14634\/revisions\/14635"}],"up":[{"embeddable":true,"href":"https:\/\/helensjoholm.nu\/_eng\/wp-json\/wp\/v2\/pages\/14134"}],"wp:attachment":[{"href":"https:\/\/helensjoholm.nu\/_eng\/wp-json\/wp\/v2\/media?parent=14634"}],"curies":[{"name":"wp","href":"https:\/\/api.w.org\/{rel}","templated":true}]}}