{"id":14617,"date":"2024-12-28T17:53:13","date_gmt":"2024-12-28T15:53:13","guid":{"rendered":"https:\/\/helensjoholm.nu\/_eng\/?page_id=14617"},"modified":"2024-12-28T18:01:19","modified_gmt":"2024-12-28T16:01:19","slug":"sticka-sticka-lyrics","status":"publish","type":"page","link":"https:\/\/helensjoholm.nu\/_eng\/albums-2021-and-forward\/anglagard-house-of-angels-album\/sticka-sticka-lyrics\/","title":{"rendered":"Sticka, sticka"},"content":{"rendered":"<p><strong>Music &amp; lyrics:<\/strong> Fredrik Kempe<\/p>\n<p><strong>Rut med flera<\/strong><br \/>\nHur ska man kunna sova n\u00e4r man vet<br \/>\nVad som h\u00e4nder p\u00e5 \u00c4nglag\u00e5rd<br \/>\nInte har hon vett att va diskret<br \/>\nHon sl\u00e5r alla rekord<\/p>\n<p>Likadant med M\u00e5rten, det blev napp<br \/>\nN\u00e4r hon tindra med \u00f6gonen<br \/>\nHan dreglade och tindrade ikapp<br \/>\nHon f\u00f6rf\u00f6r alla m\u00e4n<\/p>\n<p>Sticka, sticka bort allt som k\u00e4nns fel<br \/>\nSticka, sticka bort din l\u00e4ngtan efter mer<br \/>\nAnv\u00e4nd garn och tr\u00e5d av livets ull<br \/>\nSticka f\u00f6r din egen skull<br \/>\nGl\u00f6m alla sorger och besv\u00e4r<br \/>\nKnyppla bort din synd och virka bort beg\u00e4r<br \/>\nH\u00e4r kan man skvallra bort sin tid<br \/>\nOch smutta p\u00e5 en droppe frid<br \/>\nSystrarna som stickar ger mig st\u00f6d<br \/>\nSticka, sticka bort all n\u00f6d<\/p>\n<p>V\u00e4rlden utanf\u00f6r den \u00e4ndras snabbt<br \/>\nInget \u00e4r som det var i fjol<br \/>\nG\u00e5 p\u00e5 damerans, som man, g\u00e5r fint<br \/>\nBara du b\u00e4r en kjol<\/p>\n<p>\u00c5h min son han \u00e4r en sv\u00e4rmorsdr\u00f6m<br \/>\nHan kan sy och knyta makram\u00e9<br \/>\nFlickorna de kommer st\u00e5 i k\u00f6<br \/>\nBara v\u00e4nta och se&#8230;<br \/>\nDet \u00e4r v\u00e4l inget konstigt med det<\/p>\n<p>Sticka, sticka bort allt som k\u00e4nns fel<br \/>\nSticka, sticka bort din l\u00e4ngtan efter mer<br \/>\nAnv\u00e4nd garn och tr\u00e5d av livets ull<br \/>\nSticka f\u00f6r din egen skull<br \/>\nSyndare dom ska h\u00e5llas kort<br \/>\nFikusar och fr\u00e4cka fredag m\u00e5ste bort<br \/>\nH\u00e4r kan man skvallra bort sin tid<br \/>\nOch smutta p\u00e5 en droppe frid<br \/>\nSystrarna som stickar ger mig st\u00f6d<br \/>\nSticka, sticka bort all n\u00f6d<\/p>\n<p>Vandringsv\u00e4gens alla frestelser<br \/>\nHar f\u00f6rkolnat den flickans sj\u00e4l<br \/>\nSkuggorna blir l\u00e4ngre f\u00f6r var dag<br \/>\nInte slutar det v\u00e4l<\/p>\n<p>Sticka, sticka bort allt som k\u00e4nns fel<br \/>\nSticka, sticka bort din l\u00e4ngtan efter mer<br \/>\nAnv\u00e4nd garn och tr\u00e5d av livets ull<br \/>\nSticka f\u00f6r din egen skull<br \/>\nTr\u00f6ttnar du p\u00e5 din \u00e4kta man<br \/>\nOch vill prova p\u00e5 vad granng\u00e5rdsgubben kan<br \/>\nTa dina stickor och ditt garn<br \/>\nVar n\u00f6jd med livets grottekvarn<\/p>\n<p>Sticka, sticka bort allt som k\u00e4nns fel<br \/>\nSticka, sticka bort din l\u00e4ngtan efter mer<br \/>\nAnv\u00e4nd garn och tr\u00e5d av livets ull<br \/>\nSticka f\u00f6r din egen skull!<\/p>\n<p><em>\u00a9 2024 Playground Music Scandinavia AB<\/em><\/p>\n<p><a title=\"\u00c4nglag\u00e5rd (House of Angels)\" href=\"https:\/\/helensjoholm.nu\/_eng\/albums-2021-and-forward\/anglagard-house-of-angels-album\/\">Back<\/a><\/p>\n","protected":false},"excerpt":{"rendered":"<p>Music &amp; lyrics: Fredrik Kempe Rut med flera Hur ska man kunna sova n\u00e4r man vet Vad som h\u00e4nder p\u00e5 \u00c4nglag\u00e5rd Inte har hon vett <a class=\"more-link\" href=\"https:\/\/helensjoholm.nu\/_eng\/albums-2021-and-forward\/anglagard-house-of-angels-album\/sticka-sticka-lyrics\/\">Read More &#8230;<\/a><\/p>\n","protected":false},"author":1,"featured_media":0,"parent":14134,"menu_order":0,"comment_status":"closed","ping_status":"closed","template":"","meta":{"ngg_post_thumbnail":0,"footnotes":""},"class_list":["post-14617","page","type-page","status-publish","hentry"],"aioseo_notices":[],"_links":{"self":[{"href":"https:\/\/helensjoholm.nu\/_eng\/wp-json\/wp\/v2\/pages\/14617","targetHints":{"allow":["GET"]}}],"collection":[{"href":"https:\/\/helensjoholm.nu\/_eng\/wp-json\/wp\/v2\/pages"}],"about":[{"href":"https:\/\/helensjoholm.nu\/_eng\/wp-json\/wp\/v2\/types\/page"}],"author":[{"embeddable":true,"href":"https:\/\/helensjoholm.nu\/_eng\/wp-json\/wp\/v2\/users\/1"}],"replies":[{"embeddable":true,"href":"https:\/\/helensjoholm.nu\/_eng\/wp-json\/wp\/v2\/comments?post=14617"}],"version-history":[{"count":1,"href":"https:\/\/helensjoholm.nu\/_eng\/wp-json\/wp\/v2\/pages\/14617\/revisions"}],"predecessor-version":[{"id":14618,"href":"https:\/\/helensjoholm.nu\/_eng\/wp-json\/wp\/v2\/pages\/14617\/revisions\/14618"}],"up":[{"embeddable":true,"href":"https:\/\/helensjoholm.nu\/_eng\/wp-json\/wp\/v2\/pages\/14134"}],"wp:attachment":[{"href":"https:\/\/helensjoholm.nu\/_eng\/wp-json\/wp\/v2\/media?parent=14617"}],"curies":[{"name":"wp","href":"https:\/\/api.w.org\/{rel}","templated":true}]}}