{"id":14611,"date":"2024-12-28T17:38:24","date_gmt":"2024-12-28T15:38:24","guid":{"rendered":"https:\/\/helensjoholm.nu\/_eng\/?page_id=14611"},"modified":"2024-12-28T17:39:37","modified_gmt":"2024-12-28T15:39:37","slug":"barnet-som-forsvann-lyrics","status":"publish","type":"page","link":"https:\/\/helensjoholm.nu\/_eng\/albums-2021-and-forward\/anglagard-house-of-angels-album\/barnet-som-forsvann-lyrics\/","title":{"rendered":"Barnet som f\u00f6rsvann"},"content":{"rendered":"<p><strong>Music &amp; lyrics:<\/strong>&nbsp;Fredrik Kempe<\/p>\n<p>Det enda jag f\u00e5tt med mig<br \/>\nFr\u00e5n n\u00e4r jag var ett barn<br \/>\n\u00c4r en bild p\u00e5 mig och mamma<br \/>\nDet \u00e4r allt jag har<br \/>\nH\u00e4r finns hundra bilder<br \/>\nP\u00e5 hela min familj<br \/>\nAtt finnas h\u00e4r bredvid dem<br \/>\nDet \u00e4r allt jag vill<br \/>\nSom om jag aldrig existerat<br \/>\nAldrig n\u00e5nsin funnits<br \/>\nJag var bara barnet som f\u00f6rsvann<br \/>\nIngen mor och ingen far<br \/>\nBara fr\u00e5gor, inga svar<br \/>\nF\u00f6r ingen minns det lilla barnet<br \/>\nSom f\u00f6rsvann<\/p>\n<p>Jag dr\u00f6mde om en pappa<br \/>\nFr\u00e5n Gr\u00f6na \u00c4ngars \u00f6<br \/>\nSom fanns d\u00e4r vid min sida<br \/>\nSom aldrig sa adj\u00f6<br \/>\nJag gick d\u00e4r vid hans sida<br \/>\nOch sen n\u00e4r vi kom hem<br \/>\nS\u00e5 fanns det mat p\u00e5 bordet<br \/>\nOch en egen s\u00e4ng<br \/>\nJag ville leka som ett barn ska<br \/>\nHelt utan n\u00e5gon oro<br \/>\nMen jag var bara barnet som f\u00f6rsvann<br \/>\nIngen mor och ingen far<br \/>\nBara fr\u00e5gor, inga svar<br \/>\nF\u00f6r ingen minns det lilla barnet<br \/>\nSom f\u00f6rsvann<\/p>\n<p>T\u00e4nk om allt f\u00f6r\u00e4ndras h\u00e4r<br \/>\nDen lilla flickan f\u00e5r sitt hem<br \/>\nJag har inte svaret \u00e4n<br \/>\nMen ett helt l\u00e5ngt liv att ta igen<\/p>\n<p>Jag var bara barnet som f\u00f6rsvann<br \/>\nIngen mor och ingen far<br \/>\nBara fr\u00e5gor, inga svar<br \/>\nF\u00f6r ingen minns det lilla barnet som f\u00f6rsvann<\/p>\n<p>Nej ingen minns den lilla flickan<br \/>\nMinns det lilla barnet<br \/>\nSom f\u00f6rsvann<\/p>\n<p><a title=\"\u00c4nglag\u00e5rd (House of Angels)\" href=\"https:\/\/helensjoholm.nu\/_eng\/albums-2021-and-forward\/anglagard-house-of-angels-album\/\">Back<\/a><\/p>\n","protected":false},"excerpt":{"rendered":"<p>Music &amp; lyrics:&nbsp;Fredrik Kempe Det enda jag f\u00e5tt med mig Fr\u00e5n n\u00e4r jag var ett barn \u00c4r en bild p\u00e5 mig och mamma Det \u00e4r <a class=\"more-link\" href=\"https:\/\/helensjoholm.nu\/_eng\/albums-2021-and-forward\/anglagard-house-of-angels-album\/barnet-som-forsvann-lyrics\/\">Read More &#8230;<\/a><\/p>\n","protected":false},"author":1,"featured_media":0,"parent":14134,"menu_order":0,"comment_status":"closed","ping_status":"closed","template":"","meta":{"ngg_post_thumbnail":0,"footnotes":""},"class_list":["post-14611","page","type-page","status-publish","hentry"],"aioseo_notices":[],"_links":{"self":[{"href":"https:\/\/helensjoholm.nu\/_eng\/wp-json\/wp\/v2\/pages\/14611","targetHints":{"allow":["GET"]}}],"collection":[{"href":"https:\/\/helensjoholm.nu\/_eng\/wp-json\/wp\/v2\/pages"}],"about":[{"href":"https:\/\/helensjoholm.nu\/_eng\/wp-json\/wp\/v2\/types\/page"}],"author":[{"embeddable":true,"href":"https:\/\/helensjoholm.nu\/_eng\/wp-json\/wp\/v2\/users\/1"}],"replies":[{"embeddable":true,"href":"https:\/\/helensjoholm.nu\/_eng\/wp-json\/wp\/v2\/comments?post=14611"}],"version-history":[{"count":1,"href":"https:\/\/helensjoholm.nu\/_eng\/wp-json\/wp\/v2\/pages\/14611\/revisions"}],"predecessor-version":[{"id":14612,"href":"https:\/\/helensjoholm.nu\/_eng\/wp-json\/wp\/v2\/pages\/14611\/revisions\/14612"}],"up":[{"embeddable":true,"href":"https:\/\/helensjoholm.nu\/_eng\/wp-json\/wp\/v2\/pages\/14134"}],"wp:attachment":[{"href":"https:\/\/helensjoholm.nu\/_eng\/wp-json\/wp\/v2\/media?parent=14611"}],"curies":[{"name":"wp","href":"https:\/\/api.w.org\/{rel}","templated":true}]}}