{"id":14593,"date":"2024-12-28T17:05:25","date_gmt":"2024-12-28T15:05:25","guid":{"rendered":"https:\/\/helensjoholm.nu\/_eng\/?page_id=14593"},"modified":"2024-12-31T10:06:09","modified_gmt":"2024-12-31T08:06:09","slug":"upp-lyrics","status":"publish","type":"page","link":"https:\/\/helensjoholm.nu\/_eng\/albums-2021-and-forward\/anglagard-house-of-angels-album\/upp-lyrics\/","title":{"rendered":"Upp"},"content":{"rendered":"<p><strong>Music &amp; lyrics:<\/strong> Fredrik Kempe<\/p>\n<p>Upp bara upp<br \/>\nNer aldrig ner<br \/>\nBara upp upp upp aldrig ner<\/p>\n<p>Ja bara ja<br \/>\nNej aldrig nej<br \/>\nBara ja ja ja aldrig nej<\/p>\n<p>H\u00e4r \u00e4r vi sorgl\u00f6st dumma<br \/>\nF\u00f6r evigt unga<br \/>\nH\u00e4r \u00e4r champagnen alltid gratis<br \/>\nTorr och elegant<br \/>\nVi delar alla lika<br \/>\nOch lyckan \u00e4r konstant<\/p>\n<p>Upp bara upp<br \/>\nNer aldrig ner<br \/>\nBara upp upp upp aldrig<br \/>\nNer ner ner bara<br \/>\nUpp upp bara upp<br \/>\nSkratt bara skratt<br \/>\nGr\u00e5t aldrig gr\u00e5t<br \/>\nBara skratt skratt skratt aldrig gr\u00e5t<br \/>\n(Ha ha ha ha)<\/p>\n<p>Lust bara lust<br \/>\nN\u00f6d aldrig n\u00f6d<br \/>\nBara lust lust lust aldrig n\u00f6d<\/p>\n<p>En kvinna med mustach<br \/>\nEn man i kl\u00e4nning<br \/>\nH\u00e4r f\u00e5r man vara som man vill<br \/>\nAllt och lite till<br \/>\nS\u00e5 gl\u00f6m nu alla sorger<br \/>\nNu \u00e4r ni p\u00e5 kalas<\/p>\n<p>Skratt bara skratt<br \/>\nGr\u00e5t aldrig gr\u00e5t<br \/>\nBara skratt skratt skratt aldrig<br \/>\nGr\u00e5t gr\u00e5t bara skratt<\/p>\n<p>Ner ner ner ner ner ner ner ner<br \/>\nN\u00f6d n\u00f6d n\u00f6d n\u00f6d n\u00f6d n\u00f6d n\u00f6d n\u00f6d<br \/>\nGr\u00e5t gr\u00e5t gr\u00e5t gr\u00e5t gr\u00e5t gr\u00e5t gr\u00e5t gr\u00e5t<br \/>\nNej nej nej<br \/>\nUpp upp upp upp upp upp upp upp<br \/>\nSkratt skratt skratt skratt skratt skratt skratt skratt<br \/>\nLust lust lust lust lust lust lust lust<br \/>\nJa ja ja<\/p>\n<p>Varje morgon n\u00e4r du vaknar<br \/>\nMinns att alla f\u00f6ds vi nakna<br \/>\nVarje plagg<br \/>\nP\u00e5 din kropp<br \/>\n\u00c4r drag<\/p>\n<p>Upp bara upp<br \/>\nNer aldrig ner<br \/>\nBara upp upp upp<br \/>\nAldrig ner<br \/>\nAldrig ner ner ner bara upp<br \/>\nAldrig ner ner ner<br \/>\nBara upp<br \/>\nBara upp upp upp upp upp upp upp upp upp upp upp<br \/>\nBara upp<\/p>\n<p><em>\u00a9 2024 Playground Music Scandinavia AB<\/em><\/p>\n<p><a title=\"\u00c4nglag\u00e5rd (House of Angels)\" href=\"https:\/\/helensjoholm.nu\/_eng\/albums-2021-and-forward\/anglagard-house-of-angels-album\/\">Back<\/a><\/p>\n<\/div>\n","protected":false},"excerpt":{"rendered":"<p>Music &amp; lyrics: Fredrik Kempe Upp bara upp Ner aldrig ner Bara upp upp upp aldrig ner Ja bara ja Nej aldrig nej Bara ja <a class=\"more-link\" href=\"https:\/\/helensjoholm.nu\/_eng\/albums-2021-and-forward\/anglagard-house-of-angels-album\/upp-lyrics\/\">Read More &#8230;<\/a><\/p>\n","protected":false},"author":1,"featured_media":0,"parent":14134,"menu_order":0,"comment_status":"closed","ping_status":"closed","template":"","meta":{"ngg_post_thumbnail":0,"footnotes":""},"class_list":["post-14593","page","type-page","status-publish","hentry"],"aioseo_notices":[],"_links":{"self":[{"href":"https:\/\/helensjoholm.nu\/_eng\/wp-json\/wp\/v2\/pages\/14593","targetHints":{"allow":["GET"]}}],"collection":[{"href":"https:\/\/helensjoholm.nu\/_eng\/wp-json\/wp\/v2\/pages"}],"about":[{"href":"https:\/\/helensjoholm.nu\/_eng\/wp-json\/wp\/v2\/types\/page"}],"author":[{"embeddable":true,"href":"https:\/\/helensjoholm.nu\/_eng\/wp-json\/wp\/v2\/users\/1"}],"replies":[{"embeddable":true,"href":"https:\/\/helensjoholm.nu\/_eng\/wp-json\/wp\/v2\/comments?post=14593"}],"version-history":[{"count":4,"href":"https:\/\/helensjoholm.nu\/_eng\/wp-json\/wp\/v2\/pages\/14593\/revisions"}],"predecessor-version":[{"id":14672,"href":"https:\/\/helensjoholm.nu\/_eng\/wp-json\/wp\/v2\/pages\/14593\/revisions\/14672"}],"up":[{"embeddable":true,"href":"https:\/\/helensjoholm.nu\/_eng\/wp-json\/wp\/v2\/pages\/14134"}],"wp:attachment":[{"href":"https:\/\/helensjoholm.nu\/_eng\/wp-json\/wp\/v2\/media?parent=14593"}],"curies":[{"name":"wp","href":"https:\/\/api.w.org\/{rel}","templated":true}]}}