{"id":1422,"date":"2013-05-03T17:37:49","date_gmt":"2013-05-03T15:37:49","guid":{"rendered":"http:\/\/helensjoholm.nu\/_eng\/?page_id=1422"},"modified":"2022-03-13T16:19:21","modified_gmt":"2022-03-13T14:19:21","slug":"helen-sjoholm-brings-wadenius-and-ostergren-to-orust","status":"publish","type":"page","link":"https:\/\/helensjoholm.nu\/_eng\/press-clips\/various-2011\/helen-sjoholm-brings-wadenius-and-ostergren-to-orust\/","title":{"rendered":"Helen Sj\u00f6holm brings Wadenius and \u00d6stergren to Orust"},"content":{"rendered":"<p align=\"left\"><strong> Bohusl\u00e4nningen 110701<\/strong><\/p>\n<p align=\"left\">By: HANS LARSON<\/p>\n<p><strong>On Tuesday, Helen Sj\u00f6holm appeared with BAO in &#8220;Alls\u00e5ng p\u00e5 Skansen&#8221;. But apart from that the singer has a relatively quiet summer to look forward to, with only a few gigs. Among other things N\u00f6sund Inn this weekend, with George &#8220;Jojje&#8221; Wadenius and Martin \u00d6stergren. <\/strong><\/p>\n<p>Helen Sj\u00f6holm is primarily doing gigs with Benny Andersson Band (BAB) this summer. But when she visits N\u00f6sund Inn at Orust for concerts on Friday, Saturday and Sunday, she does it with two other skilled musicians, also instrument virtuosos; Jojje Wadenius and Martin \u00d6stergren. The trio has played together for nearly eleven years.<br \/>\n&#8211; Both are fantastic and have an incredible width. They are not so limited that they stick to one style, they can do just about anything. Jojje is magical. A real musician who\u2019s always in the middle of the music, praises Helen Sj\u00f6holm.<\/p>\n<p><strong>A glorious mix<br \/>\n<\/strong>That the trio ended up at the inn was pretty obvious. Helen Sj\u00f6holm says that they know the staff and that Jojje Wadenius is long time friend of restaurateur Dan Lind.<br \/>\n&#8211; It&#8217;s a nice place. I feel very comfortable with Jojje and Martin, so it feels relaxed to play with them for three days.<\/p>\n<p>The concerts will be a mix of songs. Some songs from the Helen Sj\u00f6holm&#8217;s latest album, in which she interprets Billy Joel, but also one of Jojje Wadenius children songs and some classics from Olle Adolphson.<\/p>\n<p><strong>On the silver screen<br \/>\n<\/strong>In the winter Helen Sj\u00f6holm is involved in the movie &#8220;Simon och ekarna&#8221; (Simon and the Oaks), directed by Lisa Ohlin. A context where perhaps you\u2019re not entirely used to seeing the singer.<br \/>\n&#8211; I&#8217;ve been on stage a lot, playing theatre, but not so much in movies. But I can still see some similarities with the music &#8211; it&#8217;s about to find focus in what you do and deal with what occurs in the moment.<\/p>\n<p>The filming, however, is finished quite a while ago and right now Helen Sj\u00f6holm take things slow for a bit.<br \/>\n&#8211; At the moment it doesn\u00b4t happen very much. But there will be a few gigs, it always feels nice in the summer.<\/p>\n<hr align=\"left\">\n<p><strong>Three of Helen&#8217;s holiday priorities:<br \/>\n<\/strong>&#8211; Go back to her childhood place Aln\u00f6n<br \/>\n&#8211; Read a lot of good books<br \/>\n&#8211; Eat summer food<\/p>\n<hr align=\"left\">\n<p><strong>Information about the gig:<br \/>\n<\/strong><strong>What:<\/strong> Helen Sj\u00f6holm, Jojje Wadenius and Martin \u00d6stergren<br \/>\n<strong>Where:<\/strong> N\u00f6sund Inn<br \/>\n<strong>When:<\/strong> Friday, July 1 to Sunday July 3<\/p>\n<hr align=\"left\">\n<p><a title=\"Various 2011\" href=\"https:\/\/helensjoholm.nu\/_eng\/press-clips\/various-2011\/\">Back<\/a><\/p>\n","protected":false},"excerpt":{"rendered":"<p>Bohusl\u00e4nningen 110701 By: HANS LARSON On Tuesday, Helen Sj\u00f6holm appeared with BAO in &#8220;Alls\u00e5ng p\u00e5 Skansen&#8221;. But apart from that the singer has a relatively <a class=\"more-link\" href=\"https:\/\/helensjoholm.nu\/_eng\/press-clips\/various-2011\/helen-sjoholm-brings-wadenius-and-ostergren-to-orust\/\">Read More &#8230;<\/a><\/p>\n","protected":false},"author":1,"featured_media":0,"parent":998,"menu_order":0,"comment_status":"closed","ping_status":"closed","template":"","meta":{"ngg_post_thumbnail":0,"footnotes":""},"class_list":["post-1422","page","type-page","status-publish","hentry"],"aioseo_notices":[],"_links":{"self":[{"href":"https:\/\/helensjoholm.nu\/_eng\/wp-json\/wp\/v2\/pages\/1422","targetHints":{"allow":["GET"]}}],"collection":[{"href":"https:\/\/helensjoholm.nu\/_eng\/wp-json\/wp\/v2\/pages"}],"about":[{"href":"https:\/\/helensjoholm.nu\/_eng\/wp-json\/wp\/v2\/types\/page"}],"author":[{"embeddable":true,"href":"https:\/\/helensjoholm.nu\/_eng\/wp-json\/wp\/v2\/users\/1"}],"replies":[{"embeddable":true,"href":"https:\/\/helensjoholm.nu\/_eng\/wp-json\/wp\/v2\/comments?post=1422"}],"version-history":[{"count":0,"href":"https:\/\/helensjoholm.nu\/_eng\/wp-json\/wp\/v2\/pages\/1422\/revisions"}],"up":[{"embeddable":true,"href":"https:\/\/helensjoholm.nu\/_eng\/wp-json\/wp\/v2\/pages\/998"}],"wp:attachment":[{"href":"https:\/\/helensjoholm.nu\/_eng\/wp-json\/wp\/v2\/media?parent=1422"}],"curies":[{"name":"wp","href":"https:\/\/api.w.org\/{rel}","templated":true}]}}