{"id":14134,"date":"2024-06-22T15:01:46","date_gmt":"2024-06-22T13:01:46","guid":{"rendered":"https:\/\/helensjoholm.nu\/_eng\/?page_id=14134"},"modified":"2024-12-29T11:34:53","modified_gmt":"2024-12-29T09:34:53","slug":"anglagard-house-of-angels-album","status":"publish","type":"page","link":"https:\/\/helensjoholm.nu\/_eng\/albums-2021-and-forward\/anglagard-house-of-angels-album\/","title":{"rendered":"\u00c4nglag\u00e5rd (House of Angels)"},"content":{"rendered":"<table style=\"height: 352px;\" border=\"0\" align=\"left\">\n<tbody>\n<tr style=\"height: 105px;\">\n<td style=\"width: 559px; height: 105px;\" valign=\"top\"><img loading=\"lazy\" decoding=\"async\" class=\"alignnone wp-image-18049 size-full\" title=\"The music from the musical House of Angels (2024)\" src=\"https:\/\/helensjoholm.nu\/_eng\/wp-content\/gallery\/discography-2021-and-forward\/album-anglagard-2024.jpg \" alt=\"Musiken fr\u00e5n musikalen \u00c4nglag\u00e5rd (2024)\" width=\"100\" height=\"100\"><\/td>\n<td style=\"width: 813px; height: 105px;\" valign=\"top\"><strong>MUSIKEN FR\u00c5N MUSIKALEN \u00c4NGLAG\u00c5RD<br \/>\n(The music from the musical House of Angels)<br \/>\n<\/strong>Playground Music Scandinavia AB (2024)<\/td>\n<\/tr>\n<tr style=\"height: 19px;\">\n<td style=\"width: 1372px; height: 19px;\" colspan=\"2\"><strong>Music &amp; lyrics:<\/strong> Fredrik Kempe<\/td>\n<\/tr>\n<tr style=\"height: 55px;\">\n<td style=\"height: 55px;\" colspan=\"2\">Note that it\u00b4s against the law to publish lyrics, or translations of lyrics,<br \/>\nwithout permission from the author! With the help of Google Translator<br \/>\nyou can, however, translate the lyrics for your own use.<\/td>\n<\/tr>\n<tr style=\"height: 19px;\">\n<td style=\"height: 19px;\" colspan=\"2\"><strong>1.&nbsp; &nbsp; &nbsp;Prolog \u2013 Helen Sj\u00f6holm <\/strong><a title=\"Prolog\" href=\"https:\/\/helensjoholm.nu\/_eng\/albums-2021-and-forward\/anglagard-house-of-angels-album\/prolog-lyrics\/\">(lyrics)<\/a><\/td>\n<\/tr>\n<tr style=\"height: 19px;\">\n<td style=\"width: 1372px; height: 19px;\" colspan=\"2\"><strong>2.&nbsp; &nbsp; &nbsp;<\/strong>Upp \u2013 Tuva B Larsen, Lindy Larsson and the ensemble <a title=\"Upp\" href=\"https:\/\/helensjoholm.nu\/_eng\/albums-2021-and-forward\/anglagard-house-of-angels-album\/upp-lyrics\/\">(lyrics)<\/a><\/td>\n<\/tr>\n<tr style=\"height: 19px;\">\n<td style=\"width: 1372px; height: 21px;\" colspan=\"2\"><strong><strong><strong> 3.&nbsp; &nbsp; &nbsp;<\/strong><\/strong><\/strong>Farfars h\u00e4nder \u2013 Fredrik Lycke <a title=\"Farfars h\u00e4nder\" href=\"https:\/\/helensjoholm.nu\/_eng\/albums-2021-and-forward\/anglagard-house-of-angels-album\/farfars-hander-lyrics\/\">(lyrics)<\/a><\/td>\n<\/tr>\n<tr style=\"height: 19px;\">\n<td style=\"width: 1372px; height: 19px;\" colspan=\"2\"><strong>4.&nbsp; &nbsp; &nbsp;Minnet av dig \u2013 Helen Sj\u00f6holm<\/strong> <a title=\"Minnet av dig\" href=\"https:\/\/helensjoholm.nu\/_eng\/albums-2021-and-forward\/anglagard-house-of-angels-album\/minnet-av-dig-lyrics\/\">(lyrics)<\/a><\/td>\n<\/tr>\n<tr style=\"height: 19px;\">\n<td style=\"width: 1372px; height: 19px;\" colspan=\"2\"><strong>5.<\/strong>&nbsp; &nbsp; &nbsp;Barnet som f\u00f6rsvann \u2013 Tuva B Larsen <a title=\"Barnet som f\u00f6rsvann\" href=\"https:\/\/helensjoholm.nu\/_eng\/albums-2021-and-forward\/anglagard-house-of-angels-album\/barnet-som-forsvann-lyrics\/\">(lyrics)<\/a><\/td>\n<\/tr>\n<tr style=\"height: 19px;\">\n<td style=\"width: 1372px; height: 19px;\" colspan=\"2\"><strong>6.&nbsp;<\/strong>&nbsp; &nbsp;En enkel gubbe \u2013 Tommy K\u00f6rberg, Gustav Levin and the choir <a title=\"En enkel gubbe\" href=\"https:\/\/helensjoholm.nu\/_eng\/albums-2021-and-forward\/anglagard-house-of-angels-album\/en-enkel-gubbe-lyrics\/\">(lyrics)<\/a><\/td>\n<\/tr>\n<tr style=\"height: 19px;\">\n<td style=\"width: 1372px; height: 19px;\" colspan=\"2\"><strong>7.&nbsp;<\/strong>&nbsp; &nbsp;<strong>Sticka, sticka \u2013 Helen Sj\u00f6holm, Sofia Pekkari, Jenny Holmgren, Th\u00e9r\u00e8se Andersson <\/strong><a title=\"Sticka, sticka\" href=\"https:\/\/helensjoholm.nu\/_eng\/albums-2021-and-forward\/anglagard-house-of-angels-album\/sticka-sticka-lyrics\/\">(lyrics)<\/a><\/td>\n<\/tr>\n<tr style=\"height: 19px;\">\n<td style=\"width: 1372px; height: 19px;\" colspan=\"2\"><strong>8.&nbsp;<\/strong>&nbsp; &nbsp; \u00c5h herregud \u2013 Tommy K\u00f6rberg and Gustav Levin <a title=\"\u00c5h herregud\" href=\"https:\/\/helensjoholm.nu\/_eng\/albums-2021-and-forward\/anglagard-house-of-angels-album\/ah-herregud-lyrics\/\">(lyrics)<\/a><\/td>\n<\/tr>\n<tr style=\"height: 19px;\">\n<td style=\"height: 19px; width: 1372px;\" colspan=\"2\"><strong>9.&nbsp;<\/strong>&nbsp; &nbsp; Leva min dr\u00f6m \u2013 Martin Stokke Mathiesen <a title=\"Leva min dr\u00f6m\" href=\"https:\/\/helensjoholm.nu\/_eng\/albums-2021-and-forward\/anglagard-house-of-angels-album\/leva-min-drom-lyrics\/\">(lyrics)<\/a><\/td>\n<\/tr>\n<tr style=\"height: 19px;\">\n<td style=\"height: 19px; width: 1372px;\" colspan=\"2\"><strong>10.&nbsp;<\/strong>&nbsp; Jag \u00e4r jag \u2013 Tuva B Larsen and the ensemble <a title=\"Jag \u00e4r jag\" href=\"https:\/\/helensjoholm.nu\/_eng\/albums-2021-and-forward\/anglagard-house-of-angels-album\/jag-ar-jag-lyrics\/\">(lyrics)<\/a><\/td>\n<\/tr>\n<tr style=\"height: 19px;\">\n<td style=\"height: 19px; width: 1372px;\" colspan=\"2\"><strong>11.<\/strong>&nbsp; &nbsp;<strong>Min plats i solen \u2013 Helen Sj\u00f6holm<\/strong> <a title=\"Min plats i solen\" href=\"https:\/\/helensjoholm.nu\/_eng\/albums-2021-and-forward\/anglagard-house-of-angels-album\/min-plats-i-solen-lyrics\/\">(lyrics)<\/a><\/td>\n<\/tr>\n<tr style=\"height: 19px;\">\n<td style=\"height: 19px; width: 1372px;\" colspan=\"2\"><strong>12.&nbsp; &nbsp;K\u00f6tt och blod \u2013 Tuva B Larsen, Helen Sj\u00f6holm and the ensemble<\/strong> <a title=\"K\u00f6tt och blod\" href=\"https:\/\/helensjoholm.nu\/_eng\/albums-2021-and-forward\/anglagard-house-of-angels-album\/kott-och-blod-lyrics\/\">(lyrics)<\/a><\/td>\n<\/tr>\n<tr style=\"height: 19px;\">\n<td style=\"width: 1372px; height: 19px;\" colspan=\"2\"><strong>13.<\/strong>&nbsp; &nbsp;Poor little rich girl \u2013 Lindy Larsson and the ensemble <a title=\"Poor little rich girl\" href=\"https:\/\/helensjoholm.nu\/_eng\/albums-2021-and-forward\/anglagard-house-of-angels-album\/poor-little-rich-girl-lyrics\/\">(lyrics)<\/a><\/td>\n<\/tr>\n<tr style=\"height: 19px;\">\n<td style=\"height: 19px; width: 1372px;\" colspan=\"2\"><strong>14.<\/strong>&nbsp; &nbsp;Ljusa minnen \u2013 Tommy K\u00f6rberg <a title=\"Ljusa minnen\" href=\"https:\/\/helensjoholm.nu\/_eng\/albums-2021-and-forward\/anglagard-house-of-angels-album\/ljusa-minnen-lyrics\/\">(lyrics)<\/a><\/td>\n<\/tr>\n<tr style=\"height: 19px;\">\n<td style=\"height: 19px; width: 1372px;\" colspan=\"2\"><strong>15.<\/strong>&nbsp; &nbsp;Utan \u00c4nglag\u00e5rd \u2013 Sofia Pekkari and the ensemble <a title=\"Utan \u00c4nglag\u00e5rd\" href=\"https:\/\/helensjoholm.nu\/_eng\/albums-2021-and-forward\/anglagard-house-of-angels-album\/utan-anglagard-lyrics\/\">(lyrics)<\/a><\/td>\n<\/tr>\n<tr style=\"height: 19px;\">\n<td style=\"height: 19px; width: 1372px;\" colspan=\"2\"><strong>16.<\/strong>&nbsp; <strong>&nbsp;Skuldk\u00e4nslor och skam&nbsp;\u2013 Helen Sj\u00f6holm and Fredrik Lykke<\/strong> <a title=\"Skuldk\u00e4nslor och skam\" href=\"https:\/\/helensjoholm.nu\/_eng\/albums-2021-and-forward\/anglagard-house-of-angels-album\/skuldkanslor-och-skam-lyrics\/\">(lyrics)<\/a><\/td>\n<\/tr>\n<tr style=\"height: 19px;\">\n<td style=\"height: 19px; width: 1372px;\" colspan=\"2\"><strong>17.<\/strong>&nbsp; &nbsp;<strong>Moln av vita l\u00f6gner \u2013 Helen Sj\u00f6holm and Fredrik Lykke <\/strong><a title=\"Moln av vita l\u00f6gner\" href=\"https:\/\/helensjoholm.nu\/_eng\/albums-2021-and-forward\/anglagard-house-of-angels-album\/moln-av-vita-logner-lyrics\/\">(lyrics)<\/a><\/td>\n<\/tr>\n<tr style=\"height: 19px;\">\n<td style=\"height: 19px; width: 1372px;\" colspan=\"2\"><strong>18.<\/strong>&nbsp; En del av n\u00e5got st\u00f6rre \u2013 Tuva B Larsen and Tommy <a title=\"En del av n\u00e5got st\u00f6rre\" href=\"https:\/\/helensjoholm.nu\/_eng\/albums-2021-and-forward\/anglagard-house-of-angels-album\/en-del-av-nagot-storre-lyrics\/\">(lyrics)<\/a><\/td>\n<\/tr>\n<\/tbody>\n<\/table>\n<h5>Listen!<\/h5>\n<hr>\n<p><iframe loading=\"lazy\" style=\"border-radius: 12px;\" src=\"https:\/\/open.spotify.com\/embed\/album\/2mt6IHE5HGoq9d5qBKyYwy?utm_source=generator\" width=\"100%\" height=\"352\" frameborder=\"0\" allowfullscreen=\"allowfullscreen\"><\/iframe><\/p>\n<p><a title=\"Albums 2021 and forward\" href=\"https:\/\/helensjoholm.nu\/_eng\/albums-2021-and-forward\/\">Back<\/a><\/p>\n","protected":false},"excerpt":{"rendered":"<p>MUSIKEN FR\u00c5N MUSIKALEN \u00c4NGLAG\u00c5RD (The music from the musical House of Angels) Playground Music Scandinavia AB (2024) Music &amp; lyrics: Fredrik Kempe Note that it\u00b4s <a class=\"more-link\" href=\"https:\/\/helensjoholm.nu\/_eng\/albums-2021-and-forward\/anglagard-house-of-angels-album\/\">Read More &#8230;<\/a><\/p>\n","protected":false},"author":1,"featured_media":0,"parent":11434,"menu_order":0,"comment_status":"closed","ping_status":"closed","template":"","meta":{"ngg_post_thumbnail":0,"footnotes":""},"class_list":["post-14134","page","type-page","status-publish","hentry"],"aioseo_notices":[],"_links":{"self":[{"href":"https:\/\/helensjoholm.nu\/_eng\/wp-json\/wp\/v2\/pages\/14134","targetHints":{"allow":["GET"]}}],"collection":[{"href":"https:\/\/helensjoholm.nu\/_eng\/wp-json\/wp\/v2\/pages"}],"about":[{"href":"https:\/\/helensjoholm.nu\/_eng\/wp-json\/wp\/v2\/types\/page"}],"author":[{"embeddable":true,"href":"https:\/\/helensjoholm.nu\/_eng\/wp-json\/wp\/v2\/users\/1"}],"replies":[{"embeddable":true,"href":"https:\/\/helensjoholm.nu\/_eng\/wp-json\/wp\/v2\/comments?post=14134"}],"version-history":[{"count":34,"href":"https:\/\/helensjoholm.nu\/_eng\/wp-json\/wp\/v2\/pages\/14134\/revisions"}],"predecessor-version":[{"id":14636,"href":"https:\/\/helensjoholm.nu\/_eng\/wp-json\/wp\/v2\/pages\/14134\/revisions\/14636"}],"up":[{"embeddable":true,"href":"https:\/\/helensjoholm.nu\/_eng\/wp-json\/wp\/v2\/pages\/11434"}],"wp:attachment":[{"href":"https:\/\/helensjoholm.nu\/_eng\/wp-json\/wp\/v2\/media?parent=14134"}],"curies":[{"name":"wp","href":"https:\/\/api.w.org\/{rel}","templated":true}]}}