{"id":14093,"date":"2024-05-18T17:11:19","date_gmt":"2024-05-18T15:11:19","guid":{"rendered":"https:\/\/helensjoholm.nu\/_eng\/?page_id=14093"},"modified":"2025-01-06T10:49:16","modified_gmt":"2025-01-06T08:49:16","slug":"vals-i-april-sanger-av-olle-adolphson-album","status":"publish","type":"page","link":"https:\/\/helensjoholm.nu\/_eng\/albums-2021-and-forward\/vals-i-april-sanger-av-olle-adolphson-album\/","title":{"rendered":"Vals i april \u2013 S\u00e5nger av Olle Adolphson"},"content":{"rendered":"<table style=\"height: 352px;\" border=\"0\" align=\"left\">\n<tbody>\n<tr style=\"height: 105px;\">\n<td style=\"width: 559px; height: 105px;\" valign=\"top\"><img loading=\"lazy\" decoding=\"async\" class=\"alignnone wp-image-17978 size-full\" src=\"https:\/\/helensjoholm.nu\/_eng\/wp-content\/gallery\/discography-2021-and-forward\/album-vals-i-april-sanger-av-olle-adolphson-2024.jpg\" alt=\"Vals i april \u2013 S\u00e5nger av Olle Adolphson (2024)\" width=\"100\" height=\"100\"><\/td>\n<td style=\"width: 813px; height: 105px;\" valign=\"top\"><strong>VALS I APRIL \u2013 S\u00c5NGER AV OLLE ADOLPHSON<br \/>\n<\/strong>Playground Music Scandinavia AB (2024)<\/td>\n<\/tr>\n<tr>\n<td style=\"width: 1372px;\" colspan=\"2\">Note that it\u00b4s against the law to publish lyrics, or translations of lyrics,<br \/>\nwithout permission from the author! With the help of Google Translator<br \/>\nyou can, however, translate the lyrics for your own use.<strong><br \/>\n<\/strong><\/td>\n<\/tr>\n<tr style=\"height: 19px;\">\n<td style=\"height: 19px;\" colspan=\"2\"><strong>1.&nbsp; &nbsp; &nbsp;<\/strong>Mitt Eget Land \u2013 Emil Svan\u00e4ngen, Mats Bergstr\u00f6m<\/td>\n<\/tr>\n<tr style=\"height: 19px;\">\n<td style=\"width: 1372px; height: 19px;\" colspan=\"2\"><strong>2.&nbsp;&nbsp;&nbsp;&nbsp;<\/strong> T\u00f6rnrosa \u2013 Kristina Adolphson, Mats Bergstr\u00f6m<\/td>\n<\/tr>\n<tr style=\"height: 19px;\">\n<td style=\"width: 1372px; height: 19px;\" colspan=\"2\"><strong><strong><strong> 3.&nbsp; &nbsp; <\/strong><\/strong><\/strong>Vals i April \u2013 Tommy K\u00f6rberg, Mats Bergstr\u00f6m<\/td>\n<\/tr>\n<tr style=\"height: 19px;\">\n<td style=\"width: 1372px; height: 19px;\" colspan=\"2\"><strong>4.<\/strong>&nbsp; &nbsp; Det g\u00e5tfulla folket \u2013 Lisa Nilsson, Mats Bergstr\u00f6m<\/td>\n<\/tr>\n<tr style=\"height: 19px;\">\n<td style=\"width: 1372px; height: 19px;\" colspan=\"2\"><strong>5.&nbsp;&nbsp; Siv och Gunne \u2013 Helen Sj\u00f6holm, Mats Bergstr\u00f6m <\/strong><a title=\"Siv och Gunne\" href=\"https:\/\/helensjoholm.nu\/_eng\/albums-2021-and-forward\/vals-i-april-sanger-av-olle-adolphson-album\/siv-och-gunne-lyrics\/\">(lyrics)<\/a><\/td>\n<\/tr>\n<tr style=\"height: 19px;\">\n<td style=\"width: 1372px; height: 19px;\" colspan=\"2\"><strong>6.&nbsp;<\/strong>&nbsp; &nbsp; Vem \u2013 Lisa Nilsson, Mats Bergstr\u00f6m<\/td>\n<\/tr>\n<tr style=\"height: 19px;\">\n<td style=\"width: 1372px; height: 19px;\" colspan=\"2\"><strong>7.&nbsp;<\/strong>&nbsp; &nbsp; Regnets s\u00e5ng \u2013 Amanda Ginsburg, Mats Bergstr\u00f6m<\/td>\n<\/tr>\n<tr style=\"height: 19px;\">\n<td style=\"width: 1372px; height: 19px;\" colspan=\"2\"><strong>8.&nbsp;<\/strong>&nbsp; &nbsp; Tr\u00e4dg\u00e5rdsinteri\u00f6r \u2013 Kristina Adolphson, Mats Bergstr\u00f6m<\/td>\n<\/tr>\n<tr style=\"height: 19px;\">\n<td style=\"height: 19px; width: 1372px;\" colspan=\"2\"><strong>9.&nbsp;<\/strong>&nbsp; &nbsp; Fr\u00f6ken Frenssen \u2013 Olle Persson, Mats Bergstr\u00f6m<\/td>\n<\/tr>\n<tr style=\"height: 19px;\">\n<td style=\"height: 19px; width: 1372px;\" colspan=\"2\"><strong>10.&nbsp; <\/strong> Nu har jag f\u00e5tt den jag vill ha \u2013 Tommy K\u00f6rberg, Mats Bergstr\u00f6m<\/td>\n<\/tr>\n<tr style=\"height: 19px;\">\n<td style=\"height: 19px; width: 1372px;\" colspan=\"2\"><strong>11.<\/strong>&nbsp; Vad t\u00e4nker han p\u00e5? \u2013 Lisa Nilsson, Mats Bergstr\u00f6m<\/td>\n<\/tr>\n<tr style=\"height: 19px;\">\n<td style=\"height: 19px; width: 1372px;\" colspan=\"2\"><strong>12.&nbsp; Sign. &#8220;Karlsson \u2013 evig v\u00e5r&#8221; &amp; Helga Andersson \u2013 Tommy K\u00f6rberg &amp; Helen Sj\u00f6holm, Mats Bergstr\u00f6m<\/strong> <a title=\"Signatur Karlsson \u2013 Evig v\u00e5r\" href=\"https:\/\/helensjoholm.nu\/_eng\/albums-2021-and-forward\/vals-i-april-sanger-av-olle-adolphson-album\/signatur-karlsson-evig-var-lyrics\/\">(lyrics)<\/a><\/td>\n<\/tr>\n<tr style=\"height: 19px;\">\n<td style=\"width: 1372px; height: 19px;\" colspan=\"2\"><strong>13.&nbsp; Rim i juli \u2013 Helen Sj\u00f6holm, Mats Bergstr\u00f6m <\/strong><a title=\"Rim i juli\" href=\"https:\/\/helensjoholm.nu\/_eng\/albums-2021-and-forward\/vals-i-april-sanger-av-olle-adolphson-album\/rim-i-juli-lyrics\/\">(lyrics)<\/a><\/td>\n<\/tr>\n<tr style=\"height: 19px;\">\n<td style=\"height: 18px; width: 1372px;\" colspan=\"2\">14.&nbsp; V\u00e5ren \u2013 Olle Persson, Mats Bergstr\u00f6m<\/td>\n<\/tr>\n<\/tbody>\n<\/table>\n<h5>Listen!<\/h5>\n<hr>\n<p><iframe loading=\"lazy\" style=\"border-radius: 12px;\" src=\"https:\/\/open.spotify.com\/embed\/album\/4QKiIdkJsQjKHrYpN8HSS6?utm_source=generator\" width=\"100%\" height=\"352\" frameborder=\"0\" allowfullscreen=\"allowfullscreen\"><\/iframe><\/p>\n<p><a title=\"Albums 2021 and forward\" href=\"https:\/\/helensjoholm.nu\/_eng\/albums-2021-and-forward\/\">Back<\/a><\/p>\n","protected":false},"excerpt":{"rendered":"<p>VALS I APRIL \u2013 S\u00c5NGER AV OLLE ADOLPHSON Playground Music Scandinavia AB (2024) Note that it\u00b4s against the law to publish lyrics, or translations of <a class=\"more-link\" href=\"https:\/\/helensjoholm.nu\/_eng\/albums-2021-and-forward\/vals-i-april-sanger-av-olle-adolphson-album\/\">Read More &#8230;<\/a><\/p>\n","protected":false},"author":1,"featured_media":0,"parent":11434,"menu_order":0,"comment_status":"closed","ping_status":"closed","template":"","meta":{"ngg_post_thumbnail":0,"footnotes":""},"class_list":["post-14093","page","type-page","status-publish","hentry"],"aioseo_notices":[],"_links":{"self":[{"href":"https:\/\/helensjoholm.nu\/_eng\/wp-json\/wp\/v2\/pages\/14093","targetHints":{"allow":["GET"]}}],"collection":[{"href":"https:\/\/helensjoholm.nu\/_eng\/wp-json\/wp\/v2\/pages"}],"about":[{"href":"https:\/\/helensjoholm.nu\/_eng\/wp-json\/wp\/v2\/types\/page"}],"author":[{"embeddable":true,"href":"https:\/\/helensjoholm.nu\/_eng\/wp-json\/wp\/v2\/users\/1"}],"replies":[{"embeddable":true,"href":"https:\/\/helensjoholm.nu\/_eng\/wp-json\/wp\/v2\/comments?post=14093"}],"version-history":[{"count":6,"href":"https:\/\/helensjoholm.nu\/_eng\/wp-json\/wp\/v2\/pages\/14093\/revisions"}],"predecessor-version":[{"id":14755,"href":"https:\/\/helensjoholm.nu\/_eng\/wp-json\/wp\/v2\/pages\/14093\/revisions\/14755"}],"up":[{"embeddable":true,"href":"https:\/\/helensjoholm.nu\/_eng\/wp-json\/wp\/v2\/pages\/11434"}],"wp:attachment":[{"href":"https:\/\/helensjoholm.nu\/_eng\/wp-json\/wp\/v2\/media?parent=14093"}],"curies":[{"name":"wp","href":"https:\/\/api.w.org\/{rel}","templated":true}]}}