{"id":14055,"date":"2024-05-11T09:57:08","date_gmt":"2024-05-11T07:57:08","guid":{"rendered":"https:\/\/helensjoholm.nu\/_eng\/?page_id=14055"},"modified":"2024-05-11T10:02:40","modified_gmt":"2024-05-11T08:02:40","slug":"julens-ljus-lyrics","status":"publish","type":"page","link":"https:\/\/helensjoholm.nu\/_eng\/albums-2021-and-forward\/sno-marschaller-album\/julens-ljus-lyrics\/","title":{"rendered":"Julens ljus"},"content":{"rendered":"<p><strong>Music &amp; lyrics:&nbsp;<\/strong><em>Christmas Lights<\/em>, Chris Martin and others, translated by Ulf Schagerstr\u00f6m<\/p>\n<p>Juletid, \u00e4n en strid<br \/>\nT\u00e5rarna en flod<br \/>\nDet \u00e4r som gift som t\u00e4r i mig<br \/>\nSom ett gift i mitt blod<\/p>\n<p>Jag tog mig hit, \u00e4nda hit<br \/>\nVille tro p\u00e5 n\u00e5t gott<br \/>\nMen en fr\u00e4mling h\u00e4r<br \/>\n\u00c4r vad jag \u00e4r, jag borde ha f\u00f6rst\u00e5tt<\/p>\n<p>Sn\u00f6n som faller, faller ner som regn<br \/>\nDu s\u00f6ker efter n\u00e5t som du k\u00e4nner igen<\/p>\n<p>H\u00f6gt d\u00e4r uppe flackar ljusen<br \/>\nSe det glimmar och det far<br \/>\nOch jag jagar efter hoppet<br \/>\nDet \u00e4r det enda jag har kvar<br \/>\nOch jag sjunger \u00f6ver taken<br \/>\nMed en vilsen sprucken r\u00f6st<br \/>\nOm att jag alltid ska \u00e4lska dig<br \/>\nOch att k\u00e4rleken \u00e4r st\u00f6rst<\/p>\n<p>Sn\u00f6n som faller, faller ner som regn<br \/>\nDu s\u00f6ker efter n\u00e5t som du k\u00e4nner igen<br \/>\nSn\u00f6n som faller, faller ner som regn<br \/>\nDu s\u00f6ker efter n\u00e5t som du k\u00e4nner igen<\/p>\n<p>Brinn julens ljus, l\u00e4ngs gatan fram<br \/>\nLys upp min v\u00e4g, g\u00f6r dr\u00f6mmen sann<br \/>\nL\u00e5t mina sorger f\u00e5 ett slut<br \/>\nBrinn julens ljus, brinn aldrig ut<\/p>\n<p>Brinn julens ljus, l\u00e4ngs gatan fram<br \/>\nLys upp min v\u00e4g, g\u00f6r dr\u00f6mmen sann<br \/>\nM\u00e5 dina sorger f\u00e5 ett slut<br \/>\nBrinn julens ljus, brinn aldrig ut<\/p>\n<p><em>\u00a9 2022 Universal Music AB<\/em><\/p>\n<p><a title=\"Sn\u00f6 &amp; marschaller\" href=\"https:\/\/helensjoholm.nu\/_eng\/albums-2021-and-forward\/sno-marschaller-album\/\">Back<\/a><\/p>\n","protected":false},"excerpt":{"rendered":"<p>Music &amp; lyrics:&nbsp;Christmas Lights, Chris Martin and others, translated by Ulf Schagerstr\u00f6m Juletid, \u00e4n en strid T\u00e5rarna en flod Det \u00e4r som gift som t\u00e4r <a class=\"more-link\" href=\"https:\/\/helensjoholm.nu\/_eng\/albums-2021-and-forward\/sno-marschaller-album\/julens-ljus-lyrics\/\">Read More &#8230;<\/a><\/p>\n","protected":false},"author":1,"featured_media":0,"parent":13014,"menu_order":0,"comment_status":"closed","ping_status":"closed","template":"","meta":{"ngg_post_thumbnail":0,"footnotes":""},"class_list":["post-14055","page","type-page","status-publish","hentry"],"aioseo_notices":[],"_links":{"self":[{"href":"https:\/\/helensjoholm.nu\/_eng\/wp-json\/wp\/v2\/pages\/14055","targetHints":{"allow":["GET"]}}],"collection":[{"href":"https:\/\/helensjoholm.nu\/_eng\/wp-json\/wp\/v2\/pages"}],"about":[{"href":"https:\/\/helensjoholm.nu\/_eng\/wp-json\/wp\/v2\/types\/page"}],"author":[{"embeddable":true,"href":"https:\/\/helensjoholm.nu\/_eng\/wp-json\/wp\/v2\/users\/1"}],"replies":[{"embeddable":true,"href":"https:\/\/helensjoholm.nu\/_eng\/wp-json\/wp\/v2\/comments?post=14055"}],"version-history":[{"count":1,"href":"https:\/\/helensjoholm.nu\/_eng\/wp-json\/wp\/v2\/pages\/14055\/revisions"}],"predecessor-version":[{"id":14056,"href":"https:\/\/helensjoholm.nu\/_eng\/wp-json\/wp\/v2\/pages\/14055\/revisions\/14056"}],"up":[{"embeddable":true,"href":"https:\/\/helensjoholm.nu\/_eng\/wp-json\/wp\/v2\/pages\/13014"}],"wp:attachment":[{"href":"https:\/\/helensjoholm.nu\/_eng\/wp-json\/wp\/v2\/media?parent=14055"}],"curies":[{"name":"wp","href":"https:\/\/api.w.org\/{rel}","templated":true}]}}