{"id":14051,"date":"2024-05-11T09:51:48","date_gmt":"2024-05-11T07:51:48","guid":{"rendered":"https:\/\/helensjoholm.nu\/_eng\/?page_id=14051"},"modified":"2024-05-11T09:54:55","modified_gmt":"2024-05-11T07:54:55","slug":"o-helga-natt-lyrics","status":"publish","type":"page","link":"https:\/\/helensjoholm.nu\/_eng\/albums-2021-and-forward\/sno-marschaller-album\/o-helga-natt-lyrics\/","title":{"rendered":"O helga natt"},"content":{"rendered":"<p><strong>Music &amp; lyrics:<\/strong>&nbsp;Adolphe Adam &amp; Placide Cappeau:<\/p>\n<p>O helga natt, o helga stund f\u00f6r v\u00e4rlden<br \/>\nD\u00e5 Gudam\u00e4nskan till jorden steg ned<br \/>\nF\u00f6r att f\u00f6rsona v\u00e4rldens brott och synder<br \/>\nF\u00f6r oss han d\u00f6dens sm\u00e4rta led<br \/>\nOch hoppets str\u00e5le g\u00e5r igenom v\u00e4rlden<br \/>\nOch ljuset skimrar \u00f6ver land och hav<\/p>\n<p>Folk, fall nu neder<br \/>\nOch h\u00e4lsa glatt din frihet<br \/>\nO helga natt<br \/>\nDu fr\u00e4lsning \u00e5t oss gav<br \/>\nO helga natt<br \/>\nDu fr\u00e4lsning \u00e5t oss gav<\/p>\n<p>Ty fr\u00e4lsar\u2019n krossat v\u00e5ra tunga bojor<br \/>\nV\u00e5r jord \u00e4r fri, himlen \u00f6ppen nu \u00e4r<br \/>\nUti din slav du ser en \u00e4lskad broder<br \/>\nOch se, din ov\u00e4n blir dig k\u00e4r<br \/>\nFr\u00e5n himlen bragte fr\u00e4lsaren oss friden<br \/>\nF\u00f6r oss han nedsteg i sin stilla grav<\/p>\n<p>Folk, fall nu neder<br \/>\nOch h\u00e4lsa glatt din frihet<br \/>\nO helga natt<br \/>\nDu fr\u00e4lsning \u00e5t oss gav<br \/>\nO helga natt<br \/>\nDu fr\u00e4lsning \u00e5t oss gav<\/p>\n<p><em>\u00a9 2022 Universal Music AB<\/em><\/p>\n<p><a title=\"Sn\u00f6 &amp; marschaller\" href=\"https:\/\/helensjoholm.nu\/_eng\/albums-2021-and-forward\/sno-marschaller-album\/\">Back<\/a><\/p>\n","protected":false},"excerpt":{"rendered":"<p>Music &amp; lyrics:&nbsp;Adolphe Adam &amp; Placide Cappeau: O helga natt, o helga stund f\u00f6r v\u00e4rlden D\u00e5 Gudam\u00e4nskan till jorden steg ned F\u00f6r att f\u00f6rsona v\u00e4rldens <a class=\"more-link\" href=\"https:\/\/helensjoholm.nu\/_eng\/albums-2021-and-forward\/sno-marschaller-album\/o-helga-natt-lyrics\/\">Read More &#8230;<\/a><\/p>\n","protected":false},"author":1,"featured_media":0,"parent":13014,"menu_order":0,"comment_status":"closed","ping_status":"closed","template":"","meta":{"ngg_post_thumbnail":0,"footnotes":""},"class_list":["post-14051","page","type-page","status-publish","hentry"],"aioseo_notices":[],"_links":{"self":[{"href":"https:\/\/helensjoholm.nu\/_eng\/wp-json\/wp\/v2\/pages\/14051","targetHints":{"allow":["GET"]}}],"collection":[{"href":"https:\/\/helensjoholm.nu\/_eng\/wp-json\/wp\/v2\/pages"}],"about":[{"href":"https:\/\/helensjoholm.nu\/_eng\/wp-json\/wp\/v2\/types\/page"}],"author":[{"embeddable":true,"href":"https:\/\/helensjoholm.nu\/_eng\/wp-json\/wp\/v2\/users\/1"}],"replies":[{"embeddable":true,"href":"https:\/\/helensjoholm.nu\/_eng\/wp-json\/wp\/v2\/comments?post=14051"}],"version-history":[{"count":2,"href":"https:\/\/helensjoholm.nu\/_eng\/wp-json\/wp\/v2\/pages\/14051\/revisions"}],"predecessor-version":[{"id":14053,"href":"https:\/\/helensjoholm.nu\/_eng\/wp-json\/wp\/v2\/pages\/14051\/revisions\/14053"}],"up":[{"embeddable":true,"href":"https:\/\/helensjoholm.nu\/_eng\/wp-json\/wp\/v2\/pages\/13014"}],"wp:attachment":[{"href":"https:\/\/helensjoholm.nu\/_eng\/wp-json\/wp\/v2\/media?parent=14051"}],"curies":[{"name":"wp","href":"https:\/\/api.w.org\/{rel}","templated":true}]}}