{"id":14045,"date":"2024-05-11T09:35:38","date_gmt":"2024-05-11T07:35:38","guid":{"rendered":"https:\/\/helensjoholm.nu\/_eng\/?page_id=14045"},"modified":"2024-05-11T09:40:30","modified_gmt":"2024-05-11T07:40:30","slug":"nu-tandas-tusen-juleljus-lyrics","status":"publish","type":"page","link":"https:\/\/helensjoholm.nu\/_eng\/albums-2021-and-forward\/sno-marschaller-album\/nu-tandas-tusen-juleljus-lyrics\/","title":{"rendered":"Nu t\u00e4ndas tusen juleljus"},"content":{"rendered":"<p><strong>Music &amp; lyrics:<\/strong>&nbsp;Emmy K\u00f6hler<\/p>\n<p>Nu t\u00e4ndas tusen juleljus<br \/>\nP\u00e5 jordens m\u00f6rka rund<br \/>\nOch tusen, tusen str\u00e5la ock<br \/>\nP\u00e5 himlens djupbl\u00e5 grund<\/p>\n<p>Och \u00f6ver stad och land i kv\u00e4ll<br \/>\nG\u00e5r julens glada bud<br \/>\nAtt f\u00f6dd \u00e4r herren Jesus Krist<br \/>\nV\u00e5r Fr\u00e4lsare och Gud<\/p>\n<p>Du, stj\u00e4rna \u00f6ver Betlehem<br \/>\nO, l\u00e5t ditt milda ljus<br \/>\nF\u00e5 lysa in med hopp och frid<br \/>\nI varje hem och hus<\/p>\n<p>I varje hj\u00e4rta, armt och m\u00f6rkt<br \/>\nS\u00e4nd du en str\u00e5le blid<br \/>\nEn str\u00e5le av guds k\u00e4rleks ljus<br \/>\nI signad juletid<\/p>\n<p><em>\u00a9 2022 Universal Music AB<\/em><\/p>\n<p><a title=\"Sn\u00f6 &amp; marschaller\" href=\"https:\/\/helensjoholm.nu\/_eng\/albums-2021-and-forward\/sno-marschaller-album\/\">Back<\/a><\/p>\n","protected":false},"excerpt":{"rendered":"<p>Music &amp; lyrics:&nbsp;Emmy K\u00f6hler Nu t\u00e4ndas tusen juleljus P\u00e5 jordens m\u00f6rka rund Och tusen, tusen str\u00e5la ock P\u00e5 himlens djupbl\u00e5 grund Och \u00f6ver stad och <a class=\"more-link\" href=\"https:\/\/helensjoholm.nu\/_eng\/albums-2021-and-forward\/sno-marschaller-album\/nu-tandas-tusen-juleljus-lyrics\/\">Read More &#8230;<\/a><\/p>\n","protected":false},"author":1,"featured_media":0,"parent":13014,"menu_order":0,"comment_status":"closed","ping_status":"closed","template":"","meta":{"ngg_post_thumbnail":0,"footnotes":""},"class_list":["post-14045","page","type-page","status-publish","hentry"],"aioseo_notices":[],"_links":{"self":[{"href":"https:\/\/helensjoholm.nu\/_eng\/wp-json\/wp\/v2\/pages\/14045","targetHints":{"allow":["GET"]}}],"collection":[{"href":"https:\/\/helensjoholm.nu\/_eng\/wp-json\/wp\/v2\/pages"}],"about":[{"href":"https:\/\/helensjoholm.nu\/_eng\/wp-json\/wp\/v2\/types\/page"}],"author":[{"embeddable":true,"href":"https:\/\/helensjoholm.nu\/_eng\/wp-json\/wp\/v2\/users\/1"}],"replies":[{"embeddable":true,"href":"https:\/\/helensjoholm.nu\/_eng\/wp-json\/wp\/v2\/comments?post=14045"}],"version-history":[{"count":1,"href":"https:\/\/helensjoholm.nu\/_eng\/wp-json\/wp\/v2\/pages\/14045\/revisions"}],"predecessor-version":[{"id":14046,"href":"https:\/\/helensjoholm.nu\/_eng\/wp-json\/wp\/v2\/pages\/14045\/revisions\/14046"}],"up":[{"embeddable":true,"href":"https:\/\/helensjoholm.nu\/_eng\/wp-json\/wp\/v2\/pages\/13014"}],"wp:attachment":[{"href":"https:\/\/helensjoholm.nu\/_eng\/wp-json\/wp\/v2\/media?parent=14045"}],"curies":[{"name":"wp","href":"https:\/\/api.w.org\/{rel}","templated":true}]}}