{"id":14039,"date":"2024-05-09T18:33:05","date_gmt":"2024-05-09T16:33:05","guid":{"rendered":"https:\/\/helensjoholm.nu\/_eng\/?page_id=14039"},"modified":"2024-05-09T18:34:28","modified_gmt":"2024-05-09T16:34:28","slug":"en-skrift-i-snon-lyrics","status":"publish","type":"page","link":"https:\/\/helensjoholm.nu\/_eng\/albums-2021-and-forward\/sno-marschaller-album\/en-skrift-i-snon-lyrics\/","title":{"rendered":"En skrift i sn\u00f6n"},"content":{"rendered":"<p><strong>Music &amp; lyrics:&nbsp;<\/strong>Benny Andersson &amp; Kristina Lugn<\/p>\n<p>Det bl\u00e5ser p\u00e5 m\u00e5nen<br \/>\nEn bl\u00e5klocka sl\u00e5r<br \/>\nF\u00f6r allt det som \u00e4r<br \/>\nSom inget vill vara<br \/>\nJag vandrar i vinden<br \/>\nEtt tidevarv g\u00e5r<br \/>\nSen \u00e4r allt det som skr\u00e4mt mig<br \/>\nInbillning bara<\/p>\n<p>En Karlavagn landar hemmavid<br \/>\nNu seglar jag bort med min v\u00e4n<br \/>\nP\u00e5 h\u00f6ga moln av frid<br \/>\nOch evig ro<br \/>\nEn liten stund<br \/>\nOch natten som v\u00e4ntar l\u00e4r oss att dr\u00f6mma<br \/>\nDen saga som skrev oss<br \/>\nDen skrevs av en v\u00e4n<br \/>\nEn skrift i sn\u00f6n<br \/>\nOm hj\u00e4rtas hem<\/p>\n<p>Om jag vore vacker<br \/>\nOch gjorde dig glad<br \/>\nOm jag vore den som jag ville vara<br \/>\nD\u00e5 \u00e4r jag en \u00e4lskling<br \/>\nP\u00e5 finpromenad<br \/>\nOch ett skyfall av t\u00e5rar d\u00e4r stj\u00e4rnor fara<\/p>\n<p>Ett klockspel i m\u00f6rkret<br \/>\nH\u00f6r du det<br \/>\nJag f\u00f6ljer dess ton \u00f6verallt<br \/>\nTill br\u00e5ddjup ensamhet<br \/>\nMitt hus och hem<br \/>\nI nattens famn<br \/>\nOch n\u00e4cken som spelar fast ingen dansar<br \/>\nEn fr\u00e4mmande f\u00e5gel<br \/>\nVem l\u00e4ser mitt brev<br \/>\nSvarta bl\u00e4ck, \u00f6gon bl\u00e5<br \/>\nOch kriser och kransar<\/p>\n<p>En Karlavagn landar hemmavid<br \/>\nNu seglar jag bort med min v\u00e4n<br \/>\nP\u00e5 h\u00f6ga moln av frid<br \/>\nMitt hus och hem<br \/>\nI nattens famn<br \/>\nOch n\u00e4cken som spelar fast ingen dansar<br \/>\nEn fr\u00e4mmande f\u00e5gel<br \/>\nVem l\u00e4ser mitt brev<br \/>\nEn skrift i sn\u00f6n<br \/>\nOm hj\u00e4rtats hem<\/p>\n<p><em>\u00a9 2022 Universal Music AB<\/em><\/p>\n<p><a title=\"Sn\u00f6 &amp; marschaller\" href=\"https:\/\/helensjoholm.nu\/_eng\/albums-2021-and-forward\/sno-marschaller-album\/\">Back<\/a><\/p>\n","protected":false},"excerpt":{"rendered":"<p>Music &amp; lyrics:&nbsp;Benny Andersson &amp; Kristina Lugn Det bl\u00e5ser p\u00e5 m\u00e5nen En bl\u00e5klocka sl\u00e5r F\u00f6r allt det som \u00e4r Som inget vill vara Jag vandrar <a class=\"more-link\" href=\"https:\/\/helensjoholm.nu\/_eng\/albums-2021-and-forward\/sno-marschaller-album\/en-skrift-i-snon-lyrics\/\">Read More &#8230;<\/a><\/p>\n","protected":false},"author":1,"featured_media":0,"parent":13014,"menu_order":0,"comment_status":"closed","ping_status":"closed","template":"","meta":{"ngg_post_thumbnail":0,"footnotes":""},"class_list":["post-14039","page","type-page","status-publish","hentry"],"aioseo_notices":[],"_links":{"self":[{"href":"https:\/\/helensjoholm.nu\/_eng\/wp-json\/wp\/v2\/pages\/14039","targetHints":{"allow":["GET"]}}],"collection":[{"href":"https:\/\/helensjoholm.nu\/_eng\/wp-json\/wp\/v2\/pages"}],"about":[{"href":"https:\/\/helensjoholm.nu\/_eng\/wp-json\/wp\/v2\/types\/page"}],"author":[{"embeddable":true,"href":"https:\/\/helensjoholm.nu\/_eng\/wp-json\/wp\/v2\/users\/1"}],"replies":[{"embeddable":true,"href":"https:\/\/helensjoholm.nu\/_eng\/wp-json\/wp\/v2\/comments?post=14039"}],"version-history":[{"count":1,"href":"https:\/\/helensjoholm.nu\/_eng\/wp-json\/wp\/v2\/pages\/14039\/revisions"}],"predecessor-version":[{"id":14040,"href":"https:\/\/helensjoholm.nu\/_eng\/wp-json\/wp\/v2\/pages\/14039\/revisions\/14040"}],"up":[{"embeddable":true,"href":"https:\/\/helensjoholm.nu\/_eng\/wp-json\/wp\/v2\/pages\/13014"}],"wp:attachment":[{"href":"https:\/\/helensjoholm.nu\/_eng\/wp-json\/wp\/v2\/media?parent=14039"}],"curies":[{"name":"wp","href":"https:\/\/api.w.org\/{rel}","templated":true}]}}