{"id":14036,"date":"2024-05-09T18:30:08","date_gmt":"2024-05-09T16:30:08","guid":{"rendered":"https:\/\/helensjoholm.nu\/_eng\/?page_id=14036"},"modified":"2024-05-09T18:30:36","modified_gmt":"2024-05-09T16:30:36","slug":"aldrig-ensam-lyrics","status":"publish","type":"page","link":"https:\/\/helensjoholm.nu\/_eng\/albums-2021-and-forward\/sno-marschaller-album\/aldrig-ensam-lyrics\/","title":{"rendered":"Aldrig ensam"},"content":{"rendered":"<p><strong>Music &amp; lyrics:<\/strong>&nbsp;Tobias Fr\u00f6berg<\/p>\n<p>Det f\u00f6rsta ljuset<br \/>\nT\u00e4nder jag f\u00f6r mamma<br \/>\nSom alltid fanns f\u00f6r andra<br \/>\nMen aldrig f\u00f6r sig sj\u00e4lv<\/p>\n<p>Det andra ljuset<br \/>\nT\u00e4nder jag f\u00f6r pappa<br \/>\nSom alltid g\u00e5r bredvid mig<br \/>\nHan lyser starkt i kv\u00e4ll<\/p>\n<p>Det tredje ljuset<br \/>\nT\u00e4nder jag f\u00f6r mina barn<br \/>\nOch t\u00e4nk att vi f\u00e5r finnas<br \/>\nTillsammans du och jag<\/p>\n<p>Det fj\u00e4rde ljuset<br \/>\nT\u00e4nder jag f\u00f6r hoppet<br \/>\nHoppet om en framtid<br \/>\nAtt vi f\u00e5r leva lite till<\/p>\n<p>Aldrig ensam<br \/>\nDu \u00e4r aldrig ensam<br \/>\nDu kan va p\u00e5 botten<br \/>\nMen du \u00e4r aldrig ensam<\/p>\n<p>Och om du vill nu<br \/>\nKan vi tala med varandra<br \/>\nF\u00f6r jag alltid med dig<br \/>\nOch du \u00e4r alltid h\u00e4r<\/p>\n<p>Och n\u00e4r jag ramlar<br \/>\nTar du dig tid att v\u00e4nta p\u00e5 mig<br \/>\nDu tar mig h\u00e5rt i handen<br \/>\nOch s\u00e4ger som det \u00e4r<\/p>\n<p>Aldrig ensam<br \/>\nDu \u00e4r aldrig ensam<br \/>\nDu kan va p\u00e5 botten<br \/>\nMen du \u00e4r aldrig ensam<\/p>\n<p>Aldrig ensam<br \/>\nDu \u00e4r aldrig ensam<br \/>\nDu kan va p\u00e5 botten<br \/>\nMen du \u00e4r aldrig ensam<\/p>\n<p>De fyra ljusen<br \/>\nT\u00e4nder jag f\u00f6r oss<br \/>\nF\u00f6r k\u00e4rleken, f\u00f6r v\u00e4nskap<br \/>\nV\u00e5r historia f\u00f6rst\u00e5s<\/p>\n<p>Aldrig ensam<br \/>\nDu \u00e4r aldrig ensam<br \/>\nDu kan va p\u00e5 botten<br \/>\nMen du \u00e4r aldrig ensam<\/p>\n<p>Aldrig ensam<br \/>\nDu kan va p\u00e5 botten<br \/>\nMen du \u00e4r aldrig ensam<\/p>\n<p><em>\u00a9 2022 Universal Music AB<\/em><\/p>\n<p><a title=\"Sn\u00f6 &amp; marschaller\" href=\"https:\/\/helensjoholm.nu\/_eng\/albums-2021-and-forward\/sno-marschaller-album\/\">Back<\/a><\/p>\n","protected":false},"excerpt":{"rendered":"<p>Music &amp; lyrics:&nbsp;Tobias Fr\u00f6berg Det f\u00f6rsta ljuset T\u00e4nder jag f\u00f6r mamma Som alltid fanns f\u00f6r andra Men aldrig f\u00f6r sig sj\u00e4lv Det andra ljuset T\u00e4nder <a class=\"more-link\" href=\"https:\/\/helensjoholm.nu\/_eng\/albums-2021-and-forward\/sno-marschaller-album\/aldrig-ensam-lyrics\/\">Read More &#8230;<\/a><\/p>\n","protected":false},"author":1,"featured_media":0,"parent":13014,"menu_order":0,"comment_status":"closed","ping_status":"closed","template":"","meta":{"ngg_post_thumbnail":0,"footnotes":""},"class_list":["post-14036","page","type-page","status-publish","hentry"],"aioseo_notices":[],"_links":{"self":[{"href":"https:\/\/helensjoholm.nu\/_eng\/wp-json\/wp\/v2\/pages\/14036","targetHints":{"allow":["GET"]}}],"collection":[{"href":"https:\/\/helensjoholm.nu\/_eng\/wp-json\/wp\/v2\/pages"}],"about":[{"href":"https:\/\/helensjoholm.nu\/_eng\/wp-json\/wp\/v2\/types\/page"}],"author":[{"embeddable":true,"href":"https:\/\/helensjoholm.nu\/_eng\/wp-json\/wp\/v2\/users\/1"}],"replies":[{"embeddable":true,"href":"https:\/\/helensjoholm.nu\/_eng\/wp-json\/wp\/v2\/comments?post=14036"}],"version-history":[{"count":1,"href":"https:\/\/helensjoholm.nu\/_eng\/wp-json\/wp\/v2\/pages\/14036\/revisions"}],"predecessor-version":[{"id":14037,"href":"https:\/\/helensjoholm.nu\/_eng\/wp-json\/wp\/v2\/pages\/14036\/revisions\/14037"}],"up":[{"embeddable":true,"href":"https:\/\/helensjoholm.nu\/_eng\/wp-json\/wp\/v2\/pages\/13014"}],"wp:attachment":[{"href":"https:\/\/helensjoholm.nu\/_eng\/wp-json\/wp\/v2\/media?parent=14036"}],"curies":[{"name":"wp","href":"https:\/\/api.w.org\/{rel}","templated":true}]}}