{"id":14028,"date":"2024-05-09T18:08:10","date_gmt":"2024-05-09T16:08:10","guid":{"rendered":"https:\/\/helensjoholm.nu\/_eng\/?page_id=14028"},"modified":"2024-05-09T18:08:10","modified_gmt":"2024-05-09T16:08:10","slug":"vintersang-lyrics","status":"publish","type":"page","link":"https:\/\/helensjoholm.nu\/_eng\/albums-2021-and-forward\/sno-marschaller-album\/vintersang-lyrics\/","title":{"rendered":"Vinters\u00e5ng"},"content":{"rendered":"<p><strong>Music &amp; lyrics:&nbsp;<\/strong><em>Winter Song<\/em>, Sara Bareilles &amp; Ingrid Michaelson, translated by Pelle W\u00e4ngborg Baker<\/p>\n<p>Nu \u00e4r det vinter i v\u00e5rt land<br \/>\nKom v\u00e4rm dig i min famn<br \/>\nFr\u00e5n havet bl\u00e5ser is<br \/>\nMin s\u00e5ng kan v\u00e4xa till en bro<br \/>\nS\u00e5 trygghet b\u00f6rjar gro<br \/>\nEtt fyrljus genom dis<\/p>\n<p>All l\u00e4ngtan v\u00e4ntar p\u00e5 en v\u00e5r<br \/>\nEn vinter kan bli sv\u00e5r<br \/>\nI sn\u00f6 en iskall natt<br \/>\nMin r\u00f6st vill sjunga \u00f6mt f\u00f6r dig<br \/>\nAtt allting ordnar sig<br \/>\nMen kan inte f\u00e5 dig fatt<\/p>\n<p>Finns k\u00e4rlek h\u00e4r<br \/>\nFinns k\u00e4rlek h\u00e4r<\/p>\n<p>H\u00e4r \u00e4r min vinters\u00e5ng<br \/>\nDecember kan va kall och l\u00e5ng<br \/>\nG\u00e5 inte h\u00e4rifr\u00e5n<br \/>\nKom i min famn<\/p>\n<p>Var finns den v\u00e4rme vi vill n\u00e5<br \/>\nN\u00e4r ingen kan f\u00f6rst\u00e5<br \/>\nEn v\u00e4rld med vi och dom<br \/>\nI m\u00f6rk advent kom t\u00e4nd ett ljus<br \/>\nL\u00e5t det lysa upp v\u00e5rt hus<br \/>\nS\u00e5 vi kan b\u00f6rja om<\/p>\n<p>Finns k\u00e4rlek h\u00e4r<br \/>\nFinns k\u00e4rlek h\u00e4r<\/p>\n<p>H\u00e4r \u00e4r min vinters\u00e5ng<br \/>\nDecember kan va kall och l\u00e5ng<br \/>\nG\u00e5 inte h\u00e4rifr\u00e5n<br \/>\nKom i min famn<\/p>\n<p>Nu \u00e4r det vinter i v\u00e5rt land<br \/>\nKom och h\u00e5ll min hand<br \/>\nFr\u00e5n havet bl\u00e5ser is<br \/>\nMin s\u00e5ng kan v\u00e4xa till en bro<br \/>\nS\u00e5 trygghet b\u00f6rjar gro<br \/>\nEtt fyrljus genom dis<\/p>\n<p>Finns k\u00e4rlek h\u00e4r<br \/>\nFinns k\u00e4rlek h\u00e4r<br \/>\nFinns k\u00e4rlek h\u00e4r<br \/>\nFinns k\u00e4rlek h\u00e4r<br \/>\nFinns k\u00e4rlek h\u00e4r<br \/>\nFinns k\u00e4rlek h\u00e4r<br \/>\nFinns k\u00e4rlek<\/p>\n<p><em>\u00a9 2022 Universal Music AB<\/em><\/p>\n<p><a title=\"Sn\u00f6 &amp; marschaller\" href=\"https:\/\/helensjoholm.nu\/_eng\/albums-2021-and-forward\/sno-marschaller-album\/\">Back<\/a><\/p>\n","protected":false},"excerpt":{"rendered":"<p>Music &amp; lyrics:&nbsp;Winter Song, Sara Bareilles &amp; Ingrid Michaelson, translated by Pelle W\u00e4ngborg Baker Nu \u00e4r det vinter i v\u00e5rt land Kom v\u00e4rm dig i <a class=\"more-link\" href=\"https:\/\/helensjoholm.nu\/_eng\/albums-2021-and-forward\/sno-marschaller-album\/vintersang-lyrics\/\">Read More &#8230;<\/a><\/p>\n","protected":false},"author":1,"featured_media":0,"parent":13014,"menu_order":0,"comment_status":"closed","ping_status":"closed","template":"","meta":{"ngg_post_thumbnail":0,"footnotes":""},"class_list":["post-14028","page","type-page","status-publish","hentry"],"aioseo_notices":[],"_links":{"self":[{"href":"https:\/\/helensjoholm.nu\/_eng\/wp-json\/wp\/v2\/pages\/14028","targetHints":{"allow":["GET"]}}],"collection":[{"href":"https:\/\/helensjoholm.nu\/_eng\/wp-json\/wp\/v2\/pages"}],"about":[{"href":"https:\/\/helensjoholm.nu\/_eng\/wp-json\/wp\/v2\/types\/page"}],"author":[{"embeddable":true,"href":"https:\/\/helensjoholm.nu\/_eng\/wp-json\/wp\/v2\/users\/1"}],"replies":[{"embeddable":true,"href":"https:\/\/helensjoholm.nu\/_eng\/wp-json\/wp\/v2\/comments?post=14028"}],"version-history":[{"count":1,"href":"https:\/\/helensjoholm.nu\/_eng\/wp-json\/wp\/v2\/pages\/14028\/revisions"}],"predecessor-version":[{"id":14029,"href":"https:\/\/helensjoholm.nu\/_eng\/wp-json\/wp\/v2\/pages\/14028\/revisions\/14029"}],"up":[{"embeddable":true,"href":"https:\/\/helensjoholm.nu\/_eng\/wp-json\/wp\/v2\/pages\/13014"}],"wp:attachment":[{"href":"https:\/\/helensjoholm.nu\/_eng\/wp-json\/wp\/v2\/media?parent=14028"}],"curies":[{"name":"wp","href":"https:\/\/api.w.org\/{rel}","templated":true}]}}