{"id":14020,"date":"2024-05-09T18:02:56","date_gmt":"2024-05-09T16:02:56","guid":{"rendered":"https:\/\/helensjoholm.nu\/_eng\/?page_id=14020"},"modified":"2024-05-09T18:02:56","modified_gmt":"2024-05-09T16:02:56","slug":"julen-kan-hjalpa-lyrics","status":"publish","type":"page","link":"https:\/\/helensjoholm.nu\/_eng\/albums-2021-and-forward\/sno-marschaller-album\/julen-kan-hjalpa-lyrics\/","title":{"rendered":"Julen kan hj\u00e4lpa"},"content":{"rendered":"<p><strong>Music &amp; lyrics:&nbsp;<\/strong><em>Maybe this Christmas<\/em>, Ron Sexsmith, translated by Andreas Mattsson<strong><br \/>\n<\/strong><\/p>\n<p>Kanske att julen kan hj\u00e4lpa i \u00e5r<br \/>\nKanske vi minns var k\u00e4rleken finns<br \/>\nHur l\u00e5ngt och hur djupt den kan n\u00e5<\/p>\n<p>Och kanske vi ringer och s\u00e4ger f\u00f6rl\u00e5t<br \/>\nTill n\u00e5n vi tyckt om som sakta gled bort<br \/>\nFast ingen minns hur det blev s\u00e5<br \/>\nJulen kan hj\u00e4lpa<\/p>\n<p>Kanske kan julen betyda n\u00e5t mer<br \/>\nF\u00e5 oss att f\u00f6rst\u00e5 att all k\u00e4rlek vi f\u00e5r<br \/>\n\u00c4r ett svar p\u00e5 den k\u00e4rlek vi ger<br \/>\nJulen kan hj\u00e4lpa<\/p>\n<p>Kanske en d\u00f6rr ska \u00f6ppna sig<br \/>\nKanske en ensam stj\u00e4rna t\u00e4nds<br \/>\nF\u00f6r oss igen<\/p>\n<p>Kanske en d\u00f6rr ska \u00f6ppna sig<br \/>\nKanske en ensam stj\u00e4rna t\u00e4nds<br \/>\nF\u00f6r oss igen<\/p>\n<p>Kanske att julen kan hj\u00e4lpa i \u00e5r<br \/>\nKanske vi minns var k\u00e4rleken finns<br \/>\nHur l\u00e5ngt och hur djupt den kan n\u00e5<br \/>\nJulen kan hj\u00e4lpa<br \/>\nJulen kan hj\u00e4lpa<\/p>\n<p><em>\u00a9 2022 Universal Music AB<\/em><\/p>\n<p><a title=\"Sn\u00f6 &amp; marschaller\" href=\"https:\/\/helensjoholm.nu\/_eng\/albums-2021-and-forward\/sno-marschaller-album\/\">Back<\/a><\/p>\n","protected":false},"excerpt":{"rendered":"<p>Music &amp; lyrics:&nbsp;Maybe this Christmas, Ron Sexsmith, translated by Andreas Mattsson Kanske att julen kan hj\u00e4lpa i \u00e5r Kanske vi minns var k\u00e4rleken finns Hur <a class=\"more-link\" href=\"https:\/\/helensjoholm.nu\/_eng\/albums-2021-and-forward\/sno-marschaller-album\/julen-kan-hjalpa-lyrics\/\">Read More &#8230;<\/a><\/p>\n","protected":false},"author":1,"featured_media":0,"parent":13014,"menu_order":0,"comment_status":"closed","ping_status":"closed","template":"","meta":{"ngg_post_thumbnail":0,"footnotes":""},"class_list":["post-14020","page","type-page","status-publish","hentry"],"aioseo_notices":[],"_links":{"self":[{"href":"https:\/\/helensjoholm.nu\/_eng\/wp-json\/wp\/v2\/pages\/14020","targetHints":{"allow":["GET"]}}],"collection":[{"href":"https:\/\/helensjoholm.nu\/_eng\/wp-json\/wp\/v2\/pages"}],"about":[{"href":"https:\/\/helensjoholm.nu\/_eng\/wp-json\/wp\/v2\/types\/page"}],"author":[{"embeddable":true,"href":"https:\/\/helensjoholm.nu\/_eng\/wp-json\/wp\/v2\/users\/1"}],"replies":[{"embeddable":true,"href":"https:\/\/helensjoholm.nu\/_eng\/wp-json\/wp\/v2\/comments?post=14020"}],"version-history":[{"count":1,"href":"https:\/\/helensjoholm.nu\/_eng\/wp-json\/wp\/v2\/pages\/14020\/revisions"}],"predecessor-version":[{"id":14021,"href":"https:\/\/helensjoholm.nu\/_eng\/wp-json\/wp\/v2\/pages\/14020\/revisions\/14021"}],"up":[{"embeddable":true,"href":"https:\/\/helensjoholm.nu\/_eng\/wp-json\/wp\/v2\/pages\/13014"}],"wp:attachment":[{"href":"https:\/\/helensjoholm.nu\/_eng\/wp-json\/wp\/v2\/media?parent=14020"}],"curies":[{"name":"wp","href":"https:\/\/api.w.org\/{rel}","templated":true}]}}