{"id":14017,"date":"2024-05-09T18:00:07","date_gmt":"2024-05-09T16:00:07","guid":{"rendered":"https:\/\/helensjoholm.nu\/_eng\/?page_id=14017"},"modified":"2024-05-09T18:00:54","modified_gmt":"2024-05-09T16:00:54","slug":"precis-som-i-sagorna-lyrics","status":"publish","type":"page","link":"https:\/\/helensjoholm.nu\/_eng\/albums-2021-and-forward\/sno-marschaller-album\/precis-som-i-sagorna-lyrics\/","title":{"rendered":"Precis som i sagorna"},"content":{"rendered":"<p><strong>Music &amp; lyrics:&nbsp;<\/strong><em>Fairytales<\/em>, Robbie Williams and others, translated by Andreas Mattsson<\/p>\n<p>Sk\u00e5l gamla v\u00e4n f\u00f6r december<br \/>\nSk\u00e5l, det \u00e4r m\u00f6rkt men det v\u00e4nder<br \/>\nDu och jag fyller upp glasen<br \/>\nVi pratar, det brukar bli bra sen<\/p>\n<p>Kom igen, midvinternatten \u00e4r ung<br \/>\nGamla v\u00e4n, l\u00e5t oss sk\u00e5la och g\u00f6ra n\u00e5t dumt<br \/>\nTv\u00e5, tre, fyr<\/p>\n<p>\u00c4nglarna sjunger och s\u00e5ngerna g\u00e5r \u00f6ver stad och land<br \/>\nOm v\u00e4rme och frid, det \u00e4r s\u00e5 vackert precis som i sagorna<br \/>\nVisst har vi k\u00e4nt att vi glidit is\u00e4r<br \/>\nS\u00e5nt kan h\u00e4nda men nu \u00e4r vi h\u00e4r<br \/>\nDet \u00e4r jul och allt \u00e4r m\u00f6jligt<\/p>\n<p>Du, n\u00e4sta \u00e5r, om vi lever<br \/>\nDet mesta av allt jag ska ge dig<br \/>\nKom igen, vi blir \u00e4ldre men natten \u00e4r ung<br \/>\nL\u00e4nge \u00e4n ska vi sk\u00e5la och g\u00f6ra n\u00e5t dumt<br \/>\nTv\u00e5, tre, fyr<\/p>\n<p>\u00c4nglarna sjunger och s\u00e5ngerna g\u00e5r \u00f6ver stad och land<br \/>\nOm v\u00e4rme och frid, det \u00e4r s\u00e5 vackert precis som i sagorna<br \/>\nVisst har vi k\u00e4nt att vi glidit is\u00e4r<br \/>\nS\u00e5nt kan h\u00e4nda men nu \u00e4r vi h\u00e4r<br \/>\nDet \u00e4r jul och allt \u00e4r m\u00f6jligt<\/p>\n<p>Hipp hurra, jag bjuder, s\u00e4g vad du vill ha<br \/>\nDet \u00e4r bra, men allt kan bli b\u00e4ttre s\u00e5klart<br \/>\nTv\u00e5, tre fyr<\/p>\n<p>\u00c4nglarna sjunger och s\u00e5ngerna g\u00e5r \u00f6ver stad och land<br \/>\nOm v\u00e4rme och frid, det \u00e4r s\u00e5 vackert precis som i sagorna<br \/>\nVisst har vi k\u00e4nt att vi glidit is\u00e4r<br \/>\nS\u00e5nt kan h\u00e4nda men nu \u00e4r vi h\u00e4r<\/p>\n<p>Sk\u00e5l gamla v\u00e4n, n\u00e4r vi skiljs, lycka till<br \/>\nGl\u00f6m det du m\u00e5ste, g\u00f6r det du vill<br \/>\nDet \u00e4r jul och allt<br \/>\nDet \u00e4r jul och allt \u00e4r m\u00f6jligt<\/p>\n<p><em>\u00a9 2022 Universal Music AB<\/em><\/p>\n<p><a title=\"Sn\u00f6 &amp; marschaller\" href=\"https:\/\/helensjoholm.nu\/_eng\/albums-2021-and-forward\/sno-marschaller-album\/\">Back<\/a><\/p>\n","protected":false},"excerpt":{"rendered":"<p>Music &amp; lyrics:&nbsp;Fairytales, Robbie Williams and others, translated by Andreas Mattsson Sk\u00e5l gamla v\u00e4n f\u00f6r december Sk\u00e5l, det \u00e4r m\u00f6rkt men det v\u00e4nder Du och <a class=\"more-link\" href=\"https:\/\/helensjoholm.nu\/_eng\/albums-2021-and-forward\/sno-marschaller-album\/precis-som-i-sagorna-lyrics\/\">Read More &#8230;<\/a><\/p>\n","protected":false},"author":1,"featured_media":0,"parent":13014,"menu_order":0,"comment_status":"closed","ping_status":"closed","template":"","meta":{"ngg_post_thumbnail":0,"footnotes":""},"class_list":["post-14017","page","type-page","status-publish","hentry"],"aioseo_notices":[],"_links":{"self":[{"href":"https:\/\/helensjoholm.nu\/_eng\/wp-json\/wp\/v2\/pages\/14017","targetHints":{"allow":["GET"]}}],"collection":[{"href":"https:\/\/helensjoholm.nu\/_eng\/wp-json\/wp\/v2\/pages"}],"about":[{"href":"https:\/\/helensjoholm.nu\/_eng\/wp-json\/wp\/v2\/types\/page"}],"author":[{"embeddable":true,"href":"https:\/\/helensjoholm.nu\/_eng\/wp-json\/wp\/v2\/users\/1"}],"replies":[{"embeddable":true,"href":"https:\/\/helensjoholm.nu\/_eng\/wp-json\/wp\/v2\/comments?post=14017"}],"version-history":[{"count":1,"href":"https:\/\/helensjoholm.nu\/_eng\/wp-json\/wp\/v2\/pages\/14017\/revisions"}],"predecessor-version":[{"id":14018,"href":"https:\/\/helensjoholm.nu\/_eng\/wp-json\/wp\/v2\/pages\/14017\/revisions\/14018"}],"up":[{"embeddable":true,"href":"https:\/\/helensjoholm.nu\/_eng\/wp-json\/wp\/v2\/pages\/13014"}],"wp:attachment":[{"href":"https:\/\/helensjoholm.nu\/_eng\/wp-json\/wp\/v2\/media?parent=14017"}],"curies":[{"name":"wp","href":"https:\/\/api.w.org\/{rel}","templated":true}]}}