{"id":13868,"date":"2024-01-13T19:40:22","date_gmt":"2024-01-13T17:40:22","guid":{"rendered":"https:\/\/helensjoholm.nu\/_eng\/?page_id=13868"},"modified":"2024-01-13T19:46:52","modified_gmt":"2024-01-13T17:46:52","slug":"10-famous-people-choose-this-is-my-best-christmas-culture","status":"publish","type":"page","link":"https:\/\/helensjoholm.nu\/_eng\/press-clips\/interviews-2023\/10-famous-people-choose-this-is-my-best-christmas-culture\/","title":{"rendered":"10 famous people choose: This is my best Christmas culture"},"content":{"rendered":"<p><strong>Dagens Nyheter 2023-12-23<\/strong><\/p>\n<p>By: HANNA MELIN<\/p>\n<p><strong>(&#8230;) Here, ten cultural personalities, from artists to comedians, choose the Christmas pieces that give them the most Christmas spirit (&#8230;)<\/strong><\/p>\n<h3>Helen Sj\u00f6holm, artist<\/h3>\n<p><strong>Winter topical:<\/strong> The Christmas concert &#8220;Snow and marshals&#8221; together with Anna Stadling, which has been played in Stockholm, V\u00e4ster\u00e5s and \u00d6rebro.<\/p>\n<p><strong>My choice:<\/strong> <em>O holy night<\/em>, sung by Mahalia Jackson in 1968.<br \/>\n\u2013 What is most Christmas to me is the American gospel singer Mahalia Jackson&#8217;s recording of <em>O holy night<\/em> from 1968, just listen and feel Christmas spread like a red blanket around you. My dad used to play her Christmas album <em>Christmas With Mahalia<\/em> every year starting on the evening of December 23rd. I must have heard it for the first time on Christmas 1970 when I was six months old. Dad still plays it, and it&#8217;s been passed down to me. You hear the scratch on the gramophone, the choir, the atmosphere and above all her voice. It&#8217;s so beautiful, powerful and waywardly epic. I loved hearing it as a child and I love hearing it now, I remember people and Christmases from the past and kind of feel the presence of my childhood. I get a kind of jittery anticipation that I don&#8217;t really carry anymore before Christmas. It&#8217;s like pressing a button, when I hear Mahalia Jackson&#8217;s incomparable voice, it&#8217;s simply Christmas.<\/p>\n<p><strong>Who do you want to give a Christmas present this year?<\/strong><br \/>\n\u2013&nbsp;To the people who started the soccer team Johanneshovs FF for vulnerable young people. The football team where no one in the club is older than 16 years. I would like to give them lots of sponsors and encouragement for a great initiative.<\/p>\n<h4>3 quick Christmas questions for Helen Sj\u00f6holm<\/h4>\n<p><strong>Christmas presents for adults?<\/strong><br \/>\nYes \u2713<br \/>\nNo<\/p>\n<p><strong>Mulled wine or grog for Christmas?<\/strong><br \/>\nMulled wine \u2713<br \/>\nGrog<\/p>\n<p><strong>If you have to choose?<\/strong><br \/>\n<em>All I want for Christmas is you<\/em><br \/>\n<em>Last Christmas<\/em> \u2713<\/p>\n<p><a title=\"Interviews 2023\" href=\"https:\/\/helensjoholm.nu\/_eng\/press-clips\/interviews-2023\/\">Back<\/a><\/p>\n","protected":false},"excerpt":{"rendered":"<p>Dagens Nyheter 2023-12-23 By: HANNA MELIN (&#8230;) Here, ten cultural personalities, from artists to comedians, choose the Christmas pieces that give them the most Christmas <a class=\"more-link\" href=\"https:\/\/helensjoholm.nu\/_eng\/press-clips\/interviews-2023\/10-famous-people-choose-this-is-my-best-christmas-culture\/\">Read More &#8230;<\/a><\/p>\n","protected":false},"author":1,"featured_media":0,"parent":13615,"menu_order":0,"comment_status":"closed","ping_status":"closed","template":"","meta":{"ngg_post_thumbnail":0,"footnotes":""},"class_list":["post-13868","page","type-page","status-publish","hentry"],"aioseo_notices":[],"_links":{"self":[{"href":"https:\/\/helensjoholm.nu\/_eng\/wp-json\/wp\/v2\/pages\/13868","targetHints":{"allow":["GET"]}}],"collection":[{"href":"https:\/\/helensjoholm.nu\/_eng\/wp-json\/wp\/v2\/pages"}],"about":[{"href":"https:\/\/helensjoholm.nu\/_eng\/wp-json\/wp\/v2\/types\/page"}],"author":[{"embeddable":true,"href":"https:\/\/helensjoholm.nu\/_eng\/wp-json\/wp\/v2\/users\/1"}],"replies":[{"embeddable":true,"href":"https:\/\/helensjoholm.nu\/_eng\/wp-json\/wp\/v2\/comments?post=13868"}],"version-history":[{"count":0,"href":"https:\/\/helensjoholm.nu\/_eng\/wp-json\/wp\/v2\/pages\/13868\/revisions"}],"up":[{"embeddable":true,"href":"https:\/\/helensjoholm.nu\/_eng\/wp-json\/wp\/v2\/pages\/13615"}],"wp:attachment":[{"href":"https:\/\/helensjoholm.nu\/_eng\/wp-json\/wp\/v2\/media?parent=13868"}],"curies":[{"name":"wp","href":"https:\/\/api.w.org\/{rel}","templated":true}]}}