{"id":1376,"date":"2013-05-03T05:23:03","date_gmt":"2013-05-03T03:23:03","guid":{"rendered":"http:\/\/helensjoholm.nu\/_eng\/?page_id=1376"},"modified":"2022-03-13T16:16:30","modified_gmt":"2022-03-13T14:16:30","slug":"helen-sjoholm-received-scholarship","status":"publish","type":"page","link":"https:\/\/helensjoholm.nu\/_eng\/press-clips\/various-2011\/helen-sjoholm-received-scholarship\/","title":{"rendered":"Helen Sj\u00f6holm received scholarship"},"content":{"rendered":"<p><strong>&nbsp;Dagbladet 111024<\/strong><\/p>\n<p>By: ANNA-MARIA WIKLUND<\/p>\n<p><strong>Sundsvall native Helen Sj\u00f6holm this weekend received Nicke Sj\u00f6din&#8217;s large scholarship &#8211; and took the opportunity to offer the audience evergreens in \u00c5ngermanland dialect. &#8211; It was a magical evening, says the compere Jacke Sj\u00f6din.<\/strong><\/p>\n<p>Last Saturday it was time for this year&#8217;s Nicke gala at Hullsta farm in Sollefte\u00e5. For the third consecutive year, scholarships were awarded in the author and entertainer Nicke Sj\u00f6din&#8217;s memory.<\/p>\n<p><strong>Lyrical &nbsp;<\/strong><br \/>\nThis time it was Helen Sj\u00f6holm, born in Sundsvall and with her roots in N\u00e4s\u00e5ker, who received the large grant of SEK 20 000.<\/p>\n<p>Jacke Sj\u00f6din was quite lyrical over the gala evening, when Dagbladet reached him yesterday afternoon.<br \/>\n&#8211; I cannot tell you enough how amazing it was. It was a magical evening, completely sold out, he says.<\/p>\n<p>Helen Sj\u00f6holm, who is heavily pregnant with twins, was on hand to receive the scholarship. The singer performed some of her own songs, including the famous &#8220;Gabriella&#8217;s Song&#8221;, but also three evergreens on &#8220;R\u00f6a idiom&#8221; with lyrics by Nicke Sj\u00f6din.<br \/>\n&#8211; She did it outstandingly well and received standing ovations. We are lyrical, says Jacke Sj\u00f6din.<\/p>\n<p><strong>Annual artist gala<\/strong><br \/>\nAll the proceeds from the evening goes to the memorial fund that was started after Nicke Sj\u00f6din&#8217;s death in 2008. The purpose of the fund is to organize an annual artistic gala in Sollefte\u00e5 and award scholarships to artists working in his spirit. 18-year-old multi-artist Tove Sandstr\u00f6m from Sollefte\u00e5 was the second scholar and was awarded as &#8220;Talent of the Year&#8221;.<\/p>\n<p><a title=\"Various 2011\" href=\"https:\/\/helensjoholm.nu\/_eng\/press-clips\/various-2011\/\">Back<\/a><\/p>\n<p>&nbsp;<\/p>\n","protected":false},"excerpt":{"rendered":"<p>&nbsp;Dagbladet 111024 By: ANNA-MARIA WIKLUND Sundsvall native Helen Sj\u00f6holm this weekend received Nicke Sj\u00f6din&#8217;s large scholarship &#8211; and took the opportunity to offer the audience <a class=\"more-link\" href=\"https:\/\/helensjoholm.nu\/_eng\/press-clips\/various-2011\/helen-sjoholm-received-scholarship\/\">Read More &#8230;<\/a><\/p>\n","protected":false},"author":1,"featured_media":0,"parent":998,"menu_order":0,"comment_status":"closed","ping_status":"closed","template":"","meta":{"ngg_post_thumbnail":0,"footnotes":""},"class_list":["post-1376","page","type-page","status-publish","hentry"],"aioseo_notices":[],"_links":{"self":[{"href":"https:\/\/helensjoholm.nu\/_eng\/wp-json\/wp\/v2\/pages\/1376","targetHints":{"allow":["GET"]}}],"collection":[{"href":"https:\/\/helensjoholm.nu\/_eng\/wp-json\/wp\/v2\/pages"}],"about":[{"href":"https:\/\/helensjoholm.nu\/_eng\/wp-json\/wp\/v2\/types\/page"}],"author":[{"embeddable":true,"href":"https:\/\/helensjoholm.nu\/_eng\/wp-json\/wp\/v2\/users\/1"}],"replies":[{"embeddable":true,"href":"https:\/\/helensjoholm.nu\/_eng\/wp-json\/wp\/v2\/comments?post=1376"}],"version-history":[{"count":0,"href":"https:\/\/helensjoholm.nu\/_eng\/wp-json\/wp\/v2\/pages\/1376\/revisions"}],"up":[{"embeddable":true,"href":"https:\/\/helensjoholm.nu\/_eng\/wp-json\/wp\/v2\/pages\/998"}],"wp:attachment":[{"href":"https:\/\/helensjoholm.nu\/_eng\/wp-json\/wp\/v2\/media?parent=1376"}],"curies":[{"name":"wp","href":"https:\/\/api.w.org\/{rel}","templated":true}]}}