{"id":13398,"date":"2023-04-08T18:44:31","date_gmt":"2023-04-08T16:44:31","guid":{"rendered":"http:\/\/helensjoholm.nu\/_eng\/?page_id=13398"},"modified":"2023-04-08T18:45:05","modified_gmt":"2023-04-08T16:45:05","slug":"goes-straight-into-our-hearts","status":"publish","type":"page","link":"https:\/\/helensjoholm.nu\/_eng\/press-clips\/reviews-2023\/goes-straight-into-our-hearts\/","title":{"rendered":"Goes straight into our hearts"},"content":{"rendered":"<p><strong>S\u00e4ffle-Tidningen 2023-04-06<\/strong><\/p>\n<p>By: CLAES \u00d6STERMAN<\/p>\n<p><strong>If one were to list Sweden&#8217;s greatest female artists of all time, Helen Sj\u00f6holm would end up among the top names. On Tuesday, she stood on the Citizen&#8217;s House stage and offered a concert that the audience will never forget.<\/strong><\/p>\n<p>If an artist runs like a common thread through <em>Kristina from Duvem\u00e5la<\/em>, <em>Chess<\/em>, <em>As it is in heaven<\/em> and Benny Andersson Band \u2013 then that artist belongs to the greatest. But Helen Sj\u00f6holm is so much more than a singer with gold in her throat and above all you are touched by her warmth, humor and humility. She simply goes straight into our hearts.<\/p>\n<p>Tuesday&#8217;s concert in Medis was a moment of celebration and during certain pieces it felt like a privilege to hear her sing for us. <em>Gabriella&#8217;s song<\/em> is one of our second national anthems and she barely had time to take the last note before the audience (packed to the last seat) stood up and gave a standing ovation the likes of which you rarely see..<\/p>\n<p>And what do you say about <em>You have to be there<\/em> (&#8230;), which is also one of the most beautiful things written in Swedish in the last half century.<\/p>\n<p>They were songs to carry with you into the chilly spring evening, an evening that began with Helen Sj\u00f6holm reminding us that spring is indeed coming and that we should take advantage of the moments. After <em>V\u00e5rvindar friska<\/em> and a fantastic version of <em>H\u00e5rgal\u00e5ten<\/em>, she sang some of her newest songs, including the wonderful love song <em>I morse n\u00e4r du gick<\/em>&nbsp;that Andreas Mattsson has written for her.<\/p>\n<h4>Naughtiest song<\/h4>\n<p>It was a rough throw but dealing with rough throws is typical of the greatest and broadest performers. After beautiful songs about love and passion, Helen threw herself into melancholy and longing \u2013 or more precisely the folk story of <em>K\u00e5ta Maja (Horny Maja)<\/em>, a song so brash it would have made Johnny Bode blush. And the throw is just as sharp when Helen Sj\u00f6holm leads us onto the dance floor with Benny Andersson Band&#8217;s modern classics <em>V\u00e5r sista dans (Our last dance)<\/em> and <em>Du \u00e4r min man (You are my man)<\/em> which was 278 weeks on the Svedish charts.<\/p>\n<p>In this context, one must highlight her accompanist Rikard Nilsson (&#8230;)<\/p>\n<p>We were treated to a few surprises. Helen&#8217;s personal version of Jakob Hellman&#8217;s classic <em>Hon har ett s\u00e4tt (She has a way)<\/em> is called <em>Han har ett s\u00e4tt (He has a way)<\/em> and is a nice declaration of love, and we were certainly impressed by her interpretation of Loreen&#8217;s <em>Euforia<\/em>, which became one of the evening&#8217;s encores in a 100-minute long concert \u2013 which we will not forget.<\/p>\n<p><em>(The entire review is not reproduced for copyright reasons)<\/em><\/p>\n<p><a title=\"Reviews 2023\" href=\"https:\/\/helensjoholm.nu\/_eng\/press-clips\/reviews-2023\/\">Back<\/a><\/p>\n","protected":false},"excerpt":{"rendered":"<p>S\u00e4ffle-Tidningen 2023-04-06 By: CLAES \u00d6STERMAN If one were to list Sweden&#8217;s greatest female artists of all time, Helen Sj\u00f6holm would end up among the top <a class=\"more-link\" href=\"https:\/\/helensjoholm.nu\/_eng\/press-clips\/reviews-2023\/goes-straight-into-our-hearts\/\">Read More &#8230;<\/a><\/p>\n","protected":false},"author":1,"featured_media":0,"parent":13391,"menu_order":0,"comment_status":"closed","ping_status":"closed","template":"","meta":{"ngg_post_thumbnail":0,"footnotes":""},"class_list":["post-13398","page","type-page","status-publish","hentry"],"aioseo_notices":[],"_links":{"self":[{"href":"https:\/\/helensjoholm.nu\/_eng\/wp-json\/wp\/v2\/pages\/13398","targetHints":{"allow":["GET"]}}],"collection":[{"href":"https:\/\/helensjoholm.nu\/_eng\/wp-json\/wp\/v2\/pages"}],"about":[{"href":"https:\/\/helensjoholm.nu\/_eng\/wp-json\/wp\/v2\/types\/page"}],"author":[{"embeddable":true,"href":"https:\/\/helensjoholm.nu\/_eng\/wp-json\/wp\/v2\/users\/1"}],"replies":[{"embeddable":true,"href":"https:\/\/helensjoholm.nu\/_eng\/wp-json\/wp\/v2\/comments?post=13398"}],"version-history":[{"count":0,"href":"https:\/\/helensjoholm.nu\/_eng\/wp-json\/wp\/v2\/pages\/13398\/revisions"}],"up":[{"embeddable":true,"href":"https:\/\/helensjoholm.nu\/_eng\/wp-json\/wp\/v2\/pages\/13391"}],"wp:attachment":[{"href":"https:\/\/helensjoholm.nu\/_eng\/wp-json\/wp\/v2\/media?parent=13398"}],"curies":[{"name":"wp","href":"https:\/\/api.w.org\/{rel}","templated":true}]}}