{"id":13284,"date":"2023-03-05T07:46:39","date_gmt":"2023-03-05T05:46:39","guid":{"rendered":"http:\/\/helensjoholm.nu\/_eng\/?page_id=13284"},"modified":"2024-01-14T15:03:31","modified_gmt":"2024-01-14T13:03:31","slug":"various-2023","status":"publish","type":"page","link":"https:\/\/helensjoholm.nu\/_eng\/press-clips\/various-2023\/","title":{"rendered":"Various 2023"},"content":{"rendered":"<table style=\"height: 66px;\" border=\"1\" cellspacing=\"3\" cellpadding=\"3\">\n<tbody>\n<tr>\n<td><strong>231220<\/strong><\/td>\n<td><a title=\"Born at the same maternity ward \u2013 Sj\u00f6holm and Stadling on Christmas tour\" href=\"https:\/\/helensjoholm.nu\/_eng\/press-clips\/various-2023\/born-at-the-same-maternity-ward-sjoholm-and-stadling-on-christmas-tour\/\">Mitt-i-Stockholm \u2013 Born at the same maternity ward \u2013 Sj\u00f6holm and Stadling on Christmas tour<\/a><\/td>\n<\/tr>\n<tr>\n<td><strong>231003<\/strong><\/td>\n<td><a title=\"\u201cThe worry about trying to stay healthy is ever-present\u201d\" href=\"https:\/\/helensjoholm.nu\/_eng\/press-clips\/various-2023\/the-worry-about-trying-to-stay-healthy-is-ever-present\/\">Aftonbladet \u2013 &#8220;The worry about trying to stay healthy is ever-present&#8221;<\/a><\/td>\n<\/tr>\n<tr style=\"height: 22px;\">\n<td style=\"height: 22px;\"><strong>230319<\/strong><\/td>\n<td style=\"height: 22px;\"><a title=\"Sj\u00f6holm to Sj\u00f6\u00e4ngen\" href=\"https:\/\/helensjoholm.nu\/_eng\/press-clips\/various-2023\/sjoholm-to-sjoangen\/\">Nerikes Allehanda \u2013 Sj\u00f6holm to Sj\u00f6\u00e4ngen<\/a><\/td>\n<\/tr>\n<tr style=\"height: 22px;\">\n<td style=\"height: 22px;\"><strong>230306<\/strong><\/td>\n<td style=\"height: 22px;\"><a title=\"Helen Sj\u00f6holm about \u201cHouse of Angels\u201d and the performance in Str\u00e4ngn\u00e4s\" href=\"https:\/\/helensjoholm.nu\/_eng\/helen-sjoholm-about-house-of-angels-and-the-performance-in-strangnas\/\">S\u00f6dermanlands Nyheter \u2013 Helen Sj\u00f6holm about <em>House of Angels<\/em> and the performance in Str\u00e4ngn\u00e4s<\/a><\/td>\n<\/tr>\n<tr style=\"height: 22px;\">\n<td style=\"height: 22px;\"><strong>230221<\/strong><\/td>\n<td style=\"height: 22px;\"><a title=\"\u201cHouse of Angels\u201d becomes a musical \u2013 paying tribute to the dead stars\" href=\"https:\/\/helensjoholm.nu\/_eng\/press-clips\/various-2023\/house-of-angels-becomes-a-musical-paying-tribute-to-the-dead-stars\/\">Expressen \u2013 <em>House of Angels<\/em> becomes a musical \u2013 paying tribute to the dead stars<\/a><\/td>\n<\/tr>\n<tr style=\"height: 22px;\">\n<td style=\"height: 22px;\"><strong>230221<\/strong><\/td>\n<td style=\"height: 22px;\"><a title=\"\u201cHouse of Angels\u201d becomes a musical with Sj\u00f6holm and K\u00f6rberg\" href=\"https:\/\/helensjoholm.nu\/_eng\/house-of-angels-becomes-a-musical-with-sjoholm-and-korberg\/\">Hallands Nyheter \u2013 <em>House of Angels<\/em> becomes a musical with Sj\u00f6holm and K\u00f6rberg<\/a>&nbsp;<\/td>\n<\/tr>\n<\/tbody>\n<\/table>\n<hr>\n<p><a title=\"Press clips\" href=\"https:\/\/helensjoholm.nu\/_eng\/press-clips\/\">Back<\/a><\/p>\n","protected":false},"excerpt":{"rendered":"<p>231220 Mitt-i-Stockholm \u2013 Born at the same maternity ward \u2013 Sj\u00f6holm and Stadling on Christmas tour 231003 Aftonbladet \u2013 &#8220;The worry about trying to stay <a class=\"more-link\" href=\"https:\/\/helensjoholm.nu\/_eng\/press-clips\/various-2023\/\">Read More &#8230;<\/a><\/p>\n","protected":false},"author":1,"featured_media":0,"parent":152,"menu_order":0,"comment_status":"closed","ping_status":"closed","template":"","meta":{"ngg_post_thumbnail":0,"footnotes":""},"class_list":["post-13284","page","type-page","status-publish","hentry"],"aioseo_notices":[],"_links":{"self":[{"href":"https:\/\/helensjoholm.nu\/_eng\/wp-json\/wp\/v2\/pages\/13284","targetHints":{"allow":["GET"]}}],"collection":[{"href":"https:\/\/helensjoholm.nu\/_eng\/wp-json\/wp\/v2\/pages"}],"about":[{"href":"https:\/\/helensjoholm.nu\/_eng\/wp-json\/wp\/v2\/types\/page"}],"author":[{"embeddable":true,"href":"https:\/\/helensjoholm.nu\/_eng\/wp-json\/wp\/v2\/users\/1"}],"replies":[{"embeddable":true,"href":"https:\/\/helensjoholm.nu\/_eng\/wp-json\/wp\/v2\/comments?post=13284"}],"version-history":[{"count":0,"href":"https:\/\/helensjoholm.nu\/_eng\/wp-json\/wp\/v2\/pages\/13284\/revisions"}],"up":[{"embeddable":true,"href":"https:\/\/helensjoholm.nu\/_eng\/wp-json\/wp\/v2\/pages\/152"}],"wp:attachment":[{"href":"https:\/\/helensjoholm.nu\/_eng\/wp-json\/wp\/v2\/media?parent=13284"}],"curies":[{"name":"wp","href":"https:\/\/api.w.org\/{rel}","templated":true}]}}