{"id":12993,"date":"2022-12-21T10:22:34","date_gmt":"2022-12-21T08:22:34","guid":{"rendered":"http:\/\/helensjoholm.nu\/_eng\/?page_id=12993"},"modified":"2022-12-21T10:27:48","modified_gmt":"2022-12-21T08:27:48","slug":"we-will-become-aunts-together-sing-in-all-the-countrys-homesteads","status":"publish","type":"page","link":"https:\/\/helensjoholm.nu\/_eng\/press-clips\/interviews-2022\/we-will-become-aunts-together-sing-in-all-the-countrys-homesteads\/","title":{"rendered":"We will become aunts together &#038; sing in all the country&#8217;s homesteads"},"content":{"rendered":"<div style=\"width: 710px\" class=\"wp-caption alignnone\"><img loading=\"lazy\" decoding=\"async\" class=\"size-full\" src=\"https:\/\/helensjoholm.nu\/_eng\/wp-content\/gallery\/pressklipp-2021-2030\/ab-sondag-221106-nikola-stankovic.png\" alt=\"Helen and Anna sitting outside in a winter landscape.\" width=\"700\" height=\"399\"><p class=\"wp-caption-text\">Photo &amp; \u00a9 Nikola Stankovic<\/p><\/div>\n<p><strong>Aftonbladet S\u00f6ndag 2022-11-06<\/strong><\/p>\n<p>By: KARIN HEROU<br \/>\nPhoto: NIKOLA STANKOVIC<\/p>\n<p><strong>They were born a day apart, got to know each other at school and have been close friends ever since. Now Helen Sj\u00f6holm and Anna Stadling take tone.<\/strong><\/p>\n<p><strong>\u2013 Our friendship is pure therapy.<\/strong><\/p>\n<hr>\n<p><strong>Name:<\/strong>&nbsp;Helen Sj\u00f6holm.<br \/>\n<strong>Age:<\/strong>&nbsp;52 years.<br \/>\n<strong>Make:<\/strong>&nbsp;Artist.<br \/>\n<strong>Family:<\/strong>&nbsp;Husband, three children.<br \/>\n<strong>Current:<\/strong> With the Christmas tour <em>Sn\u00f6 &amp; marschaller (Snow and marshals)<\/em>.<br \/>\n<strong>Celebrating Christmas:<\/strong>&nbsp;\u201cAt home with&nbsp;loved ones\u201d.<br \/>\n<strong>Wish for Christmas:<\/strong> &#8220;A really good day.&#8221;<\/p>\n<hr>\n<p><strong>Name:<\/strong>&nbsp;Anna Stadling.<br \/>\n<strong>Age:<\/strong>&nbsp;52 years.<br \/>\n<strong>Make:<\/strong>&nbsp;Artist.<br \/>\n<strong>Family:<\/strong>&nbsp;Husband and children.<br \/>\n<strong>Current:<\/strong> With the Christmas tour <em>Sn\u00f6 &amp; marschaller<\/em>.<br \/>\n<strong>Celebrating Christmas:<\/strong> &#8220;It will be a peaceful Christmas at home.&#8221;<br \/>\n<strong>Wish for Christmas:<\/strong> &#8220;Peace, love and understanding.&#8221;<\/p>\n<hr>\n<p>(\u2026)<\/p>\n<p>The light flows into the attic and calm piano tones sound through the hall. A cello is ready, as are the bass, drums and microphones.<\/p>\n<p>Helen Sj\u00f6holm and Anna Stadling will soon be rehearsing for the Christmas concert &#8211; and they cast almost longing glances at the instruments.<\/p>\n<p>\u2013 We usually take half an hour of laughing and crying before we get started, Helen says and turns on the tea water.<\/p>\n<p>\u2013 &nbsp;We let everything slip out. We bring the feelings with us into the music. It&#8217;s pure therapy to be able to play together, says Anna and accepts a cup of black tea, without milk, from Helen.<\/p>\n<p><strong>Their story is<\/strong> a loop of life that is constantly twisting and turning. They were born a day apart at the hospital in Sundsvall and since then their paths have constantly crossed. They started at the same school and Helen remembers the girl who was sure of her tone in the parallel class.<\/p>\n<p>\u2013 &nbsp;Anna had a fearless approach to the singing technique that I was looking for. She came from a family of musicians and I became envious of her voice early on. It spurred me on and developed me, as jealousy does at that age, says Helen.<\/p>\n<p>Childhood in Sundsvall welded them together. They were often at each other&#8217;s houses and met in music. In their free time, they sang in the same choir.<\/p>\n<p>\u2013 The older I get, the more I realize how valuable childhood friends are. I remember the smell at Anna&#8217;s house, remember her grandmother and her family. She has shaped me as a person, says Helen.<\/p>\n<p>Anna nods.<\/p>\n<p>\u2013 &nbsp;We grew up together and I remember how we always struggled with clothes! Every concert with the choir began with the question: What should we wear? Remember the long crochet skirt I had? And pumps? What an 80s look! Anna laughs.<\/p>\n<p>\u2013 &nbsp;And I looked like a little aunt, with a pleated skirt that grandma bought.<\/p>\n<p><strong>In 1990, Anna moved<\/strong> to Stockholm and started at the Academy of Music. Helen moved after, but chose a different musical path. Anna focused on rock and pop and was inspired by Alanis Morissette and Sheryl Crow. Helen took a softer path with musicals and songs in focus.<\/p>\n<p>\u2013 I experienced Anna as so safe, I didn&#8217;t even know if I wanted to do music myself. I had dreams, but Anna was concrete. We went in different directions, but stuck together.<\/p>\n<p>They went to each other&#8217;s concerts and were sometimes seen at home in Sundsvall in the summers.<\/p>\n<p>\u2013 Life went on. It has been busy with work and home and children. At times I have been unable to do anything but work, Helen says.<\/p>\n<p>(\u2026)<\/p>\n<p>\u2013&nbsp;There has never been competition between us because we have not played in the same arenas. Instead, we have been able to talk openly about the uncertainty, prestige and loneliness that can exist in our profession. For me it has been decisive, says Helen.<\/p>\n<p>\u2013 Our relationship has always been very honest and we have never had to pretend in front of each other. Maybe precisely because we are childhood friends and know each other so well, Anna says.<\/p>\n<p><strong>They have 40 years<\/strong> of friendship behind them but it took time before they were on the same stage.<\/p>\n<p>\u2013 Sometimes we did Christmas concerts together in Sundsvall, but no more than that, Helen says.<\/p>\n<p>(\u2026)<\/p>\n<p>Instead, they were seen at &#8220;wine and therapy nights&#8221; and followed each other through the highs and lows of life.<\/p>\n<p>\u2013 There have been difficult periods in life, but it\u00b4s always a pleasure to meet, Anna says.<\/p>\n<p>Four years ago, they both felt it was time&nbsp;\u2013 and together they completed an acclaimed tour. Now they follow up with the Christmas concert&nbsp;<em>Sn\u00f6 och marshaller<\/em>.<\/p>\n<p>\u2013&nbsp;It&#8217;s a favor to work together, we get to both laugh and sing every day.<\/p>\n<p>In the main hall, the instruments have come to life. Jesper Nordenstr\u00f6m sits ready behind the piano, Nisse T\u00f6rnqvist is ready at the drums. Johan Lindstr\u00f6m and Dan Berglund hold guitar and bass and Linnea Olsson stands behind a cello.<\/p>\n<p>\u2013 If nothing else, people should come and see us for the sake of the band, Helen says when she takes her place behind the microphone. Anna stands beside her, both literally and figuratively.<\/p>\n<p><em><strong>How do you envision the future?<\/strong><\/em><br \/>\n\u2013 I think we\u00b4ll become aunts together and play and sing around all the country&#8217;s homesteads, Anna says.<\/p>\n<p>\u2013 Yes, we&#8217;re going to be really old together, Helen says.<\/p>\n<hr>\n<h4>The friends about each other<\/h4>\n<p><strong>ANNA STADLING about her friend HELEN SJ\u00d6HOLM:<\/strong><br \/>\n&#8220;Helen is an incredibly warm and caring person with great depth and seriousness. But she is also full of humor and we laugh a lot together&#8221;.<\/p>\n<p><strong>ANNA STADLING about the artist HELEN SJ\u00d6HOLM:<\/strong><br \/>\n&#8220;She has a primal power in her voice and a breadth, a precision in her narration. My dad was always very impressed with how Helen always tells every word when she sings. I can only agree&#8221;.<\/p>\n<p><strong>HELEN SJ\u00d6HOLM about her friend ANNA STADLING:<\/strong><br \/>\n&#8220;She is present and dares to stay in what is serious. She fiddles with the difficult part until it has come loose. Her sense of humor is fantastic and we laugh a lot together\u201d.<\/p>\n<p><strong>HELEN SJ\u00d6HOLM about the artist ANNA STADLING:<\/strong><br \/>\n&#8220;I can become completely lyrical about her voice, her breadth, expression and the music she writes&#8221;.<\/p>\n<p><em>(The entire interview is not reproduced for copyright reasons)<\/em><\/p>\n<p><a title=\"Interviews 2022\" href=\"https:\/\/helensjoholm.nu\/_eng\/press-clips\/interviews-2022\/\">Back<\/a><\/p>\n","protected":false},"excerpt":{"rendered":"<p>Aftonbladet S\u00f6ndag 2022-11-06 By: KARIN HEROU Photo: NIKOLA STANKOVIC They were born a day apart, got to know each other at school and have been <a class=\"more-link\" href=\"https:\/\/helensjoholm.nu\/_eng\/press-clips\/interviews-2022\/we-will-become-aunts-together-sing-in-all-the-countrys-homesteads\/\">Read More &#8230;<\/a><\/p>\n","protected":false},"author":1,"featured_media":0,"parent":12059,"menu_order":0,"comment_status":"closed","ping_status":"closed","template":"","meta":{"ngg_post_thumbnail":0,"footnotes":""},"class_list":["post-12993","page","type-page","status-publish","hentry"],"aioseo_notices":[],"_links":{"self":[{"href":"https:\/\/helensjoholm.nu\/_eng\/wp-json\/wp\/v2\/pages\/12993","targetHints":{"allow":["GET"]}}],"collection":[{"href":"https:\/\/helensjoholm.nu\/_eng\/wp-json\/wp\/v2\/pages"}],"about":[{"href":"https:\/\/helensjoholm.nu\/_eng\/wp-json\/wp\/v2\/types\/page"}],"author":[{"embeddable":true,"href":"https:\/\/helensjoholm.nu\/_eng\/wp-json\/wp\/v2\/users\/1"}],"replies":[{"embeddable":true,"href":"https:\/\/helensjoholm.nu\/_eng\/wp-json\/wp\/v2\/comments?post=12993"}],"version-history":[{"count":0,"href":"https:\/\/helensjoholm.nu\/_eng\/wp-json\/wp\/v2\/pages\/12993\/revisions"}],"up":[{"embeddable":true,"href":"https:\/\/helensjoholm.nu\/_eng\/wp-json\/wp\/v2\/pages\/12059"}],"wp:attachment":[{"href":"https:\/\/helensjoholm.nu\/_eng\/wp-json\/wp\/v2\/media?parent=12993"}],"curies":[{"name":"wp","href":"https:\/\/api.w.org\/{rel}","templated":true}]}}