{"id":12948,"date":"2022-12-08T14:16:02","date_gmt":"2022-12-08T12:16:02","guid":{"rendered":"http:\/\/helensjoholm.nu\/_eng\/?page_id=12948"},"modified":"2022-12-08T14:16:02","modified_gmt":"2022-12-08T12:16:02","slug":"friends-helen-sjoholm-and-anna-stadling-do-a-christmas-tour-together","status":"publish","type":"page","link":"https:\/\/helensjoholm.nu\/_eng\/press-clips\/interviews-2022\/friends-helen-sjoholm-and-anna-stadling-do-a-christmas-tour-together\/","title":{"rendered":"Friends Helen Sj\u00f6holm and Anna Stadling do a Christmas tour together"},"content":{"rendered":"<div style=\"width: 530px\" class=\"wp-caption alignnone\"><img loading=\"lazy\" decoding=\"async\" class=\"size-medium\" src=\"https:\/\/helensjoholm.nu\/_eng\/wp-content\/gallery\/pressklipp-2021-2030\/dn-221127-2-beatrice-lundborg.png\" alt=\"Helen and Anna, dressed in green, sitting in a red sofa.\" width=\"520\" height=\"346\"><p class=\"wp-caption-text\">Photo &amp; \u00a9 Beatrice Lundborg<\/p><\/div>\n<p><strong>Dagens Nyheter 2022-11-27<\/strong><\/p>\n<p>By: GEORG CEDERSKOG<br \/>\nPhoto: BEATRICE LUNDBORG<\/p>\n<p><strong>They have been singing together since they were twelve years old and became friends in Sundsvall. Now Helen Sj\u00f6holm and Anna Stadling are on a Christmas tour in Sweden with their new album <em>Sn\u00f6 &amp; marshaller (Snow and marshals)<\/em>.<\/strong><\/p>\n<p><strong>\u2013 Many of the songs are music that we grew up with, says the duo to Dagens Nyheter&#8217;s Georg Cederskog.<\/strong><\/p>\n<p>Already as 18-year-olds, they formed a modest duo, Mejram. For several years, they then went around and sang in village halls and meeting rooms in their home region V\u00e4sternorrland. They quickly found a timbre that elevated their singing abilities. A timbre that both challenged and made their vocal resources grow.<\/p>\n<p>Since then, they have done many different things with their voice resources, notes Anna Stadling.<\/p>\n<p>\u2013 Helen had, among other things, theater acting and musical theater and I had a different angle with rock and pop together with, among others, Lasse Winnerb\u00e4ck and Staffan Hellstrand, she summarizes behind her cup of coffee in an already Christmas decorated restaurant at H\u00f6torget in Stockholm.<\/p>\n<p><strong>Stadling and Helen Sj\u00f6holm&#8217;s<\/strong> new <em>Sn\u00f6 &amp; marshaller<\/em> contains thirteen festive songs in a range of different musical genres. From pop and show to classical and traditional Christmas carols from the past.<\/p>\n<p>Bj\u00f6rn Ulvaeu&#8217;s translation of <em>In the bleak midwinter<\/em> to <em>I den bleka vinter<\/em> also Benny Andersson&#8217;s <em>En skrift i sn\u00f6n (A writing in the snow)<\/em> \u2013 with lyrics by Kristina Lugn \u2013 made a special impression during the recording, they say. Julen <em>kan hj\u00e4lpa (Christmas can help)<\/em> by Ron Sexsmith translated by Andreas Mattsson as well.<\/p>\n<p>(\u2026)<\/p>\n<p>Helen Sj\u00f6holm thinks aloud about how Christmas singing, the lyrics and her own reflection have changed over time.<\/p>\n<p>\u2013 Many of the songs are music that we grew up with, for example in the choir singing in Sundsvall (with, among others, the choir director and TV presenter Kjell L\u00f6nn\u00e5). We have our own traditions that have followed us, but at the same time society is changing. Not everyone even celebrates Christmas and there are other and new traditions.<\/p>\n<p><em><strong>What do you have in common as singers?<\/strong><\/em><br \/>\n\u2013 I think we broaden each other&#8217;s sound. We have different strengths, but can work it together so it becomes a cool experience in an intuitive way. I think we recognized ourselves in that already when we met as twelve-year-olds, Helen Sj\u00f6holm answers.<\/p>\n<p>None of them feel at all finished as singers.<\/p>\n<p>\u2013 I discover things in my voice that I can be a little embarrassed about. But I have also become braver in being more undressed and close when I sing, Sj\u00f6holm continues.<\/p>\n<p>Anna Stadling describes how today they can switch gears and sing with a different maturity than before. Her voice has also deepened over time.<\/p>\n<p>(\u2026)<\/p>\n<p><em><strong>Why have carols remained so popular and desired?<\/strong><\/em><br \/>\n\u2013 There is something tender in gathering around one&#8217;s family and making music, Helen Sj\u00f6holm answers. And it&#8217;s music that you can come back to as many times as you like at Christmas.<\/p>\n<p>Both became aware of the choral tradition, choral singing and Christmas music while growing up in Sundsvall. Music that Kjell L\u00f6nn\u00e5, among others, spread across Sweden.<\/p>\n<p>\u2013 When you got to join and sing with three big hallelujah choirs, it didn&#8217;t matter what kind of relationship you have with the faith. When I hear such singing today, I feel so fulfilled and am back again to when I sang in churches as a young person, says Anna Stadling.<\/p>\n<p>Getting to sing together during Christmas is a different and special experience.<\/p>\n<p>(\u2026)<\/p>\n<p>\u2013 Everyone crawls inward and together and then the loneliness can also become more apparent. Lighting a candle and listening to music is a way for me to get through that darkness.<\/p>\n<hr>\n<h4>Childhood friends visit 17 locations<\/h4>\n<p>Helen Sj\u00f6holm and Anna Stadling are currently touring in 17 locations in the country, including 20\/12 in Helsingborg&#8217;s concert hall.<\/p>\n<p>They both have a special love for Mahalia Jackson&#8217;s powerful voice. Anna Stadling also mentions Nat King Cole, Emmylou Harris and Bob Dylan.<\/p>\n<p>The album <em>Sn\u00f6 &amp; marshaller<\/em> was mainly recorded with the producer Tobias Fr\u00f6berg. The title is taken from an original song written by Lars Winnerb\u00e4ck, who is also a guest on the title track.<\/p>\n<p>The touring band during the Christmas concerts includes Johan Lindstr\u00f6m, guitars, Jesper Nordenstr\u00f6m, keyboards, Nisse T\u00f6rnqvist, drums and percussion, Dan Berglund on bass and Linnea Olsson on cello and vocals.<\/p>\n<p><em>(The entire interview is not reproduced for copyright reasons)<\/em><\/p>\n<p><a title=\"Interviews 2022\" href=\"https:\/\/helensjoholm.nu\/_eng\/press-clips\/interviews-2022\/\">Back<\/a><\/p>\n","protected":false},"excerpt":{"rendered":"<p>Dagens Nyheter 2022-11-27 By: GEORG CEDERSKOG Photo: BEATRICE LUNDBORG They have been singing together since they were twelve years old and became friends in Sundsvall. <a class=\"more-link\" href=\"https:\/\/helensjoholm.nu\/_eng\/press-clips\/interviews-2022\/friends-helen-sjoholm-and-anna-stadling-do-a-christmas-tour-together\/\">Read More &#8230;<\/a><\/p>\n","protected":false},"author":1,"featured_media":0,"parent":12059,"menu_order":0,"comment_status":"closed","ping_status":"closed","template":"","meta":{"ngg_post_thumbnail":0,"footnotes":""},"class_list":["post-12948","page","type-page","status-publish","hentry"],"aioseo_notices":[],"_links":{"self":[{"href":"https:\/\/helensjoholm.nu\/_eng\/wp-json\/wp\/v2\/pages\/12948","targetHints":{"allow":["GET"]}}],"collection":[{"href":"https:\/\/helensjoholm.nu\/_eng\/wp-json\/wp\/v2\/pages"}],"about":[{"href":"https:\/\/helensjoholm.nu\/_eng\/wp-json\/wp\/v2\/types\/page"}],"author":[{"embeddable":true,"href":"https:\/\/helensjoholm.nu\/_eng\/wp-json\/wp\/v2\/users\/1"}],"replies":[{"embeddable":true,"href":"https:\/\/helensjoholm.nu\/_eng\/wp-json\/wp\/v2\/comments?post=12948"}],"version-history":[{"count":0,"href":"https:\/\/helensjoholm.nu\/_eng\/wp-json\/wp\/v2\/pages\/12948\/revisions"}],"up":[{"embeddable":true,"href":"https:\/\/helensjoholm.nu\/_eng\/wp-json\/wp\/v2\/pages\/12059"}],"wp:attachment":[{"href":"https:\/\/helensjoholm.nu\/_eng\/wp-json\/wp\/v2\/media?parent=12948"}],"curies":[{"name":"wp","href":"https:\/\/api.w.org\/{rel}","templated":true}]}}