{"id":1286,"date":"2013-05-01T14:21:02","date_gmt":"2013-05-01T12:21:02","guid":{"rendered":"http:\/\/helensjoholm.nu\/_eng\/?page_id=1286"},"modified":"2022-03-13T16:23:03","modified_gmt":"2022-03-13T14:23:03","slug":"sjoholm-likes-to-be-on-tour","status":"publish","type":"page","link":"https:\/\/helensjoholm.nu\/_eng\/press-clips\/interviews-2011\/sjoholm-likes-to-be-on-tour\/","title":{"rendered":"Sj\u00f6holm likes to be on tour"},"content":{"rendered":"<p><strong>V\u00e4sterbottens Folkblad 110413<\/strong><\/p>\n<p>By: NICLAS HOLMLUND<\/p>\n<p><strong>UME\u00c5. Helen Sj\u00f6holm will enjoy tonight&#8217;s appearance in Ume\u00e5 a lot. Together with her nine musicians she is on tour; &#8220;Euforia&#8221; where she interprets songs by Billy Joel.<br \/>\n&#8211; It feels sad that the tour is about to end because it worked so amazingly well for us, Sj\u00f6holm says.<\/strong><\/p>\n<p>Last fall, the album &#8220;Euforia &#8211; Helen Sj\u00f6holm sings Billy Joel&#8221; was released: Helen Sj\u00f6holm&#8217;s first album since &#8220;Visor&#8221; in 2002. &#8211; Since I&#8217;ve done so many other things than releasing albums and touring, it\u00b4s extra fun to be able to get out and meet new audiences now, says Sj\u00f6holm, who lives in Stockholm but has her roots outside Sundsvall. In addition to Billy Joel&#8217;s songs in new versions, the audience will hear interpretations of Nick Cave and Elvis Costello.<\/p>\n<p><strong>Great songs<\/strong><br \/>\nFor many people Helen Sj\u00f6holm is perhaps most well-known from the movie &#8220;As it is in heaven&#8221; and the song &#8220;Gabriella&#8217;s Song&#8221; is also performed during the tour.<br \/>\n&#8211; It&#8217;s fun to mix old and new songs with songs from the album, says Sj\u00f6holm, who thinks the songs grow when she performs them with her nine musician band.<\/p>\n<p>Therefore she&#8217;s is going to enjoy the last gigs on the tour, in Ume\u00e5 tonight and tomorrow in Lule\u00e5.<\/p>\n<p>&#8211; It was nearly five years ago I stood on stage in Ume\u00e5, so it feels like it&#8217;s about time. I have time to visit my cousin and maybe take a walk along the river, but then we roll on, says the 40-year-old.<\/p>\n<p>That the new album would be filled with Billy Joel interpretations were otherwise not obvious. Sj\u00f6holm is not an old fan, but discovered the songs a few years ago.<\/p>\n<p>&#8211; But when I started listening, I discovered more and more. He has written fantastic melodic songs that I really wanted to sing, explains Sj\u00f6holm, who got in touch with Tomas Andersson Wij to ask if he wanted to translate the songs into Swedish.<\/p>\n<p>&#8211; I have always admired his style of writing, and the fact that he wanted to join the project was an important piece of the puzzle that fell into place so that this CD would come to life, Sj\u00f6holm says.<\/p>\n<p><strong>Great movie role<\/strong><br \/>\nShe is very satisfied with Andersson Wij&#8217;s work and says that she would like to work with him again if time and facilities are available. Time is usually in short supply. The great singer and actress Sj\u00f6holm is often engaged in different contexts. Last fall, she played in &#8220;Aniara&#8221; at Stockholm&#8217;s City Theatre and in December of this year the film &#8220;Simon and the oaks&#8221; has premiere, in which Sj\u00f6holm plays Simon&#8217;s mother. In addition to her film roles Sj\u00f6holm also has provided her voice for various cartoon characters.<\/p>\n<p>&#8211; I think it&#8217;s fun to try different things. You always learn something and develop. In the animated movies it has been useful to be musical, because you need a good sense of timing in dubbing, Sj\u00f6holm says.<\/p>\n<p>The next major musical project is a summer tour with Benny Andersson&#8217;s orchestra, including an appearance in \u00d6rnsk\u00f6ldsvik, July 21.<\/p>\n<p><a title=\"Interviews 2011\" href=\"https:\/\/helensjoholm.nu\/_eng\/press-clips\/interviews-2011\/\">Back<\/a><\/p>\n","protected":false},"excerpt":{"rendered":"<p>V\u00e4sterbottens Folkblad 110413 By: NICLAS HOLMLUND UME\u00c5. Helen Sj\u00f6holm will enjoy tonight&#8217;s appearance in Ume\u00e5 a lot. Together with her nine musicians she is on <a class=\"more-link\" href=\"https:\/\/helensjoholm.nu\/_eng\/press-clips\/interviews-2011\/sjoholm-likes-to-be-on-tour\/\">Read More &#8230;<\/a><\/p>\n","protected":false},"author":1,"featured_media":0,"parent":996,"menu_order":0,"comment_status":"closed","ping_status":"closed","template":"","meta":{"ngg_post_thumbnail":0,"footnotes":""},"class_list":["post-1286","page","type-page","status-publish","hentry"],"aioseo_notices":[],"_links":{"self":[{"href":"https:\/\/helensjoholm.nu\/_eng\/wp-json\/wp\/v2\/pages\/1286","targetHints":{"allow":["GET"]}}],"collection":[{"href":"https:\/\/helensjoholm.nu\/_eng\/wp-json\/wp\/v2\/pages"}],"about":[{"href":"https:\/\/helensjoholm.nu\/_eng\/wp-json\/wp\/v2\/types\/page"}],"author":[{"embeddable":true,"href":"https:\/\/helensjoholm.nu\/_eng\/wp-json\/wp\/v2\/users\/1"}],"replies":[{"embeddable":true,"href":"https:\/\/helensjoholm.nu\/_eng\/wp-json\/wp\/v2\/comments?post=1286"}],"version-history":[{"count":0,"href":"https:\/\/helensjoholm.nu\/_eng\/wp-json\/wp\/v2\/pages\/1286\/revisions"}],"up":[{"embeddable":true,"href":"https:\/\/helensjoholm.nu\/_eng\/wp-json\/wp\/v2\/pages\/996"}],"wp:attachment":[{"href":"https:\/\/helensjoholm.nu\/_eng\/wp-json\/wp\/v2\/media?parent=1286"}],"curies":[{"name":"wp","href":"https:\/\/api.w.org\/{rel}","templated":true}]}}