{"id":1176,"date":"2013-04-30T07:51:30","date_gmt":"2013-04-30T05:51:30","guid":{"rendered":"http:\/\/helensjoholm.nu\/_eng\/?page_id=1176"},"modified":"2022-03-15T15:21:57","modified_gmt":"2022-03-15T13:21:57","slug":"an-awesome-sjoholm","status":"publish","type":"page","link":"https:\/\/helensjoholm.nu\/_eng\/press-clips\/reviews-2013\/an-awesome-sjoholm\/","title":{"rendered":"An awesome Sj\u00f6holm"},"content":{"rendered":"<p align=\"left\"><strong> Falk\u00f6pings Tidning 130424<\/strong><\/p>\n<p align=\"left\">By: ROLF JOHANSSON<\/p>\n<p align=\"left\"><strong>FALK\u00d6PING. At last she came to Falk\u00f6ping, for the first concert after the arrival of the twins. The Sundsvall girl with the warm, bubbly happy and grand voice. Mother of three, honorary doctor and Guldbagge winner Helen Sj\u00f6holm.<\/strong><\/p>\n<p>She moves as homely in Falk\u00f6ping and Mora as in New York and London, and has seduced us in Kristina, Chess and My Fair Lady, and whom we have enjoyed in the film melody Gabriella&#8217;s song and all the other pearls.<\/p>\n<p>Without much fanfare she enterd the City Theatre stage on Sunday. Together with her pianist Martin \u00d6stergren she opened the Missionary Church charity concert with H\u00e4r \u00e4r gudagott att vara (It&#8217;s divine to be here) by Wennerberg. And soon it felt like that.<\/p>\n<p><strong>Success story<\/strong><br \/>\nThen a rich cavalcade followed. Horgal\u00e5ten, (Hear the tunes going through the trees) H\u00f6rberg&#8217;s Med \u00f6gon k\u00e4nsliga f\u00f6r gr\u00f6nt (With eyes sensitive to green), and much more. Duvem\u00e5la of course and other musical songs, film melodies, hits and selections from her CD albums. She sang Abba&#8217;s Money, Money and the mega hit from the Swedish charts Du \u00e4r min man (You are my man), love song Somliga s\u00e4ger (Some say; song title Summer cards) and Jeremiah from Tr\u00f6stl\u00f6sa&#8217;s gentle song Man borde inte sova n\u00e4r natten faller p\u00e5 (One shouldn&#8217;t sleep when the night falls).<\/p>\n<p>In between, she told us with distance and humor about her life, from her debut with Kjell L\u00f6nn\u00e5 to all the successes of today. Sometimes in the fullest expressive idiom.<\/p>\n<p>Martin \u00d6stergren accompanied superbly on the grand piano and you didn\u00b4t at all miss the major orchestras Helen Sj\u00f6holm often is surrounded by. When he was not playing he sang and whistled.<br \/>\n&#8211; Our partnership will last for a very long time, Helen said laudatory.<\/p>\n<p>After long standing ovations the guests were rewarded flowers and Helen got thanks and a crane pendant from Councilor Ulf Eriksson. With the encore H\u00e5ll i mig h\u00e5rt och var mig n\u00e4ra (called Our last dance), she finally bid farewell with a melancholy turn on the dance floor.<\/p>\n<p><strong>Intensive job<\/strong><br \/>\nBehind the Missionary Church&#8217;s event there is intense work by the trio Stig-Olof Andersson, Ingvar Lennersten and Kjell Bertilsson. For the third time, they managed to engage businesses and individuals to provide Zimlat Primary School in Kenya the extra help they need. All in all it has become more than a million and this last time 360 000 SEK.<\/p>\n<p><strong>An auction to come<\/strong><br \/>\nAnd the auction of the high school furniture in a few days is not included yet. The L\u00f6fwing lithographs went to Stina L\u00f6nnmyr and Monika Sj\u00f6strand who had placed winning bids of 4100 and 3100 SEK respectively.<\/p>\n<p><a title=\"Reviews 2013\" href=\"https:\/\/helensjoholm.nu\/_eng\/press-clips\/reviews-2013\/\">Back<\/a><\/p>\n","protected":false},"excerpt":{"rendered":"<p>Falk\u00f6pings Tidning 130424 By: ROLF JOHANSSON FALK\u00d6PING. At last she came to Falk\u00f6ping, for the first concert after the arrival of the twins. The Sundsvall <a class=\"more-link\" href=\"https:\/\/helensjoholm.nu\/_eng\/press-clips\/reviews-2013\/an-awesome-sjoholm\/\">Read More &#8230;<\/a><\/p>\n","protected":false},"author":1,"featured_media":0,"parent":780,"menu_order":0,"comment_status":"closed","ping_status":"closed","template":"","meta":{"ngg_post_thumbnail":0,"footnotes":""},"class_list":["post-1176","page","type-page","status-publish","hentry"],"aioseo_notices":[],"_links":{"self":[{"href":"https:\/\/helensjoholm.nu\/_eng\/wp-json\/wp\/v2\/pages\/1176","targetHints":{"allow":["GET"]}}],"collection":[{"href":"https:\/\/helensjoholm.nu\/_eng\/wp-json\/wp\/v2\/pages"}],"about":[{"href":"https:\/\/helensjoholm.nu\/_eng\/wp-json\/wp\/v2\/types\/page"}],"author":[{"embeddable":true,"href":"https:\/\/helensjoholm.nu\/_eng\/wp-json\/wp\/v2\/users\/1"}],"replies":[{"embeddable":true,"href":"https:\/\/helensjoholm.nu\/_eng\/wp-json\/wp\/v2\/comments?post=1176"}],"version-history":[{"count":0,"href":"https:\/\/helensjoholm.nu\/_eng\/wp-json\/wp\/v2\/pages\/1176\/revisions"}],"up":[{"embeddable":true,"href":"https:\/\/helensjoholm.nu\/_eng\/wp-json\/wp\/v2\/pages\/780"}],"wp:attachment":[{"href":"https:\/\/helensjoholm.nu\/_eng\/wp-json\/wp\/v2\/media?parent=1176"}],"curies":[{"name":"wp","href":"https:\/\/api.w.org\/{rel}","templated":true}]}}