{"id":11613,"date":"2021-12-25T12:36:55","date_gmt":"2021-12-25T10:36:55","guid":{"rendered":"http:\/\/helensjoholm.nu\/_eng\/?page_id=11613"},"modified":"2021-12-25T17:03:19","modified_gmt":"2021-12-25T15:03:19","slug":"christmas-concert-with-warmth-and-melancholy","status":"publish","type":"page","link":"https:\/\/helensjoholm.nu\/_eng\/christmas-concert-with-warmth-and-melancholy\/","title":{"rendered":"Christmas concert with warmth and melancholy"},"content":{"rendered":"<p><strong>Gotlands Tidningar 2021-12-18<\/strong><\/p>\n<p>By: LENA TORNDAHL<\/p>\n<p><strong>It was crowded in the cathedral yesterday when Helen Sj\u00f6holm and Anna Stadling together with the musicians Jesper Nordenstr\u00f6m and Tobias Fr\u00f6berg offered two concerts filled with beloved Christmas songs, famous hits and some songs from their brand new album coming this spring.<\/strong><\/p>\n<p>The candles flickered in the freshly plastered ore crowns in the aisle and spread their gentle glow over the rows of benches where people sat close together \u2013 but only a handful had face masks. On the stage stood a grand piano and a small organ and some guitars stood leaning against a chair. The audience buzzed expectantly.<\/p>\n<p><strong>Then they came<\/strong>, childhood friends Sj\u00f6holm and Stadling, and began the concert with a heartfelt interpretation of <em>Gl\u00e4ns \u00f6ver sj\u00f6 och strand<\/em> and <em>Nu t\u00e4ndas tusen juleljus<\/em>. Helen Sj\u00f6holm&#8217;s jubilant soprano with her melancholy timbre was beautifully intertwined with Anna Stadling&#8217;s dark chocolate delicious alto voice, which from time to time floated to mezzo height without effort. Sj\u00f6holm, short-cut and blonde, wore suede boots and an oat-colored dress with a stylized floral pattern that harmonized in color with Stadling&#8217;s chestnut brown suit that stood out beautifully against her red hair (\u2026)<\/p>\n<p>The middle talk flowed nicely and was about musical memories, Christmas joy but also about how important it is to take care of the people on the outskirts. The song <em>Sankta Klara<\/em>, the church in the middle of Stockholm city, was about mercy in everyday life. Then came a wonderful version of <em>Det \u00e4r en ros utsprungen<\/em> and then everyone calmed down and became shiny in the eyes.<\/p>\n<p>Anna Stadling told us about a difficult time a few years ago when life was turned upside down and sang a song with lyrics by Andreas Mattsson that fits just as well now in pandemic times: <em>N\u00e4r allt det h\u00e4r \u00e4r \u00f6ver<\/em>&nbsp;(\u2026) Then we were treated to some pop and americana and then came the long-awaited melody that Sj\u00f6holm sang as if it were new: <em>Gabriella&#8217;s song<\/em>. The audience shouted for joy. A handful of Christmas songs, <em>Som en bro \u00f6ver m\u00f6rka vatten<\/em> and then thank you and goodbye and <em>Stilla natt<\/em> as an encore.<\/p>\n<p><strong>The organizer Robin<\/strong> Waernquist should have a praise for arranging these wonderful concerts. &#8220;When all this is over \/ when all this is finished, when everything is as usual \/ and we have exhaled&#8221; as Mattsson wrote his poetry. We long for that pandemic-free moment (\u2026)<\/p>\n<p><em>(The full review is not reproduced for copyright reasons)<\/em><\/p>\n<p><a title=\"Reviews 2021\" href=\"https:\/\/helensjoholm.nu\/_eng\/press-clips\/reviews-2021\/\">Back<\/a><\/p>\n","protected":false},"excerpt":{"rendered":"<p>Gotlands Tidningar 2021-12-18 By: LENA TORNDAHL It was crowded in the cathedral yesterday when Helen Sj\u00f6holm and Anna Stadling together with the musicians Jesper Nordenstr\u00f6m <a class=\"more-link\" href=\"https:\/\/helensjoholm.nu\/_eng\/christmas-concert-with-warmth-and-melancholy\/\">Read More &#8230;<\/a><\/p>\n","protected":false},"author":1,"featured_media":0,"parent":0,"menu_order":0,"comment_status":"closed","ping_status":"closed","template":"","meta":{"ngg_post_thumbnail":0,"footnotes":""},"class_list":["post-11613","page","type-page","status-publish","hentry"],"aioseo_notices":[],"_links":{"self":[{"href":"https:\/\/helensjoholm.nu\/_eng\/wp-json\/wp\/v2\/pages\/11613","targetHints":{"allow":["GET"]}}],"collection":[{"href":"https:\/\/helensjoholm.nu\/_eng\/wp-json\/wp\/v2\/pages"}],"about":[{"href":"https:\/\/helensjoholm.nu\/_eng\/wp-json\/wp\/v2\/types\/page"}],"author":[{"embeddable":true,"href":"https:\/\/helensjoholm.nu\/_eng\/wp-json\/wp\/v2\/users\/1"}],"replies":[{"embeddable":true,"href":"https:\/\/helensjoholm.nu\/_eng\/wp-json\/wp\/v2\/comments?post=11613"}],"version-history":[{"count":0,"href":"https:\/\/helensjoholm.nu\/_eng\/wp-json\/wp\/v2\/pages\/11613\/revisions"}],"wp:attachment":[{"href":"https:\/\/helensjoholm.nu\/_eng\/wp-json\/wp\/v2\/media?parent=11613"}],"curies":[{"name":"wp","href":"https:\/\/api.w.org\/{rel}","templated":true}]}}