{"id":11446,"date":"2021-12-21T17:00:43","date_gmt":"2021-12-21T15:00:43","guid":{"rendered":"http:\/\/helensjoholm.nu\/_eng\/?page_id=11446"},"modified":"2021-12-21T17:18:40","modified_gmt":"2021-12-21T15:18:40","slug":"julen-kan-hjalpa","status":"publish","type":"page","link":"https:\/\/helensjoholm.nu\/_eng\/albums-2021-and-forward\/julen-kan-hjalpa\/","title":{"rendered":"Julen kan hj\u00e4lpa"},"content":{"rendered":"<table border=\"0\" align=\"left\">\n<tbody>\n<tr>\n<td valign=\"top\"><img loading=\"lazy\" decoding=\"async\" class=\"alignnone\" title=\"Single: Julen kan hj\u00e4lpa (2021)\" src=\"https:\/\/helensjoholm.nu\/_eng\/wp-content\/gallery\/discography-2021-and-forward\/single-julen-kan-hjalpa-2021.jpg\" alt=\"Single: Julen kan hj\u00e4lpa (2021)\" width=\"100\" height=\"100\"><\/td>\n<td valign=\"top\"><b>JULEN KAN HJ\u00c4LPA&nbsp;(SINGLE)<\/b><br \/>\nHelen Sj\u00f6holm, Anna Stadling<br \/>\nUniversal Music AB (2021)<\/td>\n<\/tr>\n<tr style=\"height: 24px;\">\n<td style=\"height: 24px;\" colspan=\"2\">Julen kan hj\u00e4lpa<\/td>\n<\/tr>\n<tr>\n<td colspan=\"2\">Nu t\u00e4ndas tusen juleljus<\/td>\n<\/tr>\n<\/tbody>\n<\/table>\n<h5>Listen!<\/h5>\n<hr>\n<p><iframe loading=\"lazy\" src=\"https:\/\/open.spotify.com\/embed\/album\/6Iwv4yTvNpiuPweVTjltAP?utm_source=generator\" width=\"100%\" height=\"380\" frameborder=\"0\" allowfullscreen=\"allowfullscreen\"><\/iframe><\/p>\n<p><a title=\"Albums 2021 and forward\" href=\"https:\/\/helensjoholm.nu\/_eng\/albums-2021-and-forward\/\">Back<\/a><\/p>\n","protected":false},"excerpt":{"rendered":"<p>JULEN KAN HJ\u00c4LPA&nbsp;(SINGLE) Helen Sj\u00f6holm, Anna Stadling Universal Music AB (2021) Julen kan hj\u00e4lpa Nu t\u00e4ndas tusen juleljus Listen! Back<\/p>\n","protected":false},"author":1,"featured_media":0,"parent":11434,"menu_order":0,"comment_status":"closed","ping_status":"closed","template":"","meta":{"ngg_post_thumbnail":0,"footnotes":""},"class_list":["post-11446","page","type-page","status-publish","hentry"],"aioseo_notices":[],"_links":{"self":[{"href":"https:\/\/helensjoholm.nu\/_eng\/wp-json\/wp\/v2\/pages\/11446","targetHints":{"allow":["GET"]}}],"collection":[{"href":"https:\/\/helensjoholm.nu\/_eng\/wp-json\/wp\/v2\/pages"}],"about":[{"href":"https:\/\/helensjoholm.nu\/_eng\/wp-json\/wp\/v2\/types\/page"}],"author":[{"embeddable":true,"href":"https:\/\/helensjoholm.nu\/_eng\/wp-json\/wp\/v2\/users\/1"}],"replies":[{"embeddable":true,"href":"https:\/\/helensjoholm.nu\/_eng\/wp-json\/wp\/v2\/comments?post=11446"}],"version-history":[{"count":0,"href":"https:\/\/helensjoholm.nu\/_eng\/wp-json\/wp\/v2\/pages\/11446\/revisions"}],"up":[{"embeddable":true,"href":"https:\/\/helensjoholm.nu\/_eng\/wp-json\/wp\/v2\/pages\/11434"}],"wp:attachment":[{"href":"https:\/\/helensjoholm.nu\/_eng\/wp-json\/wp\/v2\/media?parent=11446"}],"curies":[{"name":"wp","href":"https:\/\/api.w.org\/{rel}","templated":true}]}}