{"id":11434,"date":"2021-12-21T16:45:04","date_gmt":"2021-12-21T14:45:04","guid":{"rendered":"http:\/\/helensjoholm.nu\/_eng\/?page_id=11434"},"modified":"2025-01-06T15:16:32","modified_gmt":"2025-01-06T13:16:32","slug":"albums-2021-and-forward","status":"publish","type":"page","link":"https:\/\/helensjoholm.nu\/_eng\/albums-2021-and-forward\/","title":{"rendered":"Albums 2021 and forward"},"content":{"rendered":"<table style=\"height: 0px;\" border=\"1\" cellspacing=\"5\" cellpadding=\"10\">\n<tbody>\n<tr>\n<td style=\"width: 125px;\"><a title=\"Single: Julens r\u00f6ster (2024)\" href=\"https:\/\/helensjoholm.nu\/_eng\/julens-roster-single\/\"><img loading=\"lazy\" decoding=\"async\" class=\"alignnone wp-image-14578 size-full\" src=\"https:\/\/helensjoholm.nu\/_eng\/wp-content\/uploads\/2025\/01\/single-julens-roster-spotify-lyrics-2024.png\" alt=\"Single: Julens r\u00f6ster (2024)\" width=\"100\" height=\"100\"><\/a><\/td>\n<td style=\"text-align: left;\"><strong>JULENS R\u00d6STER (SINGLE)<br \/>\n<\/strong>Universal Music AB (2024)<br \/>\n<a title=\"Single: Julens r\u00f6ster (2024)\" href=\"https:\/\/helensjoholm.nu\/_eng\/julens-roster-single\/\">:: more info<\/a><\/td>\n<\/tr>\n<tr>\n<td style=\"width: 125px;\"><a title=\"Alla kan dansa (2024)\" href=\"https:\/\/helensjoholm.nu\/_eng\/albums-2021-and-forward\/alla-kan-dansa-album\/\"><img loading=\"lazy\" decoding=\"async\" class=\"alignnone wp-image-14575 size-full\" src=\"https:\/\/helensjoholm.nu\/_eng\/wp-content\/uploads\/2024\/12\/album-alla-kan-dansa-2024-spotify.png\" alt=\"Alla kan dansa (2024)\" width=\"100\" height=\"100\" srcset=\"https:\/\/helensjoholm.nu\/_eng\/wp-content\/uploads\/2024\/12\/album-alla-kan-dansa-2024-spotify.png 100w, https:\/\/helensjoholm.nu\/_eng\/wp-content\/uploads\/2024\/12\/album-alla-kan-dansa-2024-spotify-40x40.png 40w\" sizes=\"auto, (max-width: 100px) 100vw, 100px\" \/><\/a><\/td>\n<td style=\"text-align: left;\"><strong>ALLA KAN DANSA<br \/>\n<\/strong>Mono Music AB (2024)<br \/>\n<a title=\"Alla kan dansa (2024)\" href=\"https:\/\/helensjoholm.nu\/_eng\/albums-2021-and-forward\/alla-kan-dansa-album\/\">:: more info&nbsp;<\/a><\/td>\n<\/tr>\n<tr>\n<td style=\"width: 125px;\"><a title=\"The music from the musical House of Angels (2024)\" href=\"https:\/\/helensjoholm.nu\/_eng\/albums-2021-and-forward\/anglagard-house-of-angels-album\/\"><img loading=\"lazy\" decoding=\"async\" class=\"alignnone\" src=\"https:\/\/helensjoholm.nu\/_eng\/wp-content\/uploads\/2024\/12\/album-anglagard-2024-spotify-lyrics.png\" alt=\"The music from the musical House of Angels (2024)\" width=\"100\" height=\"100\"><\/a><\/td>\n<td style=\"text-align: left;\"><strong>MUSIKEN FR\u00c5N MUSIKALEN \u00c4NGLAG\u00c5RD<br \/>\n<\/strong>Playground Music Scandinavia AB (2024)<br \/>\n<a title=\"The music from the musical House of Angels (2024)\" href=\"https:\/\/helensjoholm.nu\/_eng\/albums-2021-and-forward\/anglagard-house-of-angels-album\/\">:: more info<\/a><strong><br \/>\n<\/strong><\/td>\n<\/tr>\n<tr>\n<td style=\"width: 125px;\"><a title=\"Vals i april \u2013 S\u00e5nger av Olle Adolphson\" href=\"https:\/\/helensjoholm.nu\/_eng\/albums-2021-and-forward\/vals-i-april-sanger-av-olle-adolphson-album\/\"><img loading=\"lazy\" decoding=\"async\" class=\"alignnone\" src=\"https:\/\/helensjoholm.nu\/_eng\/wp-content\/uploads\/2025\/01\/album-vals-i-april-sanger-av-olle-adolphson-spotify-lyrics-2024.jpg\" alt=\"Vals i april \u2013 S\u00e5nger av Olle Adolphson (2024)\" width=\"100\" height=\"100\"><\/a><\/td>\n<td style=\"text-align: left;\"><strong>VALS I APRIL \u2013 S\u00c5NGER AV OLLE ADOLPHSON<br \/>\n<\/strong>Playground Music Scandinavia AB (2024)<br \/>\n<a title=\"Vals i april \u2013 S\u00e5nger av Olle Adolphson (2024)\" href=\"https:\/\/helensjoholm.nu\/_eng\/albums-2021-and-forward\/vals-i-april-sanger-av-olle-adolphson-album\/\">:: more info<\/a><strong><br \/>\n<\/strong><\/td>\n<\/tr>\n<tr>\n<td style=\"width: 125px;\"><a href=\"https:\/\/helensjoholm.nu\/_eng\/albums-2021-and-forward\/gravity-single\/\"><img loading=\"lazy\" decoding=\"async\" class=\"alignnone\" title=\"Single: Gravity (2024)\" src=\"https:\/\/helensjoholm.nu\/_eng\/wp-content\/uploads\/2025\/01\/single-gravity-spotify-lyrics-2024.jpg\" alt=\"Single: Gravity (2024)\" width=\"100\" height=\"100\"><\/a><\/td>\n<td style=\"text-align: left;\"><strong>GRAVITY (SINGLE)<\/strong><br \/>\nWidmark Publishing AB, distributed by ADA-Nordic (2024)<br \/>\n<a title=\"Single: Gravity (2024)\" href=\"https:\/\/helensjoholm.nu\/_eng\/albums-2021-and-forward\/gravity-single\/\">:: more info<\/a><strong><br \/>\n<\/strong><\/td>\n<\/tr>\n<tr>\n<td style=\"width: 125px;\"><a href=\"https:\/\/helensjoholm.nu\/_eng\/albums-2021-and-forward\/sangen-om-gleden-single\/\"><img loading=\"lazy\" decoding=\"async\" class=\"alignnone\" title=\"Single: Sangen om Gleden (2023)\" src=\"https:\/\/helensjoholm.nu\/_eng\/wp-content\/gallery\/discography-2021-and-forward\/single-sangen-om-gleden-2023-spotify.jpg\" alt=\"Single: Sangen om Gleden (2023)\" width=\"100\" height=\"100\"><\/a><\/td>\n<td style=\"text-align: left;\"><strong>SANGEN OM GLEDEN (SINGLE)&nbsp;<\/strong><br \/>\nYellow Ball Music (2023)<br \/>\n<a title=\"Single: Sangen om Gleden (2023)\" href=\"https:\/\/helensjoholm.nu\/_eng\/albums-2021-and-forward\/sangen-om-gleden-single\/\">:: more info<\/a><strong><br \/>\n<\/strong><\/td>\n<\/tr>\n<tr>\n<td style=\"width: 125px;\"><a href=\"https:\/\/helensjoholm.nu\/_eng\/albums-2021-and-forward\/sno-marschaller-album\/\"><img loading=\"lazy\" decoding=\"async\" class=\"alignnone\" title=\"Sn\u00f6 &amp; marschaller (2022)\" src=\"https:\/\/helensjoholm.nu\/_eng\/wp-content\/gallery\/discography-2021-and-forward\/sno-och-marschaller-spotify-lyrics-2022.png\" alt=\"Sn\u00f6 &amp; marschaller (2022)\" width=\"100\" height=\"100\"><\/a><\/td>\n<td style=\"text-align: left;\"><strong>SN\u00d6 &amp; MARSCHALLER&nbsp;<\/strong><br \/>\nUniversal Music AB (2022)<br \/>\n<a title=\"Sn\u00f6 &amp; marschaller (2022)\" href=\"https:\/\/helensjoholm.nu\/_eng\/albums-2021-and-forward\/sno-marschaller-album\/\">:: more info<\/a><strong><br \/>\n<\/strong><\/td>\n<\/tr>\n<tr>\n<td style=\"width: 125px;\"><a title=\"Atlantis\" href=\"https:\/\/helensjoholm.nu\/_eng\/albums-2021-and-forward\/atlantis-album\/\"><img loading=\"lazy\" decoding=\"async\" class=\"alignnone\" title=\"Atlantis (2022)\" src=\"https:\/\/helensjoholm.nu\/_eng\/wp-content\/gallery\/discography-2021-and-forward\/single-atlantis-2022-spotify.png\" alt=\"Atlantis (2022)\" width=\"100\" height=\"100\"><\/a><\/td>\n<td style=\"text-align: left;\"><strong>ATLANTIS&nbsp;<br \/>\n<\/strong>Real World Records Ltd (2022)<br \/>\n<a title=\"Atlantis (2022)\" href=\"https:\/\/helensjoholm.nu\/_eng\/albums-2021-and-forward\/atlantis-album\/\">:: more info<\/a><strong><br \/>\n<\/strong><\/td>\n<\/tr>\n<tr>\n<td style=\"width: 125px;\"><a href=\"https:\/\/helensjoholm.nu\/_eng\/albums-2021-and-forward\/julen-kan-hjalpa\/\"><img loading=\"lazy\" decoding=\"async\" class=\"alignnone\" title=\"Single: Julen kan hj\u00e4lpa (2021)\" src=\"https:\/\/helensjoholm.nu\/_eng\/wp-content\/gallery\/discography-2021-and-forward\/single-julen-kan-hjalpa-2021-spotify.jpg\" alt=\"Single: Julen kan hj\u00e4lpa (2021)\" width=\"100\" height=\"100\"><\/a><\/td>\n<td style=\"text-align: left;\"><strong>JULEN KAN HJ\u00c4LPA (SINGLE)<\/strong><br \/>\nUniversal Music AB (2021)<br \/>\n<a title=\"Single: Julen kan hj\u00e4lpa (2021)\" href=\"https:\/\/helensjoholm.nu\/_eng\/albums-2021-and-forward\/julen-kan-hjalpa\/\">:: more info<\/a><strong><br \/>\n<\/strong><\/td>\n<\/tr>\n<tr>\n<td style=\"width: 125px;\"><a href=\"https:\/\/helensjoholm.nu\/_eng\/albums-2021-and-forward\/single-one-man-one-woman\/\"><img loading=\"lazy\" decoding=\"async\" class=\"alignnone\" title=\"Single: One Man One Woman (2021)\" src=\"https:\/\/helensjoholm.nu\/_eng\/wp-content\/gallery\/discography-2021-and-forward\/single-one-man-one-woman-2021-spotify.jpg\" alt=\"Single: One Man One Woman (2021)\" width=\"100\" height=\"100\"><\/a><\/td>\n<td style=\"text-align: left;\"><strong>ONE MAN ONE WOMAN (SINGLE)<\/strong><br \/>\nMono Music AB (2021)<br \/>\n<a title=\"Single: One Man One Woman (2021)\" href=\"https:\/\/helensjoholm.nu\/_eng\/albums-2021-and-forward\/single-one-man-one-woman\/\">:: more info<\/a><strong><br \/>\n<\/strong><\/td>\n<\/tr>\n<\/tbody>\n<\/table>\n<p>&nbsp;<\/p>\n<p><a title=\"Album 2016 \u2013 2020\" href=\"https:\/\/helensjoholm.nu\/_eng\/albums-2016-2020\/\">&lt;&lt; Previous<\/a><\/p>\n","protected":false},"excerpt":{"rendered":"<p>JULENS R\u00d6STER (SINGLE) Universal Music AB (2024) :: more info ALLA KAN DANSA Mono Music AB (2024) :: more info&nbsp; MUSIKEN FR\u00c5N MUSIKALEN \u00c4NGLAG\u00c5RD Playground <a class=\"more-link\" href=\"https:\/\/helensjoholm.nu\/_eng\/albums-2021-and-forward\/\">Read More &#8230;<\/a><\/p>\n","protected":false},"author":1,"featured_media":0,"parent":0,"menu_order":0,"comment_status":"closed","ping_status":"closed","template":"","meta":{"ngg_post_thumbnail":0,"footnotes":""},"class_list":["post-11434","page","type-page","status-publish","hentry"],"aioseo_notices":[],"_links":{"self":[{"href":"https:\/\/helensjoholm.nu\/_eng\/wp-json\/wp\/v2\/pages\/11434","targetHints":{"allow":["GET"]}}],"collection":[{"href":"https:\/\/helensjoholm.nu\/_eng\/wp-json\/wp\/v2\/pages"}],"about":[{"href":"https:\/\/helensjoholm.nu\/_eng\/wp-json\/wp\/v2\/types\/page"}],"author":[{"embeddable":true,"href":"https:\/\/helensjoholm.nu\/_eng\/wp-json\/wp\/v2\/users\/1"}],"replies":[{"embeddable":true,"href":"https:\/\/helensjoholm.nu\/_eng\/wp-json\/wp\/v2\/comments?post=11434"}],"version-history":[{"count":22,"href":"https:\/\/helensjoholm.nu\/_eng\/wp-json\/wp\/v2\/pages\/11434\/revisions"}],"predecessor-version":[{"id":14783,"href":"https:\/\/helensjoholm.nu\/_eng\/wp-json\/wp\/v2\/pages\/11434\/revisions\/14783"}],"wp:attachment":[{"href":"https:\/\/helensjoholm.nu\/_eng\/wp-json\/wp\/v2\/media?parent=11434"}],"curies":[{"name":"wp","href":"https:\/\/api.w.org\/{rel}","templated":true}]}}