{"id":11432,"date":"2021-12-21T16:40:03","date_gmt":"2021-12-21T14:40:03","guid":{"rendered":"http:\/\/helensjoholm.nu\/_eng\/?page_id=11432"},"modified":"2024-12-28T15:22:09","modified_gmt":"2024-12-28T13:22:09","slug":"songs-2021-and-forward","status":"publish","type":"page","link":"https:\/\/helensjoholm.nu\/_eng\/songs-2021-and-forward\/","title":{"rendered":"Songs 2021 and forward"},"content":{"rendered":"<p><img loading=\"lazy\" decoding=\"async\" title=\"Photo and \u00a9 Jesper Nordstr\u00f6m\" src=\"http:\/\/helensjoholm.nu\/wp-content\/gallery\/diskografi\/jespernordstrom_500.jpg\" alt=\"Photo and \u00a9 Jesper Nordstr\u00f6m\" width=\"500\" height=\"336\"><\/p>\n<table style=\"height: 285px;\">\n<tbody>\n<tr style=\"height: 38px;\">\n<td style=\"height: 38px;\" valign=\"top\"><strong>Song<\/strong><\/td>\n<td style=\"height: 38px;\" valign=\"top\"><strong>Singing partner<\/strong><\/td>\n<td style=\"width: 85px; height: 38px;\" valign=\"top\"><strong>First released<\/strong><\/td>\n<td style=\"height: 38px;\" valign=\"top\"><strong>CD(s) \/ digital<\/strong><\/td>\n<\/tr>\n<tr style=\"height: 19px;\">\n<td style=\"height: 19px;\">One Man One Woman<\/td>\n<td style=\"height: 19px;\">Tommy K\u00f6rberg<\/td>\n<td style=\"height: 19px;\">2021<\/td>\n<td style=\"height: 19px;\">Single<\/td>\n<\/tr>\n<tr style=\"height: 19px;\" valign=\"top\">\n<td style=\"height: 19px;\">Julen kan hj\u00e4lpa<\/td>\n<td style=\"height: 19px;\">Anna Stadling<\/td>\n<td style=\"height: 19px;\">2021<\/td>\n<td style=\"height: 19px;\">Single: Julen kan hj\u00e4lpa<\/td>\n<\/tr>\n<tr style=\"height: 19px;\" valign=\"top\">\n<td style=\"height: 19px;\">Nu t\u00e4ndas tusen juleljus<\/td>\n<td style=\"height: 19px;\">Anna Stadling<\/td>\n<td style=\"height: 19px;\">2021<\/td>\n<td style=\"height: 19px;\">Single: Julen kan hj\u00e4lpa<\/td>\n<\/tr>\n<tr style=\"height: 19px;\">\n<td style=\"height: 19px;\">Julens ljus<\/td>\n<td style=\"height: 19px;\">Anna Stadling<\/td>\n<td style=\"height: 19px;\">2022<\/td>\n<td style=\"height: 19px;\">\u2013 Sn\u00f6 &amp; marschaller<\/td>\n<\/tr>\n<tr style=\"height: 19px;\">\n<td style=\"height: 19px;\">O helga natt<\/td>\n<td style=\"height: 19px;\">Anna Stadling<\/td>\n<td style=\"height: 19px;\">2022<\/td>\n<td style=\"height: 19px;\">\u2013 Sn\u00f6 &amp; marschaller<\/td>\n<\/tr>\n<tr style=\"height: 19px;\">\n<td style=\"height: 19px;\">Decemberhimlen brinner<\/td>\n<td style=\"height: 19px;\">Anna Stadling<\/td>\n<td style=\"height: 19px;\">2022<\/td>\n<td style=\"height: 19px;\">\u2013 Sn\u00f6 &amp; marschaller<\/td>\n<\/tr>\n<tr style=\"height: 19px;\">\n<td style=\"height: 19px;\">Jag tror det blir sn\u00f6 i natt<\/td>\n<td style=\"height: 19px;\">Anna Stadling<\/td>\n<td style=\"height: 19px;\">2022<\/td>\n<td style=\"height: 19px;\">\u2013 Sn\u00f6 &amp; marschaller<\/td>\n<\/tr>\n<tr style=\"height: 19px;\">\n<td style=\"height: 19px;\">En skrift i sn\u00f6n<\/td>\n<td style=\"height: 19px;\">Anna Stadling<\/td>\n<td style=\"height: 19px;\">2022<\/td>\n<td style=\"height: 19px;\">\u2013 Sn\u00f6 &amp; marschaller<\/td>\n<\/tr>\n<tr style=\"height: 19px;\">\n<td style=\"height: 19px;\">Aldrig ensam<\/td>\n<td style=\"height: 19px;\">Anna Stadling<\/td>\n<td style=\"height: 19px;\">2022<\/td>\n<td style=\"height: 19px;\">\u2013 Sn\u00f6 &amp; marschaller<\/td>\n<\/tr>\n<tr style=\"height: 19px;\">\n<td style=\"height: 19px;\">H\u00f6r du det som jag h\u00f6r?<\/td>\n<td style=\"height: 19px;\">Anna Stadling<\/td>\n<td style=\"height: 19px;\">2022<\/td>\n<td style=\"height: 19px;\">\u2013 Sn\u00f6 &amp; marschaller<\/td>\n<\/tr>\n<tr style=\"height: 19px;\">\n<td style=\"height: 19px;\">I den bleka vinter<\/td>\n<td style=\"height: 19px;\">Anna Stadling<\/td>\n<td style=\"height: 19px;\">2022<\/td>\n<td style=\"height: 19px;\">\u2013 Sn\u00f6 &amp; marschaller<\/td>\n<\/tr>\n<tr style=\"height: 19px;\">\n<td style=\"height: 19px;\">Vinters\u00e5ng<\/td>\n<td style=\"height: 19px;\">Anna Stadling<\/td>\n<td style=\"height: 19px;\">2022<\/td>\n<td style=\"height: 19px;\">\u2013 Sn\u00f6 &amp; marschaller<\/td>\n<\/tr>\n<tr style=\"height: 19px;\">\n<td style=\"height: 19px;\">Sn\u00f6 &amp; marschaller<\/td>\n<td style=\"height: 19px;\">Anna Stadling, Lars Winnerb\u00e4ck<\/td>\n<td style=\"height: 19px;\">2022<\/td>\n<td style=\"height: 19px;\">\u2013 Sn\u00f6 &amp; marschaller<\/td>\n<\/tr>\n<tr style=\"height: 19px;\">\n<td style=\"height: 19px;\">Precis som i sagorna<\/td>\n<td style=\"height: 19px;\">Anna Stadling<\/td>\n<td style=\"height: 19px;\">2022<\/td>\n<td style=\"height: 19px;\">\u2013 Sn\u00f6 &amp; marschaller<\/td>\n<\/tr>\n<tr style=\"height: 19px;\">\n<td style=\"height: 19px;\">Hulls (Atlantis) feat.<\/td>\n<td style=\"height: 19px;\">Loney Dear<\/td>\n<td style=\"height: 19px;\">2022<\/td>\n<td style=\"height: 19px;\">\u2013 Atlantis<\/td>\n<\/tr>\n<tr style=\"height: 19px;\">\n<td style=\"height: 19px;\">Sangen om Gleden<\/td>\n<td style=\"height: 19px;\">Sigvart Dagsland<\/td>\n<td style=\"height: 19px;\">2023<\/td>\n<td style=\"height: 19px;\">Single<\/td>\n<\/tr>\n<tr style=\"height: 19px;\">\n<td style=\"height: 19px;\">Gravity<\/td>\n<td style=\"height: 19px;\">Anders Widmark<\/td>\n<td style=\"height: 19px;\">2024<\/td>\n<td style=\"height: 19px;\">Single<\/td>\n<\/tr>\n<tr style=\"height: 19px;\">\n<td style=\"height: 19px;\">Siv och Gunne<\/td>\n<td style=\"height: 19px;\">&nbsp;<\/td>\n<td style=\"height: 19px;\">2024<\/td>\n<td style=\"height: 19px;\">\u2013 Vals i april \u2013 S\u00e5nger av Olle Adolphson<\/td>\n<\/tr>\n<tr style=\"height: 19px;\">\n<td style=\"height: 19px;\">Sign. \u201dKarlsson \u2013 evig v\u00e5r\u201d &amp; Helga Andersson<\/td>\n<td style=\"height: 19px;\">Tommy K\u00f6rberg<\/td>\n<td style=\"height: 19px;\">2024<\/td>\n<td style=\"height: 19px;\">\u2013 Vals i april \u2013 S\u00e5nger av Olle Adolphson<\/td>\n<\/tr>\n<tr style=\"height: 19px;\">\n<td style=\"height: 19px;\">Rim i juli<\/td>\n<td style=\"height: 19px;\">&nbsp;<\/td>\n<td style=\"height: 19px;\">2024<\/td>\n<td style=\"height: 19px;\">\u2013 Vals i april \u2013 S\u00e5nger av Olle Adolphson<\/td>\n<\/tr>\n<tr style=\"height: 19px;\">\n<td style=\"height: 19px;\">Prolog<\/td>\n<td style=\"height: 19px;\">&nbsp;<\/td>\n<td style=\"height: 19px;\">2024<\/td>\n<td style=\"height: 19px;\">\u2013 \u00c4nglag\u00e5rd<\/td>\n<\/tr>\n<tr style=\"height: 19px;\">\n<td style=\"height: 19px;\">Minnet av dig<\/td>\n<td style=\"height: 19px;\">&nbsp;<\/td>\n<td style=\"height: 19px;\">2024<\/td>\n<td style=\"height: 19px;\">\u2013 \u00c4nglag\u00e5rd<\/td>\n<\/tr>\n<tr style=\"height: 19px;\">\n<td style=\"height: 19px;\">Sticka, sticka<\/td>\n<td style=\"height: 19px;\">Sofia Pekkari, Jenny Holmgren, Th\u00e9r\u00e8se Andersson<\/td>\n<td style=\"height: 19px;\">2024<\/td>\n<td style=\"height: 19px;\">\u2013 \u00c4nglag\u00e5rd<\/td>\n<\/tr>\n<tr style=\"height: 19px;\">\n<td style=\"height: 19px;\">Min plats i solen<\/td>\n<td style=\"height: 19px;\">&nbsp;<\/td>\n<td style=\"height: 19px;\">2024<\/td>\n<td style=\"height: 19px;\">\u2013 \u00c4nglag\u00e5rd<\/td>\n<\/tr>\n<tr style=\"height: 19px;\">\n<td style=\"height: 19px;\">K\u00f6tt och blod<\/td>\n<td style=\"height: 19px;\">Tuva B Larsen, ensemblen<\/td>\n<td style=\"height: 19px;\">2024<\/td>\n<td style=\"height: 19px;\">\u2013 \u00c4nglag\u00e5rd<\/td>\n<\/tr>\n<tr style=\"height: 19px;\">\n<td style=\"height: 19px;\">Rannsakan<\/td>\n<td style=\"height: 19px;\">Fredrik Lykke<\/td>\n<td style=\"height: 19px;\">2024<\/td>\n<td style=\"height: 19px;\">\u2013 \u00c4nglag\u00e5rd<\/td>\n<\/tr>\n<tr style=\"height: 19px;\">\n<td style=\"height: 19px;\">Moln av vita l\u00f6gner<\/td>\n<td style=\"height: 19px;\">Fredrik Lykke<\/td>\n<td style=\"height: 19px;\">2024<\/td>\n<td style=\"height: 19px;\">\u2013 \u00c4nglag\u00e5rd<\/td>\n<\/tr>\n<tr style=\"height: 19px;\">\n<td style=\"height: 19px;\">Som en sprucken mandolin<\/td>\n<td style=\"height: 19px;\">&nbsp;<\/td>\n<td style=\"height: 19px;\">2024<\/td>\n<td style=\"height: 19px;\">\u2013 Alla kan dansa<\/td>\n<\/tr>\n<tr style=\"height: 19px;\">\n<td style=\"height: 19px;\">Det \u00e4r s\u00e5 det k\u00e4nns<\/td>\n<td style=\"height: 19px;\">Tommy K\u00f6rberg<\/td>\n<td style=\"height: 19px;\">2024<\/td>\n<td style=\"height: 19px;\">\u2013 Alla kan dansa<\/td>\n<\/tr>\n<tr style=\"height: 19px;\">\n<td style=\"height: 19px;\">Lagt kort ligger<\/td>\n<td style=\"height: 19px;\">&nbsp;<\/td>\n<td style=\"height: 19px;\">2024<\/td>\n<td style=\"height: 19px;\">\u2013 Alla kan dansa<\/td>\n<\/tr>\n<tr style=\"height: 19px;\">\n<td style=\"height: 19px;\">Du ser s\u00e5 s\u00f6t ut n\u00e4r du dansar<\/td>\n<td style=\"height: 19px;\">&nbsp;<\/td>\n<td style=\"height: 19px;\">2024<\/td>\n<td style=\"height: 19px;\">\u2013 Alla kan dansa<\/td>\n<\/tr>\n<tr style=\"height: 19px;\">\n<td style=\"height: 19px;\">Hos dig vill jag vara<\/td>\n<td style=\"height: 19px;\">Tommy K\u00f6rberg<\/td>\n<td style=\"height: 19px;\">2024<\/td>\n<td style=\"height: 19px;\">\u2013 Alla kan dansa<\/td>\n<\/tr>\n<tr style=\"height: 19px;\">\n<td style=\"height: 19px;\">S\u00e5 l\u00e4nge det finns liv, finns det hopp<\/td>\n<td style=\"height: 19px;\">Tommy K\u00f6rberg<\/td>\n<td style=\"height: 19px;\">2024<\/td>\n<td style=\"height: 19px;\">\u2013 Alla kan dansa<\/td>\n<\/tr>\n<tr style=\"height: 19px;\">\n<td style=\"height: 19px;\">Om det bara vore s\u00e5 l\u00e4tt<\/td>\n<td style=\"height: 19px;\">&nbsp;<\/td>\n<td style=\"height: 19px;\">2024<\/td>\n<td style=\"height: 19px;\">\u2013 Alla kan dansa<\/td>\n<\/tr>\n<tr style=\"height: 19px;\">\n<td style=\"height: 19px;\">V\u00e5rarna som f\u00f6rsvann<\/td>\n<td style=\"height: 19px;\">Tommy K\u00f6rberg<\/td>\n<td style=\"height: 19px;\">2024<\/td>\n<td style=\"height: 19px;\">\u2013 Alla kan dansa<\/td>\n<\/tr>\n<tr>\n<td>Julens r\u00f6ster<\/td>\n<td>Anna Stadling<\/td>\n<td>2024<\/td>\n<td>Single: Julens r\u00f6ster<\/td>\n<\/tr>\n<tr>\n<td>V\u00e5r v\u00e4nskap best\u00e5r<\/td>\n<td>Anna Stadling<\/td>\n<td>2024<\/td>\n<td>Single: Julens r\u00f6ster<\/td>\n<\/tr>\n<\/tbody>\n<\/table>\n<p>&nbsp;<\/p>\n","protected":false},"excerpt":{"rendered":"<p>Song Singing partner First released CD(s) \/ digital One Man One Woman Tommy K\u00f6rberg 2021 Single Julen kan hj\u00e4lpa Anna Stadling 2021 Single: Julen kan <a class=\"more-link\" href=\"https:\/\/helensjoholm.nu\/_eng\/songs-2021-and-forward\/\">Read More &#8230;<\/a><\/p>\n","protected":false},"author":1,"featured_media":0,"parent":0,"menu_order":0,"comment_status":"closed","ping_status":"closed","template":"","meta":{"ngg_post_thumbnail":0,"footnotes":""},"class_list":["post-11432","page","type-page","status-publish","hentry"],"aioseo_notices":[],"_links":{"self":[{"href":"https:\/\/helensjoholm.nu\/_eng\/wp-json\/wp\/v2\/pages\/11432","targetHints":{"allow":["GET"]}}],"collection":[{"href":"https:\/\/helensjoholm.nu\/_eng\/wp-json\/wp\/v2\/pages"}],"about":[{"href":"https:\/\/helensjoholm.nu\/_eng\/wp-json\/wp\/v2\/types\/page"}],"author":[{"embeddable":true,"href":"https:\/\/helensjoholm.nu\/_eng\/wp-json\/wp\/v2\/users\/1"}],"replies":[{"embeddable":true,"href":"https:\/\/helensjoholm.nu\/_eng\/wp-json\/wp\/v2\/comments?post=11432"}],"version-history":[{"count":3,"href":"https:\/\/helensjoholm.nu\/_eng\/wp-json\/wp\/v2\/pages\/11432\/revisions"}],"predecessor-version":[{"id":14584,"href":"https:\/\/helensjoholm.nu\/_eng\/wp-json\/wp\/v2\/pages\/11432\/revisions\/14584"}],"wp:attachment":[{"href":"https:\/\/helensjoholm.nu\/_eng\/wp-json\/wp\/v2\/media?parent=11432"}],"curies":[{"name":"wp","href":"https:\/\/api.w.org\/{rel}","templated":true}]}}