{"id":11328,"date":"2021-11-21T11:49:47","date_gmt":"2021-11-21T09:49:47","guid":{"rendered":"http:\/\/helensjoholm.nu\/_eng\/?page_id=11328"},"modified":"2021-11-21T11:52:28","modified_gmt":"2021-11-21T09:52:28","slug":"lovely-stage-personality","status":"publish","type":"page","link":"https:\/\/helensjoholm.nu\/_eng\/press-clips\/reviews-2021\/lovely-stage-personality\/","title":{"rendered":"Lovely stage personality"},"content":{"rendered":"<p><strong>V\u00e4sterbottens Folkblad 2021-11-20<\/strong><\/p>\n<p>By: HENRIK L\u00c5NG<\/p>\n<h4>HELEN SJ\u00d6HOLM<\/h4>\n<p>Idun, Ume\u00e5<br \/>\n++++<br \/>\n<strong>Audience:<\/strong> Almost crowded.<br \/>\n<strong>Duration:<\/strong> 105 minutes.<br \/>\n<strong>Best:<\/strong> <em>Vilar glad i din famn (Rest Happy In Your Arms)<\/em> and <em>Samma h\u00e4r (Same here)<\/em>.<br \/>\n(\u2026)<\/p>\n<p>The ongoing tour, titled after last year&#8217;s album <em>En ny tid (A New Time)<\/em>, has been described as a refreshing fresh start. It&#8217;s easy to understand why. With several fresh songs and a new, excellent band in the back, Helen Sj\u00f6holm can let her patented sense of style and tone of voice stabilize the motley genre mix that is presented.<\/p>\n<p>Already in the finely tuned opening <em>Jag har bara \u00f6gonblick (I Have Only Moments)<\/em>, a gentle presence is marked, and what follows is a demonstration of the noble art of alternating hilarity with quiet ballads and thoughtful interludes.<\/p>\n<p>She tells, personally and humorously, about the small moments of happiness, about the relentless traces of aging and the power of music. Without the resonant inserts ever feeling glued.<\/p>\n<p>(\u2026) Astonishing to note how well the sharp shifts in mood and style work. Indestructible, familiar gems like <em>Du m\u00e5ste finnas (You Have To Be There)<\/em>, <em>Du \u00e4r min man (You Are My Man)<\/em> and <em>Gabriella&#8217;s song<\/em> mingle with dignified restrained versions of Loreen&#8217;s <em>Euphoria<\/em> and Markus Kruneg\u00e5rd&#8217;s <em>Korallreven &amp; Vintergata (Coral Reef &amp; Milky Way)<\/em> as well as a cabaret take on <em>Han har ett s\u00e4tt (He Has A Way)<\/em> and a noisy intense <em>Barpianisten<\/em> (a Swedishization of Billy Joels <em>Piano Man<\/em>).<\/p>\n<p>These winding shifts give the accompanying quintet the chance to take the turns. And floor-driven instrumentalists such as guitarist Ola Gustafsson, drummer Andreas Dahlb\u00e4ck and bassist Martin H\u00f6per make the best of the situation: the former in particular spices up the sound with tonal colors and short solos. Still, despite all the energy, it\u00b4s actually in the calmer parts that Helen Sj\u00f6holm shines the strongest. Andreas Mattsson&#8217;s heartbreaking <em>Samma h\u00e4r (Same here)<\/em> touches deeply, which can also be said about <em>Vilar glad i din famn (Rest Happy In Your Arms) <\/em>with music by Benny Andersson and lyrics by Kristina Lugn. And it&#8217;s hard to imagine a more appropriate farewell number than<em> V\u00e5r sista dans (Our Last Dance)<\/em>. The standing ovations are fully justified.<\/p>\n<p><em>(The full review is not reproduced for copyright reasons)<\/em><\/p>\n<p><a title=\"Reviews 2021\" href=\"https:\/\/helensjoholm.nu\/_eng\/press-clips\/reviews-2021\/\">Back<\/a><\/p>\n","protected":false},"excerpt":{"rendered":"<p>V\u00e4sterbottens Folkblad 2021-11-20 By: HENRIK L\u00c5NG HELEN SJ\u00d6HOLM Idun, Ume\u00e5 ++++ Audience: Almost crowded. Duration: 105 minutes. Best: Vilar glad i din famn (Rest Happy <a class=\"more-link\" href=\"https:\/\/helensjoholm.nu\/_eng\/press-clips\/reviews-2021\/lovely-stage-personality\/\">Read More &#8230;<\/a><\/p>\n","protected":false},"author":1,"featured_media":0,"parent":11281,"menu_order":0,"comment_status":"closed","ping_status":"closed","template":"","meta":{"ngg_post_thumbnail":0,"footnotes":""},"class_list":["post-11328","page","type-page","status-publish","hentry"],"aioseo_notices":[],"_links":{"self":[{"href":"https:\/\/helensjoholm.nu\/_eng\/wp-json\/wp\/v2\/pages\/11328","targetHints":{"allow":["GET"]}}],"collection":[{"href":"https:\/\/helensjoholm.nu\/_eng\/wp-json\/wp\/v2\/pages"}],"about":[{"href":"https:\/\/helensjoholm.nu\/_eng\/wp-json\/wp\/v2\/types\/page"}],"author":[{"embeddable":true,"href":"https:\/\/helensjoholm.nu\/_eng\/wp-json\/wp\/v2\/users\/1"}],"replies":[{"embeddable":true,"href":"https:\/\/helensjoholm.nu\/_eng\/wp-json\/wp\/v2\/comments?post=11328"}],"version-history":[{"count":0,"href":"https:\/\/helensjoholm.nu\/_eng\/wp-json\/wp\/v2\/pages\/11328\/revisions"}],"up":[{"embeddable":true,"href":"https:\/\/helensjoholm.nu\/_eng\/wp-json\/wp\/v2\/pages\/11281"}],"wp:attachment":[{"href":"https:\/\/helensjoholm.nu\/_eng\/wp-json\/wp\/v2\/media?parent=11328"}],"curies":[{"name":"wp","href":"https:\/\/api.w.org\/{rel}","templated":true}]}}