{"id":11284,"date":"2021-11-14T10:46:10","date_gmt":"2021-11-14T08:46:10","guid":{"rendered":"http:\/\/helensjoholm.nu\/_eng\/?page_id=11284"},"modified":"2021-11-20T19:58:35","modified_gmt":"2021-11-20T17:58:35","slug":"helen-sjoholms-concert-is-a-generously-sung-self-portrait","status":"publish","type":"page","link":"https:\/\/helensjoholm.nu\/_eng\/press-clips\/reviews-2021\/helen-sjoholms-concert-is-a-generously-sung-self-portrait\/","title":{"rendered":"Helen Sj\u00f6holm\u2019s concert is a generously sung self-portrait"},"content":{"rendered":"<p><strong>Aftonbladet 2021-11-08<\/strong><\/p>\n<p>By: JENS PETERSON<\/p>\n<p><strong>Rating:<\/strong> 4 out of 5 plus<\/p>\n<h4>Helen Sj\u00f6holm: En ny tid<\/h4>\n<p>V\u00e4ster\u00e5s. Tour premiere.<br \/>\n<strong>Duration:<\/strong> 1 hour 45 minutes.<br \/>\n<strong>Musicians:<\/strong> Andreas Dahlb\u00e4ck, Rickard Nilsson, Ola Gustafsson, Erik Arvinder, Martin H\u00f6per.<br \/>\n<strong>Best:<\/strong> Rest happy in your arms.<\/p>\n<p><strong>Say Helen Sj\u00f6holm. Then the audience expects certain songs. Yes, she offers many of her aces this concert. But she also mixes new playing cards into the game. A strong evening with a lot of euphoria.<\/strong><\/p>\n<p>(&#8230;)<\/p>\n<p>In the autumn of 2020 the album <em>En ny tid (A New Time)<\/em> was released, with tailor-made songs by Jonatan J\u00e4rpehag \/ Paulina Palmgren, as well as Andreas Mattson and Anna Ternhielm. On <em>Armarna som lyfter dig (The Arms That Raise You)<\/em>, Helen Sj\u00f6holm and Annika Norlin have contributed to the lyrics. The new songs are included in the concert, and they lift when performed live.<\/p>\n<p>Good small talk intertwines the songs around thoughts of looking around life with new eyes. Helen Sj\u00f6holm knows that many want to hear evergreen hits like <em>Du \u00e4r min man (You Are My Man)<\/em> and she already performs it as the third number and shouts &#8220;We\u00b4ll not save on anything&#8221;. She brings five fantastic musicians who give the evening an impressively varied sound. Many musical expressions.<\/p>\n<p>Helen Sj\u00f6holm was an exclamation point in last year&#8217;s <em>S\u00e5 mycket b\u00e4ttre (So much better)<\/em>, and among the concert&#8217;s highlights is her interpretation of Jakob Hellman&#8217;s <em>Han har ett s\u00e4tt (He has a way)<\/em> with memorable arrangement, and Loreen&#8217;s <em>Euforia<\/em>. There is also wonderful energy in the <em>Barpianist<\/em>. From the album <em>Euforia<\/em>, Billy Joel melodies with lyrics by Tomas Andersson Wij.<\/p>\n<p>Another of the evening&#8217;s strongest is <em>F\u00f6r att jag \u00e4lskar dig<\/em>, Bob Dylan&#8217;s <em>To make you feel my love<\/em> with lyrics by Mikael Wiehe.<\/p>\n<p>A wide mix (&#8230;) But overall a generous self-portrait of one of the greatest artists. You go out into the autumn darkness with the feeling that a new time can be a brighter time.<\/p>\n<p>(&#8230;)<\/p>\n<p><em>(The entire reviewis not reproduced for copyright reasons)<\/em><\/p>\n<p><a title=\"Reviews 2021\" href=\"https:\/\/helensjoholm.nu\/_eng\/press-clips\/reviews-2021\/\">Back<\/a><\/p>\n","protected":false},"excerpt":{"rendered":"<p>Aftonbladet 2021-11-08 By: JENS PETERSON Rating: 4 out of 5 plus Helen Sj\u00f6holm: En ny tid V\u00e4ster\u00e5s. Tour premiere. Duration: 1 hour 45 minutes. Musicians: <a class=\"more-link\" href=\"https:\/\/helensjoholm.nu\/_eng\/press-clips\/reviews-2021\/helen-sjoholms-concert-is-a-generously-sung-self-portrait\/\">Read More &#8230;<\/a><\/p>\n","protected":false},"author":1,"featured_media":0,"parent":11281,"menu_order":0,"comment_status":"closed","ping_status":"closed","template":"","meta":{"ngg_post_thumbnail":0,"footnotes":""},"class_list":["post-11284","page","type-page","status-publish","hentry"],"aioseo_notices":[],"_links":{"self":[{"href":"https:\/\/helensjoholm.nu\/_eng\/wp-json\/wp\/v2\/pages\/11284","targetHints":{"allow":["GET"]}}],"collection":[{"href":"https:\/\/helensjoholm.nu\/_eng\/wp-json\/wp\/v2\/pages"}],"about":[{"href":"https:\/\/helensjoholm.nu\/_eng\/wp-json\/wp\/v2\/types\/page"}],"author":[{"embeddable":true,"href":"https:\/\/helensjoholm.nu\/_eng\/wp-json\/wp\/v2\/users\/1"}],"replies":[{"embeddable":true,"href":"https:\/\/helensjoholm.nu\/_eng\/wp-json\/wp\/v2\/comments?post=11284"}],"version-history":[{"count":0,"href":"https:\/\/helensjoholm.nu\/_eng\/wp-json\/wp\/v2\/pages\/11284\/revisions"}],"up":[{"embeddable":true,"href":"https:\/\/helensjoholm.nu\/_eng\/wp-json\/wp\/v2\/pages\/11281"}],"wp:attachment":[{"href":"https:\/\/helensjoholm.nu\/_eng\/wp-json\/wp\/v2\/media?parent=11284"}],"curies":[{"name":"wp","href":"https:\/\/api.w.org\/{rel}","templated":true}]}}