{"id":1050,"date":"2013-04-26T18:13:41","date_gmt":"2013-04-26T16:13:41","guid":{"rendered":"http:\/\/helensjoholm.nu\/_eng\/?page_id=1050"},"modified":"2022-03-13T19:21:33","modified_gmt":"2022-03-13T17:21:33","slug":"no-one-mixes-like-benny-does","status":"publish","type":"page","link":"https:\/\/helensjoholm.nu\/_eng\/press-clips\/reviews-2011\/no-one-mixes-like-benny-does\/","title":{"rendered":"No one mixes like Benny does"},"content":{"rendered":"<p><strong>Uppsala Nya Tidning 110615<\/strong><\/p>\n<p>By: ULF GUSTAVSSON<\/p>\n<p><strong>REVIEW: On the new CD with Benny Andersson Band reminiscences of older pop join together with folk tune and other popular music, Ulf Gustavsson writes.<\/strong><\/p>\n<p><strong>++++<\/strong><\/p>\n<p>Benny Andersson mixes musical genres like no one else, sometimes in the same song. Yet it\u00b4s no doubt that the music comes from him. It is in a special esprit, a melodic flow, the ability to tread the familiar musical grounds with the eyes of a curious child.<\/p>\n<p>On the new CD with Benny Andersson Band reminiscences of older Swedish pop join together with folk tune and other popular music. Here is a hilarious circus polka, as well as the excellent Tommy K\u00f6rberg ballad &#8220;Jag h\u00f6r&#8221; (I hear&#8230;) Or a musical influenced anthem with a little Kristina feeling when Helen Sj\u00f6holm sings &#8220;Vilar glad. I din famn&#8221; (Resting Happy. In your arms) with lyrics by Kristina Lugn.<\/p>\n<p>Most of all I appreciate the moments when Benny Andersson settles close to the Swedish folk music, in a song like &#8220;Alla goda ting&#8221; (All Good Things), one of those rare major- minor- meandering melodies. Or when he approaches Peterson-Berger in the piano miniature &#8220;Flickornas rum&#8221; (The Girls Room).<\/p>\n<p><a title=\"Reviews 2011\" href=\"https:\/\/helensjoholm.nu\/_eng\/press-clips\/reviews-2011\/\">Back<\/a><\/p>\n<p>&nbsp;<\/p>\n","protected":false},"excerpt":{"rendered":"<p>Uppsala Nya Tidning 110615 By: ULF GUSTAVSSON REVIEW: On the new CD with Benny Andersson Band reminiscences of older pop join together with folk tune <a class=\"more-link\" href=\"https:\/\/helensjoholm.nu\/_eng\/press-clips\/reviews-2011\/no-one-mixes-like-benny-does\/\">Read More &#8230;<\/a><\/p>\n","protected":false},"author":1,"featured_media":0,"parent":946,"menu_order":0,"comment_status":"closed","ping_status":"closed","template":"","meta":{"ngg_post_thumbnail":0,"footnotes":""},"class_list":["post-1050","page","type-page","status-publish","hentry"],"aioseo_notices":[],"_links":{"self":[{"href":"https:\/\/helensjoholm.nu\/_eng\/wp-json\/wp\/v2\/pages\/1050","targetHints":{"allow":["GET"]}}],"collection":[{"href":"https:\/\/helensjoholm.nu\/_eng\/wp-json\/wp\/v2\/pages"}],"about":[{"href":"https:\/\/helensjoholm.nu\/_eng\/wp-json\/wp\/v2\/types\/page"}],"author":[{"embeddable":true,"href":"https:\/\/helensjoholm.nu\/_eng\/wp-json\/wp\/v2\/users\/1"}],"replies":[{"embeddable":true,"href":"https:\/\/helensjoholm.nu\/_eng\/wp-json\/wp\/v2\/comments?post=1050"}],"version-history":[{"count":0,"href":"https:\/\/helensjoholm.nu\/_eng\/wp-json\/wp\/v2\/pages\/1050\/revisions"}],"up":[{"embeddable":true,"href":"https:\/\/helensjoholm.nu\/_eng\/wp-json\/wp\/v2\/pages\/946"}],"wp:attachment":[{"href":"https:\/\/helensjoholm.nu\/_eng\/wp-json\/wp\/v2\/media?parent=1050"}],"curies":[{"name":"wp","href":"https:\/\/api.w.org\/{rel}","templated":true}]}}