{"id":10335,"date":"2020-10-30T19:41:06","date_gmt":"2020-10-30T17:41:06","guid":{"rendered":"http:\/\/helensjoholm.nu\/_eng\/?page_id=10335"},"modified":"2021-12-23T08:13:39","modified_gmt":"2021-12-23T06:13:39","slug":"vi-drommer-om-nagot-riktigt","status":"publish","type":"page","link":"https:\/\/helensjoholm.nu\/_eng\/albums-2016-2020\/album-en-ny-tid\/vi-drommer-om-nagot-riktigt\/","title":{"rendered":"Vi dr\u00f6mmer om n\u00e5got riktigt"},"content":{"rendered":"<p><strong>Music:&nbsp;<\/strong>Jonatan J\u00e4rpehag and Paulina Palmgren<strong><br \/>\nLyrics:&nbsp;<\/strong>Paulina Palmgren<\/p>\n<p>Tomma gator och torg som gapat och slukat<br \/>\nallt som sett ut som n\u00e5gonting bra<br \/>\nSkutan leder oss utan rep, helt loss<br \/>\nstuva \u00f6ver till oss s\u00e5 \u00e5ker vi l\u00e5ngt<\/p>\n<p>Skynda ut och skjut p\u00e5<br \/>\nn\u00e4r barnen \u00e4r sm\u00e5<br \/>\nMed \u00e5ren som g\u00e5r<br \/>\ns\u00e5 ska vi f\u00f6rst\u00e5<\/p>\n<p>Blunda med mig vi dr\u00f6mmer om n\u00e5got riktigt<br \/>\nBlunda med mig vi dr\u00f6mmer om n\u00e5got riktigt<br \/>\nviktigt<\/p>\n<p>Ja, vi sveper med, vinden tar oss med<br \/>\nKrig och lycka, jag allt det sveper oss med<br \/>\nFinn en lycka och \u00f6ppna upp den<br \/>\nSluta aldrig f\u00f6rr\u00b4ns det har blivit f\u00f6r sent<\/p>\n<p>Skynda ut och skjut p\u00e5<br \/>\nn\u00e4r barnen \u00e4r sm\u00e5<br \/>\nMed \u00e5ren som g\u00e5r<br \/>\ns\u00e5 ska vi f\u00f6rst\u00e5<\/p>\n<p>Blunda med mig vi dr\u00f6mmer om n\u00e5got riktigt<br \/>\nBlunda med mig vi dr\u00f6mmer om n\u00e5got riktigt<br \/>\nviktigt<\/p>\n<p><em>\u00a9 2020 Universal Music AB<\/em><\/p>\n<p><a href=\"https:\/\/helensjoholm.nu\/_eng\/albums-2016-2020\/album-en-ny-tid\/\">Back<\/a><\/p>\n","protected":false},"excerpt":{"rendered":"<p>Music:&nbsp;Jonatan J\u00e4rpehag and Paulina Palmgren Lyrics:&nbsp;Paulina Palmgren Tomma gator och torg som gapat och slukat allt som sett ut som n\u00e5gonting bra Skutan leder oss <a class=\"more-link\" href=\"https:\/\/helensjoholm.nu\/_eng\/albums-2016-2020\/album-en-ny-tid\/vi-drommer-om-nagot-riktigt\/\">Read More &#8230;<\/a><\/p>\n","protected":false},"author":1,"featured_media":0,"parent":10227,"menu_order":0,"comment_status":"closed","ping_status":"closed","template":"","meta":{"ngg_post_thumbnail":0,"footnotes":""},"class_list":["post-10335","page","type-page","status-publish","hentry"],"aioseo_notices":[],"_links":{"self":[{"href":"https:\/\/helensjoholm.nu\/_eng\/wp-json\/wp\/v2\/pages\/10335","targetHints":{"allow":["GET"]}}],"collection":[{"href":"https:\/\/helensjoholm.nu\/_eng\/wp-json\/wp\/v2\/pages"}],"about":[{"href":"https:\/\/helensjoholm.nu\/_eng\/wp-json\/wp\/v2\/types\/page"}],"author":[{"embeddable":true,"href":"https:\/\/helensjoholm.nu\/_eng\/wp-json\/wp\/v2\/users\/1"}],"replies":[{"embeddable":true,"href":"https:\/\/helensjoholm.nu\/_eng\/wp-json\/wp\/v2\/comments?post=10335"}],"version-history":[{"count":0,"href":"https:\/\/helensjoholm.nu\/_eng\/wp-json\/wp\/v2\/pages\/10335\/revisions"}],"up":[{"embeddable":true,"href":"https:\/\/helensjoholm.nu\/_eng\/wp-json\/wp\/v2\/pages\/10227"}],"wp:attachment":[{"href":"https:\/\/helensjoholm.nu\/_eng\/wp-json\/wp\/v2\/media?parent=10335"}],"curies":[{"name":"wp","href":"https:\/\/api.w.org\/{rel}","templated":true}]}}