{"id":10331,"date":"2020-10-30T19:18:05","date_gmt":"2020-10-30T17:18:05","guid":{"rendered":"http:\/\/helensjoholm.nu\/_eng\/?page_id=10331"},"modified":"2021-12-23T08:11:39","modified_gmt":"2021-12-23T06:11:39","slug":"i-botten-av-det-du-ser","status":"publish","type":"page","link":"https:\/\/helensjoholm.nu\/_eng\/albums-2016-2020\/album-en-ny-tid\/i-botten-av-det-du-ser\/","title":{"rendered":"I botten av det du ser"},"content":{"rendered":"<p><strong>Music:<\/strong> Jonatan J\u00e4rpehag and Paulina Palmgren<br \/>\n<strong>Lyrics:&nbsp;<\/strong>Paulina Palmgren<\/p>\n<p>Genom en \u00f6ppning<br \/>\nvirvlade v\u00e5ren<br \/>\nI samma stund blev det m\u00f6jligt<br \/>\natt f\u00e5 komma hem igen<br \/>\nInnan en gryning<br \/>\nvinner en f\u00f6rlorare<br \/>\nP\u00e5 samma s\u00e4tt \u00e4r det m\u00f6jligt<br \/>\natt f\u00e5 vakna upp igen<\/p>\n<p>Allt det d\u00e4r<br \/>\n\u00e4r<br \/>\ninom dig<br \/>\ni botten av det som sker<br \/>\nVilar allt<br \/>\nd\u00e4r<br \/>\nframf\u00f6r dig<br \/>\nI botten av det vi ser<\/p>\n<p>Som n\u00e4r ett barn f\u00f6ds<br \/>\noch ser dig i \u00f6gonen<br \/>\nP\u00e5 samma s\u00e4tt \u00e4r det s\u00e4kert<br \/>\natt du kan b\u00f6rja om igen<\/p>\n<p>Allt det d\u00e4r<br \/>\n\u00e4r<br \/>\ninom dig<br \/>\ni botten av det som sker<br \/>\nVilar allt<br \/>\nd\u00e4r<br \/>\nframf\u00f6r dig<br \/>\nI botten av det vi ser<\/p>\n<p><em>\u00a9 2020 Universal Music AB<\/em><\/p>\n<p><a href=\"https:\/\/helensjoholm.nu\/_eng\/albums-2016-2020\/album-en-ny-tid\/\">Back<\/a><\/p>\n","protected":false},"excerpt":{"rendered":"<p>Music: Jonatan J\u00e4rpehag and Paulina Palmgren Lyrics:&nbsp;Paulina Palmgren Genom en \u00f6ppning virvlade v\u00e5ren I samma stund blev det m\u00f6jligt att f\u00e5 komma hem igen Innan <a class=\"more-link\" href=\"https:\/\/helensjoholm.nu\/_eng\/albums-2016-2020\/album-en-ny-tid\/i-botten-av-det-du-ser\/\">Read More &#8230;<\/a><\/p>\n","protected":false},"author":1,"featured_media":0,"parent":10227,"menu_order":0,"comment_status":"closed","ping_status":"closed","template":"","meta":{"ngg_post_thumbnail":0,"footnotes":""},"class_list":["post-10331","page","type-page","status-publish","hentry"],"aioseo_notices":[],"_links":{"self":[{"href":"https:\/\/helensjoholm.nu\/_eng\/wp-json\/wp\/v2\/pages\/10331","targetHints":{"allow":["GET"]}}],"collection":[{"href":"https:\/\/helensjoholm.nu\/_eng\/wp-json\/wp\/v2\/pages"}],"about":[{"href":"https:\/\/helensjoholm.nu\/_eng\/wp-json\/wp\/v2\/types\/page"}],"author":[{"embeddable":true,"href":"https:\/\/helensjoholm.nu\/_eng\/wp-json\/wp\/v2\/users\/1"}],"replies":[{"embeddable":true,"href":"https:\/\/helensjoholm.nu\/_eng\/wp-json\/wp\/v2\/comments?post=10331"}],"version-history":[{"count":0,"href":"https:\/\/helensjoholm.nu\/_eng\/wp-json\/wp\/v2\/pages\/10331\/revisions"}],"up":[{"embeddable":true,"href":"https:\/\/helensjoholm.nu\/_eng\/wp-json\/wp\/v2\/pages\/10227"}],"wp:attachment":[{"href":"https:\/\/helensjoholm.nu\/_eng\/wp-json\/wp\/v2\/media?parent=10331"}],"curies":[{"name":"wp","href":"https:\/\/api.w.org\/{rel}","templated":true}]}}