{"id":10329,"date":"2020-10-30T19:11:18","date_gmt":"2020-10-30T17:11:18","guid":{"rendered":"http:\/\/helensjoholm.nu\/_eng\/?page_id=10329"},"modified":"2021-12-23T08:19:16","modified_gmt":"2021-12-23T06:19:16","slug":"lyrics-en-ny-tid","status":"publish","type":"page","link":"https:\/\/helensjoholm.nu\/_eng\/albums-2016-2020\/album-en-ny-tid\/lyrics-en-ny-tid\/","title":{"rendered":"En ny tid"},"content":{"rendered":"<p><strong>Music &amp; lyrics:&nbsp;<\/strong>Paulina Palmgren<\/p>\n<p>I min gamla stad<br \/>\nfinns jag kvar<br \/>\nDen andra halvan av ett litet barn<br \/>\nD\u00e4r dr\u00f6mde jag<br \/>\nD\u00e4r slog jag rot<br \/>\nMed tusen fr\u00e5gor<br \/>\noch med ett mod<\/p>\n<p>\u00c5h, jag \u00e5ker hem igen<br \/>\nDen plats d\u00e4r jag f\u00f6ddes ska f\u00f6lja mig \u00e4nda till graven<br \/>\nOm du trodde jag gl\u00f6mde dig<br \/>\nDu var den f\u00f6rste och nu \u00e4r vi h\u00e4r<br \/>\ni det som kallas f\u00f6r<br \/>\nen ny tid<\/p>\n<p>Jag g\u00e5r genom stan<br \/>\nmed ett regn som sk\u00e4r<br \/>\noch det landar h\u00e4r p\u00e5 min kind<br \/>\n\u00c4r det det jag h\u00f6r<br \/>\ni en gammal s\u00e5ng<br \/>\nSer p\u00e5 allt som f\u00f6ll f\u00f6r en ny tid<\/p>\n<p>Om jag kunde v\u00e4nja mig<br \/>\nDen plats d\u00e4r jag f\u00f6ddes ska f\u00f6lja mig \u00e4nda till graven<br \/>\n\u00c5h, du trodde jag gl\u00f6mde dig<br \/>\nDu var den f\u00f6rste och nu \u00e4r vi h\u00e4r<br \/>\ni det som kallas f\u00f6r<br \/>\nen ny tid<\/p>\n<p>I min gamla stad<br \/>\np\u00e5 en perrong<br \/>\nsitter jag p\u00e5 ett morgont\u00e5g<br \/>\nJag v\u00e4nder mig om<br \/>\nI ultrarapid<br \/>\nser jag det som var<br \/>\ndet \u00e4r mitt liv<\/p>\n<p>\u00c5h, jag kommer tillbaks igen<br \/>\nDen plats d\u00e4r jag f\u00f6ddes ska f\u00f6lja mig \u00e4nda till graven<br \/>\nOm du trodde jag gl\u00f6mde dig<br \/>\nDu var den f\u00f6rste och nu \u00e4r vi h\u00e4r<br \/>\ni det som kallas f\u00f6r<br \/>\nen ny tid<\/p>\n<p><em>\u00a9 2020 Universal Music AB<\/em><\/p>\n<p><a href=\"https:\/\/helensjoholm.nu\/_eng\/albums-2016-2020\/album-en-ny-tid\/\">Back<\/a><\/p>\n","protected":false},"excerpt":{"rendered":"<p>Music &amp; lyrics:&nbsp;Paulina Palmgren I min gamla stad finns jag kvar Den andra halvan av ett litet barn D\u00e4r dr\u00f6mde jag D\u00e4r slog jag rot <a class=\"more-link\" href=\"https:\/\/helensjoholm.nu\/_eng\/albums-2016-2020\/album-en-ny-tid\/lyrics-en-ny-tid\/\">Read More &#8230;<\/a><\/p>\n","protected":false},"author":1,"featured_media":0,"parent":10227,"menu_order":0,"comment_status":"closed","ping_status":"closed","template":"","meta":{"ngg_post_thumbnail":0,"footnotes":""},"class_list":["post-10329","page","type-page","status-publish","hentry"],"aioseo_notices":[],"_links":{"self":[{"href":"https:\/\/helensjoholm.nu\/_eng\/wp-json\/wp\/v2\/pages\/10329","targetHints":{"allow":["GET"]}}],"collection":[{"href":"https:\/\/helensjoholm.nu\/_eng\/wp-json\/wp\/v2\/pages"}],"about":[{"href":"https:\/\/helensjoholm.nu\/_eng\/wp-json\/wp\/v2\/types\/page"}],"author":[{"embeddable":true,"href":"https:\/\/helensjoholm.nu\/_eng\/wp-json\/wp\/v2\/users\/1"}],"replies":[{"embeddable":true,"href":"https:\/\/helensjoholm.nu\/_eng\/wp-json\/wp\/v2\/comments?post=10329"}],"version-history":[{"count":0,"href":"https:\/\/helensjoholm.nu\/_eng\/wp-json\/wp\/v2\/pages\/10329\/revisions"}],"up":[{"embeddable":true,"href":"https:\/\/helensjoholm.nu\/_eng\/wp-json\/wp\/v2\/pages\/10227"}],"wp:attachment":[{"href":"https:\/\/helensjoholm.nu\/_eng\/wp-json\/wp\/v2\/media?parent=10329"}],"curies":[{"name":"wp","href":"https:\/\/api.w.org\/{rel}","templated":true}]}}