{"id":10324,"date":"2020-10-30T18:57:33","date_gmt":"2020-10-30T16:57:33","guid":{"rendered":"http:\/\/helensjoholm.nu\/_eng\/?page_id=10324"},"modified":"2021-12-23T08:05:11","modified_gmt":"2021-12-23T06:05:11","slug":"i-morse-nar-du-gick","status":"publish","type":"page","link":"https:\/\/helensjoholm.nu\/_eng\/albums-2016-2020\/album-en-ny-tid\/i-morse-nar-du-gick\/","title":{"rendered":"I morse n\u00e4r du gick"},"content":{"rendered":"<p><strong>Music &amp; lyrics:&nbsp;<\/strong>Andreas Mattsson<\/p>\n<p>Kv\u00e4llen n\u00e4r du kom till mig<br \/>\nvar det s\u00e5 tomt p\u00e5 alla gator<br \/>\nMitt i juli<br \/>\nbara du och jag i stan<br \/>\nOch jag v\u00e4ntade p\u00e5 dig<br \/>\nJag hade \u00f6ppnat alla f\u00f6nster<br \/>\nsl\u00e4ppt in sommaren<br \/>\noch allt var rent och klart<\/p>\n<p>Och s\u00e5 st\u00e5r du d\u00e4r i d\u00f6rren<br \/>\noch jag visste d\u00e5<br \/>\natt det var dit jag ville n\u00e5<br \/>\nV\u00e4rlden blev s\u00e5 mycket st\u00f6rre<br \/>\nJag var d\u00e4r igen ett \u00f6gonblick<br \/>\nI morse n\u00e4r du gick<\/p>\n<p>Dagarna vi dr\u00f6mde fram<br \/>\nunder en \u00e4ndl\u00f6s sommarhimmel<br \/>\nallt var enkelt<br \/>\njag minns inte att vi sov<br \/>\nN\u00e4r l\u00e4genheten blev f\u00f6r varm<br \/>\ncykla vi sakta ner till viken<br \/>\nsolen brann<br \/>\noch allt vi ville ha var v\u00e5rt<\/p>\n<p>Och s\u00e5 l\u00e5g vi d\u00e4r vid vattnet<br \/>\noch jag visste d\u00e5<br \/>\natt det var dit jag ville n\u00e5<br \/>\nJag h\u00f6ll om dig hela natten<br \/>\nJag var d\u00e4r igen ett \u00f6gonblick<br \/>\nI morse n\u00e4r du gick<\/p>\n<p>D\u00e4rute sv\u00e4nger lamporna i vinden<br \/>\nIkv\u00e4ll g\u00e5r jag omkring med mina minnen<br \/>\nde ska inte f\u00f6rsvinna<\/p>\n<p>Det finns ingenting jag \u00e5ngrar<br \/>\nJag var ju s\u00e4ker p\u00e5<br \/>\natt det var dit jag ville n\u00e5<br \/>\nJag var s\u00e5 lycklig m\u00e5nga g\u00e5nger<br \/>\nJag var d\u00e4r igen ett \u00f6gonblick<br \/>\nI morse n\u00e4r du gick<\/p>\n<p><em>\u00a9 2020 Universal Music AB<\/em><\/p>\n<p><a href=\"https:\/\/helensjoholm.nu\/_eng\/albums-2016-2020\/album-en-ny-tid\/\">Back<\/a><\/p>\n","protected":false},"excerpt":{"rendered":"<p>Music &amp; lyrics:&nbsp;Andreas Mattsson Kv\u00e4llen n\u00e4r du kom till mig var det s\u00e5 tomt p\u00e5 alla gator Mitt i juli bara du och jag i <a class=\"more-link\" href=\"https:\/\/helensjoholm.nu\/_eng\/albums-2016-2020\/album-en-ny-tid\/i-morse-nar-du-gick\/\">Read More &#8230;<\/a><\/p>\n","protected":false},"author":1,"featured_media":0,"parent":10227,"menu_order":0,"comment_status":"closed","ping_status":"closed","template":"","meta":{"ngg_post_thumbnail":0,"footnotes":""},"class_list":["post-10324","page","type-page","status-publish","hentry"],"aioseo_notices":[],"_links":{"self":[{"href":"https:\/\/helensjoholm.nu\/_eng\/wp-json\/wp\/v2\/pages\/10324","targetHints":{"allow":["GET"]}}],"collection":[{"href":"https:\/\/helensjoholm.nu\/_eng\/wp-json\/wp\/v2\/pages"}],"about":[{"href":"https:\/\/helensjoholm.nu\/_eng\/wp-json\/wp\/v2\/types\/page"}],"author":[{"embeddable":true,"href":"https:\/\/helensjoholm.nu\/_eng\/wp-json\/wp\/v2\/users\/1"}],"replies":[{"embeddable":true,"href":"https:\/\/helensjoholm.nu\/_eng\/wp-json\/wp\/v2\/comments?post=10324"}],"version-history":[{"count":0,"href":"https:\/\/helensjoholm.nu\/_eng\/wp-json\/wp\/v2\/pages\/10324\/revisions"}],"up":[{"embeddable":true,"href":"https:\/\/helensjoholm.nu\/_eng\/wp-json\/wp\/v2\/pages\/10227"}],"wp:attachment":[{"href":"https:\/\/helensjoholm.nu\/_eng\/wp-json\/wp\/v2\/media?parent=10324"}],"curies":[{"name":"wp","href":"https:\/\/api.w.org\/{rel}","templated":true}]}}