{"id":10321,"date":"2020-10-30T18:55:51","date_gmt":"2020-10-30T16:55:51","guid":{"rendered":"http:\/\/helensjoholm.nu\/_eng\/?page_id=10321"},"modified":"2021-12-23T08:02:03","modified_gmt":"2021-12-23T06:02:03","slug":"kommer-du-ihag","status":"publish","type":"page","link":"https:\/\/helensjoholm.nu\/_eng\/albums-2016-2020\/album-en-ny-tid\/kommer-du-ihag\/","title":{"rendered":"Kommer du ih\u00e5g"},"content":{"rendered":"<p><em>With Ola Salo<\/em><\/p>\n<p><strong>Music &amp; lyrics:&nbsp;<\/strong>Anna Ternheim<\/p>\n<p>Kommer du ih\u00e5g<br \/>\nMin v\u00e4n s\u00f6k i ditt minne<br \/>\nDu var den som sa<br \/>\nvi kan f\u00f6r\u00e4ndra allt<br \/>\nfr\u00e5n en sekund till en annan<br \/>\nKommer du ih\u00e5g<br \/>\nVi svor i blod att va sanna<br \/>\nDu skulle f\u00e5nga mig<br \/>\nJag skulle f\u00e5nga dig<br \/>\nom allt skulle falla<\/p>\n<p>Kommer du ih\u00e5g<br \/>\nVi kan b\u00f6rja om<br \/>\nIngen dr\u00f6m \u00e4r f\u00f6rlorad<br \/>\nDet \u00e4r aldrig f\u00f6r sent<br \/>\nV\u00e4nd blicken fr\u00e5n marken<br \/>\nden asfaltsgr\u00e5<br \/>\nStaden som aldrig f\u00f6rstod dig \u00e4nd\u00e5<br \/>\nVi gjorde allt f\u00f6r att stanna<br \/>\nIbland m\u00e5ste man g\u00e5<\/p>\n<p>Kommer du ih\u00e5g<br \/>\nDu skulle se hela v\u00e4rlden<br \/>\nFanns inga gr\u00e4nser som kunde hindra dig<br \/>\nM\u00e5la bilder med ord<br \/>\nSprida revolution<br \/>\nAldrig vika \u00e5t sidan<br \/>\nDu ville v\u00e4nta en sommar<br \/>\nDet var 20 \u00e5r sen nu min v\u00e4n<br \/>\nStora ord blev din drog<br \/>\noch vanan ett gift<br \/>\nsakta domnar vi bort<\/p>\n<p>Kommer du ih\u00e5g<br \/>\nVi kan b\u00f6rja om<br \/>\nIngen dr\u00f6m \u00e4r f\u00f6rlorad<br \/>\nDet \u00e4r aldrig f\u00f6r sent<br \/>\nV\u00e4nd blicken fr\u00e5n marken<br \/>\nden asfaltsgr\u00e5<br \/>\nStaden som aldrig f\u00f6rstod dig \u00e4nd\u00e5<br \/>\nVi gjorde allt f\u00f6r att stanna<br \/>\nIbland m\u00e5ste man g\u00e5<\/p>\n<p>Kommer du ih\u00e5g<br \/>\nVi kan b\u00f6rja om<br \/>\nIngen dr\u00f6m \u00e4r f\u00f6rlorad<br \/>\nDet \u00e4r aldrig f\u00f6r sent<br \/>\nHimlen \u00e4r m\u00f6rk innan den fattar eld<br \/>\nEn del av oss d\u00f6r s\u00e5 vi kan andas igen<br \/>\nOch k\u00e4nna hur v\u00e5ldsamt<br \/>\nett hj\u00e4rta kan sl\u00e5<br \/>\nDet \u00e4r aldrig f\u00f6r sent<\/p>\n<p><em>\u00a9 2020 Universal Music AB<\/em><\/p>\n<p><a href=\"https:\/\/helensjoholm.nu\/_eng\/albums-2016-2020\/album-en-ny-tid\/\">Back<\/a><\/p>\n","protected":false},"excerpt":{"rendered":"<p>With Ola Salo Music &amp; lyrics:&nbsp;Anna Ternheim Kommer du ih\u00e5g Min v\u00e4n s\u00f6k i ditt minne Du var den som sa vi kan f\u00f6r\u00e4ndra allt <a class=\"more-link\" href=\"https:\/\/helensjoholm.nu\/_eng\/albums-2016-2020\/album-en-ny-tid\/kommer-du-ihag\/\">Read More &#8230;<\/a><\/p>\n","protected":false},"author":1,"featured_media":0,"parent":10227,"menu_order":0,"comment_status":"closed","ping_status":"closed","template":"","meta":{"ngg_post_thumbnail":0,"footnotes":""},"class_list":["post-10321","page","type-page","status-publish","hentry"],"aioseo_notices":[],"_links":{"self":[{"href":"https:\/\/helensjoholm.nu\/_eng\/wp-json\/wp\/v2\/pages\/10321","targetHints":{"allow":["GET"]}}],"collection":[{"href":"https:\/\/helensjoholm.nu\/_eng\/wp-json\/wp\/v2\/pages"}],"about":[{"href":"https:\/\/helensjoholm.nu\/_eng\/wp-json\/wp\/v2\/types\/page"}],"author":[{"embeddable":true,"href":"https:\/\/helensjoholm.nu\/_eng\/wp-json\/wp\/v2\/users\/1"}],"replies":[{"embeddable":true,"href":"https:\/\/helensjoholm.nu\/_eng\/wp-json\/wp\/v2\/comments?post=10321"}],"version-history":[{"count":0,"href":"https:\/\/helensjoholm.nu\/_eng\/wp-json\/wp\/v2\/pages\/10321\/revisions"}],"up":[{"embeddable":true,"href":"https:\/\/helensjoholm.nu\/_eng\/wp-json\/wp\/v2\/pages\/10227"}],"wp:attachment":[{"href":"https:\/\/helensjoholm.nu\/_eng\/wp-json\/wp\/v2\/media?parent=10321"}],"curies":[{"name":"wp","href":"https:\/\/api.w.org\/{rel}","templated":true}]}}