{"id":10316,"date":"2020-10-30T18:52:14","date_gmt":"2020-10-30T16:52:14","guid":{"rendered":"http:\/\/helensjoholm.nu\/_eng\/?page_id=10316"},"modified":"2021-12-23T08:00:04","modified_gmt":"2021-12-23T06:00:04","slug":"jag-ar-elden","status":"publish","type":"page","link":"https:\/\/helensjoholm.nu\/_eng\/albums-2016-2020\/album-en-ny-tid\/jag-ar-elden\/","title":{"rendered":"Jag \u00e4r elden"},"content":{"rendered":"<p><strong>Music &amp; lyrics:&nbsp;<\/strong>Jonatan J\u00e4rpehag and Paulina Palmgren<\/p>\n<p>Du som \u00e4r b\u00e4ttre \u00e4n jag<br \/>\nSom g\u00e5r \u00f6ver s\u00e4krare mark<br \/>\nDu som \u00e4r b\u00e4ttre \u00e4n jag<br \/>\nSom r\u00e5r \u00f6ver sjunkande sand<\/p>\n<p>Vid ett stup st\u00e5r jag och tittar<br \/>\nOch d\u00e4r st\u00e5r du p\u00e5 hoppets klippa<\/p>\n<p>Jag \u00e4r elden<br \/>\nsom kan t\u00e4nda upp din skog<br \/>\nDu \u00e4r \u00e4lven<br \/>\nbryter upp min torra jord<\/p>\n<p>Du som \u00e4r b\u00e4ttre \u00e4n jag<br \/>\nSom g\u00f6r det med s\u00e4krare hand<br \/>\nOch leder mig ut i ett hav<br \/>\noch p\u00e5 v\u00e4g mot en os\u00e4ker hamn<\/p>\n<p>Som en fyr, en brinnande l\u00e5ga<br \/>\nD\u00e4r st\u00e5r du som f\u00e5r mig att v\u00e5ga<\/p>\n<p>Jag \u00e4r elden<br \/>\nsom kan t\u00e4nda upp en skog<br \/>\nDu \u00e4r \u00e4lven<br \/>\nbryter upp min torra jord<\/p>\n<p>Inget \u00e4r varmare, kom h\u00e4r<br \/>\nInget \u00e4r n\u00e4rmare, kom h\u00e4r<br \/>\nUnder hud<br \/>\nInget \u00e4r varmare, inget \u00e4r n\u00e4rmare<\/p>\n<p>Jag \u00e4r elden<br \/>\nsom kan t\u00e4nda upp din skog<br \/>\nDu \u00e4r \u00e4lven<br \/>\nbryter upp min torra jord<\/p>\n<p>Jag \u00e4r vinden<br \/>\nsom kan v\u00e4lta upp en rot<br \/>\nDu \u00e4r bergen<br \/>\nDu \u00e4r marken d\u00e4r jag bor<\/p>\n<p><em>\u00a9 2020 Universal Music AB<\/em><\/p>\n<p><a href=\"https:\/\/helensjoholm.nu\/_eng\/albums-2016-2020\/album-en-ny-tid\/\">Back<\/a><\/p>\n","protected":false},"excerpt":{"rendered":"<p>Music &amp; lyrics:&nbsp;Jonatan J\u00e4rpehag and Paulina Palmgren Du som \u00e4r b\u00e4ttre \u00e4n jag Som g\u00e5r \u00f6ver s\u00e4krare mark Du som \u00e4r b\u00e4ttre \u00e4n jag Som <a class=\"more-link\" href=\"https:\/\/helensjoholm.nu\/_eng\/albums-2016-2020\/album-en-ny-tid\/jag-ar-elden\/\">Read More &#8230;<\/a><\/p>\n","protected":false},"author":1,"featured_media":0,"parent":10227,"menu_order":0,"comment_status":"closed","ping_status":"closed","template":"","meta":{"ngg_post_thumbnail":0,"footnotes":""},"class_list":["post-10316","page","type-page","status-publish","hentry"],"aioseo_notices":[],"_links":{"self":[{"href":"https:\/\/helensjoholm.nu\/_eng\/wp-json\/wp\/v2\/pages\/10316","targetHints":{"allow":["GET"]}}],"collection":[{"href":"https:\/\/helensjoholm.nu\/_eng\/wp-json\/wp\/v2\/pages"}],"about":[{"href":"https:\/\/helensjoholm.nu\/_eng\/wp-json\/wp\/v2\/types\/page"}],"author":[{"embeddable":true,"href":"https:\/\/helensjoholm.nu\/_eng\/wp-json\/wp\/v2\/users\/1"}],"replies":[{"embeddable":true,"href":"https:\/\/helensjoholm.nu\/_eng\/wp-json\/wp\/v2\/comments?post=10316"}],"version-history":[{"count":0,"href":"https:\/\/helensjoholm.nu\/_eng\/wp-json\/wp\/v2\/pages\/10316\/revisions"}],"up":[{"embeddable":true,"href":"https:\/\/helensjoholm.nu\/_eng\/wp-json\/wp\/v2\/pages\/10227"}],"wp:attachment":[{"href":"https:\/\/helensjoholm.nu\/_eng\/wp-json\/wp\/v2\/media?parent=10316"}],"curies":[{"name":"wp","href":"https:\/\/api.w.org\/{rel}","templated":true}]}}